{"id":563,"date":"2016-05-16T08:59:14","date_gmt":"2016-05-16T07:59:14","guid":{"rendered":"http:\/\/vinci-construction-projets.com\/?page_id=563"},"modified":"2023-06-28T16:41:07","modified_gmt":"2023-06-28T14:41:07","slug":"mentions-legales","status":"publish","type":"page","link":"https:\/\/www.vinci-construction-projets.com\/fr\/mentions-legales\/","title":{"rendered":"Mentions l\u00e9gales"},"content":{"rendered":"<p class=\"p1\">Le site web <a href=\"http:\/\/www.vinci-construction-projets.com\" target=\"_blank\" rel=\"noopener\">www.vinci-construction-projets.com<\/a> est la propri\u00e9t\u00e9 de VINCI, Soci\u00e9t\u00e9 Anonyme au capital de 1 500 854 942,50 euros en date du 31\/05\/2019,\u00a0immatricul\u00e9e au Registre du Commerce et des Soci\u00e9t\u00e9s de Nanterre sous le num\u00e9ro 552 037 806 00585, dont le si\u00e8ge social est situ\u00e9 au :<\/p>\n<p class=\"p1\">1973, boulevard de la D\u00e9fense<br \/>\n92000 Nanterre cedex &#8211; France<br \/>\nT\u00e9l : +33 (0)1 57 98 83 00<\/p>\n<p class=\"p1\">Directeur de la Communication : Anne-Sophie Royer<br \/>\nResponsable de la publication :\u00a0Gabrielle Delaporte<\/p>\n<p class=\"p1\">Le pr\u00e9sent site a fait l&rsquo;objet d&rsquo;une d\u00e9claration \u00e0 la Commission Nationale de l&rsquo;Informatique et des Libert\u00e9s &#8211; CNIL, en application de la loi n\u00b02004-801 du 6 ao\u00fbt 2004 relative \u00e0 la protection des personnes physiques \u00e0 l\u2019\u00e9gard du traitement des donn\u00e9es \u00e0 caract\u00e8re personnel modifiant la loi n\u00b078-17 du 6 janvier 1978 relative \u00e0 l\u2019informatique, aux fichiers et aux libert\u00e9s, modifi\u00e9e, et est h\u00e9berg\u00e9 sur les serveurs de VINCI \u00e0 Nanterre. Le num\u00e9ro d\u2019enregistrement \u00e0 la CNIL est le 833209.<\/p>\n<p class=\"p1\">Le site <a href=\"http:\/\/www.vinci-construction-projects.com\" target=\"_blank\" rel=\"noopener\">www.vinci-construction-projets.com<\/a> est r\u00e9gi par le droit fran\u00e7ais ; les visiteurs ayant acc\u00e8s au site de l\u2019\u00e9tranger, doivent s&rsquo;assurer du respect des lois localement applicables.<\/p>\n<p class=\"p1\">Les mentions l\u00e9gales pouvant \u00eatre modifi\u00e9es \u00e0 tout moment et sans pr\u00e9avis, nous vous engageons \u00e0 les consulter r\u00e9guli\u00e8rement. Derni\u00e8re mise \u00e0 jour : ao\u00fbt 2018.<\/p>\n<h5 class=\"p1\">Donn\u00e9es personnelles<\/h5>\n<p>Les informations que nous recueillons sont exclusivement destin\u00e9es \u00e0 la direction de la communication VINCI Construction Grands Projets. Aucune donn\u00e9e personnelle vous concernant n\u2019est c\u00e9d\u00e9e \u00e0 des tiers.<br \/>\nCes donn\u00e9es personnelles nous permettent de r\u00e9pondre au mieux \u00e0 votre demande (contact presse, demande d\u2019information, sollicitation commerciale\/partenariat\u2026).<\/p>\n<p>Les visiteurs de ce site sont inform\u00e9s et autorisent que des informations (t\u00e9moins de connexion ou \u00ab\u00a0cookies\u00a0\u00bb) peuvent \u00eatre temporairement install\u00e9s dans leur ordinateur, tablette ou t\u00e9l\u00e9phone mobile, afin de faciliter la navigation sur le site, de leur adresser des services adapt\u00e9s \u00e0 leur terminal (ordinateur, mobile ou tablette), et de r\u00e9aliser des statistiques de visites. L\u2019utilisateur est libre de refuser ces cookies en configurant son navigateur via le site : <a href=\"https:\/\/www.cnil.fr\/\" target=\"_blank\" rel=\"noopener\">www.cnil.fr<\/a>.<\/p>\n<p>Toute information personnelle que vous serez amen\u00e9 \u00e0 transmettre au groupe VINCI est soumise aux dispositions de la loi n\u00b0 78-17 \u00ab\u00a0Informatique et Libert\u00e9s\u00a0\u00bb du 6 janvier 1978 relative \u00e0 l\u2019informatique, aux fichiers et aux libert\u00e9s, modifi\u00e9e.<br \/>\n\u00c0 ce titre, vous disposez d\u2019un droit d\u2019acc\u00e8s, de rectification et de suppression des informations personnelles vous concernant que vous pouvez exercer \u00e0 tout moment en \u00e9crivant par email \u00e0 : <a href=\"mailto:contact.vcgp@vinci-construction.com\">contact.vcgp@vinci-construction.com<\/a> ou par courrier : Contact DPO VINCI Construction Grands Projets, 1973, boulevard de la D\u00e9fense 92000 Nanterre cedex &#8211; France.<\/p>\n<h5 class=\"p1\">Propri\u00e9t\u00e9 intellectuelle<\/h5>\n<p class=\"p1\">Le groupe VINCI d\u00e9tient, se r\u00e9serve et conserve tous les droits de propri\u00e9t\u00e9, notamment intellectuelle, y compris les droit de reproduction sur le pr\u00e9sent site et les \u00e9l\u00e9ments qu\u2019il contient.<\/p>\n<p class=\"p1\">En cons\u00e9quence et notamment toute reproduction partielle ou totale du pr\u00e9sent site et des \u00e9l\u00e9ments qu\u2019il contient est strictement interdite sans autorisation \u00e9crite de VINCI.<\/p>\n<p class=\"p1\">Les marques, brevets, logos et tout autre signe distinctif contenus sur ce site sont la propri\u00e9t\u00e9 du groupe VINCI ou font l&rsquo;objet d&rsquo;une autorisation d&rsquo;utilisation. Aucun droit ou licence ne saurait \u00eatre attribu\u00e9 sur l&rsquo;un quelconque de ces \u00e9l\u00e9ments sans l&rsquo;autorisation \u00e9crite du groupe VINCI ou du tiers d\u00e9tenteur des droits.<\/p>\n<p class=\"p1\"><strong>Cr\u00e9dits photos : <\/strong>p<span style=\"line-height: 1.5;\">hototh\u00e8ques VINCI et filiales, J\u00e9r\u00f4me Cabanel, Thierry Duvivier, Cyrille Dupont, Laurent de Gebhardt\/Le studio 360, Trilogic, Francis Vigouroux, Laurent Wargon, Aerial Innovations, Pascal Le Doar\u00e9<br \/>\n<\/span><strong>Cr\u00e9dits vid\u00e9os :<\/strong> CAPA, Check-in Films, OnAir Production, Tulipes &amp; Cie, Kinepix<\/p>\n<h5 class=\"p1\">Exclusion de garantie et de responsabilit\u00e9<\/h5>\n<p class=\"p1\">L\u2019utilisateur du site web <a href=\"http:\/\/www.vinci-construction-projects.com\" target=\"_blank\" rel=\"noopener\">www.vinci-construction-projets.com<\/a> reconna\u00eet avoir pris connaissance des pr\u00e9sentes conditions d\u2019utilisation du site et s\u2019engage \u00e0 les respecter.<\/p>\n<p class=\"p1\">VINCI ne saurait \u00eatre tenu pour responsable des dommages directs ou indirects qui pourraient r\u00e9sulter de l\u2019acc\u00e8s au site ou de l\u2019utilisation du site et\/ou de ces informations, y compris l\u2019inaccessibilit\u00e9, les pertes de donn\u00e9es, d\u00e9t\u00e9riorations, destructions ou virus qui pourraient affecter l\u2019\u00e9quipement informatique de l\u2019utilisateur et\/ou de la pr\u00e9sence de virus sur son site.<\/p>\n<p class=\"p1\">Bien que VINCI s\u2019efforce de fournir un contenu fiable sur son site, il ne garantit pas que son contenu soit exempt d\u2019inexactitudes ou d\u2019omissions et ne saurait \u00eatre tenu pour responsable des erreurs ou omissions, d\u2019une absence de disponibilit\u00e9 des informations et des services. VINCI se r\u00e9serve \u00e0 tout moment et sans pr\u00e9avis le droit d\u2019apporter des am\u00e9liorations et\/ou des modifications au contenu de son site.<\/p>\n<p class=\"p1\">En cons\u00e9quence, l\u2019utilisateur reconna\u00eet se servir de ses informations sous sa responsabilit\u00e9 exclusive.<\/p>\n<h5 class=\"p1\">Liens vers d&rsquo;autres sites<\/h5>\n<p class=\"p1\">Le site peut inclure des liens vers d&rsquo;autres sites ou d&rsquo;autres sources Internet. Dans la mesure o\u00f9 VINCI ne peut contr\u00f4ler ces sites et ces sources externes, VINCI ne peut \u00eatre tenu pour responsable de la mise \u00e0 disposition de ces sites et sources externes, et d\u00e9cline ainsi toute responsabilit\u00e9 quant aux contenus, publicit\u00e9s, produits, services ou tout autre mat\u00e9riel disponible sur ou \u00e0 partir de ces sites ou sources externes. Ces liens sont propos\u00e9s aux utilisateurs du site VINCI en tant que service. La d\u00e9cision d\u2019activer les liens vous appartient exclusivement.<\/p>\n<p class=\"p1\">Nous vous rappelons que les sites non-affili\u00e9s sont soumis \u00e0 leurs propres conditions d&rsquo;utilisation.<\/p>\n<p class=\"p1\"><strong>Conception et d\u00e9veloppement :<\/strong> TequilaRapido<\/p>\n","protected":false},"excerpt":{"rendered":"<p>Le site web www.vinci-construction-projets.com est la propri\u00e9t\u00e9 de VINCI, Soci\u00e9t\u00e9 Anonyme au capital de 1 500 854 942,50 euros en date du 31\/05\/2019,\u00a0immatricul\u00e9e au Registre du Commerce et des Soci\u00e9t\u00e9s de Nanterre sous le num\u00e9ro 552 037 806 00585, dont le si\u00e8ge social est situ\u00e9 au : 1973, boulevard de la D\u00e9fense 92000 Nanterre cedex [&hellip;]<\/p>\n","protected":false},"author":17,"featured_media":0,"parent":0,"menu_order":0,"comment_status":"closed","ping_status":"closed","template":"","meta":{"_acf_changed":false,"footnotes":""},"class_list":["post-563","page","type-page","status-publish","hentry"],"acf":[],"_links":{"self":[{"href":"https:\/\/www.vinci-construction-projets.com\/fr\/wp-json\/wp\/v2\/pages\/563","targetHints":{"allow":["GET"]}}],"collection":[{"href":"https:\/\/www.vinci-construction-projets.com\/fr\/wp-json\/wp\/v2\/pages"}],"about":[{"href":"https:\/\/www.vinci-construction-projets.com\/fr\/wp-json\/wp\/v2\/types\/page"}],"author":[{"embeddable":true,"href":"https:\/\/www.vinci-construction-projets.com\/fr\/wp-json\/wp\/v2\/users\/17"}],"replies":[{"embeddable":true,"href":"https:\/\/www.vinci-construction-projets.com\/fr\/wp-json\/wp\/v2\/comments?post=563"}],"version-history":[{"count":24,"href":"https:\/\/www.vinci-construction-projets.com\/fr\/wp-json\/wp\/v2\/pages\/563\/revisions"}],"predecessor-version":[{"id":19526,"href":"https:\/\/www.vinci-construction-projets.com\/fr\/wp-json\/wp\/v2\/pages\/563\/revisions\/19526"}],"wp:attachment":[{"href":"https:\/\/www.vinci-construction-projets.com\/fr\/wp-json\/wp\/v2\/media?parent=563"}],"curies":[{"name":"wp","href":"https:\/\/api.w.org\/{rel}","templated":true}]}}