{"id":564,"date":"2016-05-16T08:59:19","date_gmt":"2016-05-16T07:59:19","guid":{"rendered":"http:\/\/vinci-construction-projets.com\/?page_id=564"},"modified":"2024-07-26T10:40:38","modified_gmt":"2024-07-26T08:40:38","slug":"accessibilite","status":"publish","type":"page","link":"https:\/\/www.vinci-construction-projets.com\/fr\/accessibilite\/","title":{"rendered":"Accessibilit\u00e9"},"content":{"rendered":"<p>VINCI Construction Grands Projets s\u2019engage \u00e0 rendre son site internet accessible conform\u00e9ment \u00e0 l\u2019article 47 de la loi n\u00b0 2005-102 du 11 f\u00e9vrier 2005.<\/p>\n<p>A cette fin, il met en \u0153uvre la strat\u00e9gie et les actions, d\u00e9taill\u00e9es dans son sch\u00e9ma pluriannuel en cours de r\u00e9daction.<\/p>\n<p>Cette d\u00e9claration d\u2019accessibilit\u00e9 s\u2019applique au <a href=\"https:\/\/www.vinci-construction-projets.com\/fr\/\">VINCI Construction Grands Projets<\/a>.<\/p>\n<p>&nbsp;<\/p>\n<h2>\u00c9TAT DE CONFORMIT\u00c9<\/h2>\n<p>Le site VINCI Construction Grands Projets est en conformit\u00e9 partielle avec le RGAA 4.1 de niveau Double-A (AA) en raison des non-conformit\u00e9s et des d\u00e9rogations \u00e9num\u00e9r\u00e9es ci-dessous.<\/p>\n<p>&nbsp;<\/p>\n<h2>R\u00c9SULTATS DES TESTS<\/h2>\n<p>L\u2019audit de conformit\u00e9 r\u00e9alis\u00e9 par la soci\u00e9t\u00e9 <a href=\"https:\/\/www.ipedis.com\/\" target=\"_blank\" rel=\"noopener\">Ipedis<\/a> r\u00e9v\u00e8le que le taux de conformit\u00e9 est de 52,83% :<\/p>\n<ul>\n<li>28 crit\u00e8res sont respect\u00e9s<\/li>\n<li>25 crit\u00e8res ne sont pas respect\u00e9s<\/li>\n<li>53 crit\u00e8res ne sont pas applicables<\/li>\n<\/ul>\n<p>&nbsp;<\/p>\n<h2>CONTENUS NON ACCESSIBLES<\/h2>\n<p>Les contenus list\u00e9s ci-dessous ne sont pas accessibles pour les raisons suivantes.<\/p>\n<h3>Non-conformit\u00e9<\/h3>\n<p>Plusieurs \u00e9l\u00e9ments de non-conformit\u00e9 sont d\u00e9crits dans ce document, dont certains r\u00e9currents sur plusieurs pages :<\/p>\n<ul>\n<li>Certaines images d\u00e9coratives ne sont pas ignor\u00e9es par un lecteur d&rsquo;\u00e9cran.<\/li>\n<li>Certaines alternatives textuelles d&rsquo;images informatives ne sont pas pertinentes.<\/li>\n<li>Certaines cadres (frame. iframe) n&rsquo;ont pas de titre.<\/li>\n<li>Certains textes offrent des contrastes insuffisants avec leur fond.<\/li>\n<li>Certains composants ou \u00e9l\u00e9ments graphiques offrent des contrastes insuffisants avec leur fond.<\/li>\n<li>L&rsquo;intitul\u00e9 de certains liens et leur contexte ne permettent pas d&rsquo;en comprendre la fonction ou la destination.<\/li>\n<li>Certains scripts ne sont pas compatibles avec le lecteur d&rsquo;\u00e9cran.<\/li>\n<li>Certains changements de contexte ne sont pas annonc\u00e9s ou contr\u00f4lables par l&rsquo;utilisateur.<\/li>\n<li>Certains messages de statuts ne sont pas correctement restitu\u00e9s au lecteur d&rsquo;\u00e9cran.<\/li>\n<li>Certaines pages ont un code source non valide : r\u00e8gle d\u2019\u00e9criture. ouverture. fermeture et imbrication des \u00e9l\u00e9ments. unicit\u00e9 des attributs id.<\/li>\n<li>Certaines balises HTML sont utilis\u00e9es uniquement \u00e0 des fins de pr\u00e9sentation visuelle.<\/li>\n<li>Dans certaines pages. l&rsquo;information n&rsquo;est pas structur\u00e9e de mani\u00e8re appropri\u00e9e par des titres (\u00e9l\u00e9ment h1. h2. etc.).<\/li>\n<li>Certaines citations ne sont pas balis\u00e9es comme telles.<\/li>\n<li>Certaines informations disparaissent en d\u00e9sactivant le CSS.<\/li>\n<li>Certaines informations deviennent incompr\u00e9hensibles en d\u00e9sactivant le CSS.<\/li>\n<li>Certains liens non \u00e9vidents ne sont pas mis en \u00e9vidence par une couleur contrast\u00e9e et une modification d&rsquo;affichage au focus du clavier ou au d\u00e9placement de la souris.<\/li>\n<li>Certaines informations sont donn\u00e9es uniquement par la forme. la taille ou la position.<\/li>\n<li>Une partie du contenu est masqu\u00e9e lorsque la largeur de l&rsquo;\u00e9cran est de 320\u00a0px.<\/li>\n<li>Certains contenus additionnels apparaissant via CSS uniquement ne sont pas rendus visibles \u00e0 la navigation au clavier.<\/li>\n<li>Certains champs de formulaire ne contr\u00f4lent pas correctement la saisie.<\/li>\n<li>Certains champs de formulaire ne proposent pas de suggestion de correction d&rsquo;erreur de saisie.<\/li>\n<li>Certains champs de formulaire ne facilitent pas le remplissage automatique.<\/li>\n<li>Dans certaines pages. l&rsquo;ordre de tabulation n&rsquo;est pas coh\u00e9rent<\/li>\n<li>Certaines pages contiennent un pi\u00e8ge au clavier.<\/li>\n<li>Certains documents bureautiques ne sont pas accessibles et n&rsquo;ont pas d&rsquo;alternative.<\/li>\n<\/ul>\n<h3>D\u00e9rogations pour charge disproportionn\u00e9e<\/h3>\n<p>Pas de d\u00e9rogation identifi\u00e9e<\/p>\n<p>&nbsp;<\/p>\n<h2>\u00c9TABLISSEMENT DE CETTE D\u00c9CLARATION D\u2019ACCESSIBILIT\u00c9<\/h2>\n<p>Cette d\u00e9claration a \u00e9t\u00e9 \u00e9tablie le 07\/12\/2023 et a \u00e9t\u00e9 mise \u00e0 jour le 15\/07\/2024<\/p>\n<p>Technologies utilis\u00e9es pour la r\u00e9alisation du site web :<\/p>\n<ul>\n<li>HTML5<\/li>\n<li>CSS<\/li>\n<li>JavaScript<\/li>\n<\/ul>\n<p>Les tests des pages web ont \u00e9t\u00e9 effectu\u00e9s avec les combinaisons d&rsquo;agents utilisateurs et de lecteurs d\u2019\u00e9cran suivants :<\/p>\n<ul>\n<li>NVDA avec Google Chrome<\/li>\n<\/ul>\n<p>Les outils suivants ont \u00e9t\u00e9 utilis\u00e9s lors de l\u2019\u00e9valuation :<\/p>\n<ul>\n<li>Tanaguru Web Extension<\/li>\n<li>WCAG \u2013 Constrast checker<\/li>\n<li>Accessible Color Picker<\/li>\n<li>Taba11y<\/li>\n<li>Axe DevTools \u2013 Web Accessibility Testing<\/li>\n<li>Assistant RGAA<\/li>\n<li>PDF Accessibility Checker (PAC) 2021<\/li>\n<\/ul>\n<p>Pages du site ayant fait l\u2019objet de la v\u00e9rification de conformit\u00e9 :<\/p>\n<ul>\n<li><a href=\"https:\/\/www.vinci-construction-projets.com\/fr\/\">Accueil<\/a><\/li>\n<li><a href=\"https:\/\/www.vinci-construction-projets.com\/fr\/contact\/\">Contact<\/a><\/li>\n<li><a href=\"https:\/\/www.vinci-construction-projets.com\/fr\/mentions-legales\/\">Mentions l\u00e9gales<\/a><\/li>\n<li><a href=\"https:\/\/www.vinci-construction-projets.com\/fr\/plan-du-site\/\">Plan du site<\/a><\/li>\n<li><a href=\"https:\/\/www.vinci-construction-projets.com\/fr\/accessibilite\/\">Accessibilit\u00e9<\/a><\/li>\n<li><a href=\"https:\/\/www.vinci-construction-projets.com\/fr\/lentreprise\/nos-implantations\/\">Nos implantations <\/a><\/li>\n<li><a href=\"https:\/\/www.vinci-construction-projets.com\/fr\/nos-savoir-faire\/nos-expertises\/\">Nos expertises<\/a><\/li>\n<li><a href=\"https:\/\/www.vinci-construction-projets.com\/fr\/nous-rejoindre\/nos-metiers\/\">Nos m\u00e9tiers<\/a><\/li>\n<li><a href=\"https:\/\/www.vinci-construction-projets.com\/fr\/newsroom\/documents\/\">Documents<\/a><\/li>\n<li><a href=\"https:\/\/www.vinci-construction-projets.com\/fr\/realisations\/liaison-routiere-i-64-hampton-road-bridge-tunnel\/\">Liaison routi\u00e8re I-64<\/a><\/li>\n<li><a href=\"https:\/\/www.vinci-construction-projets.com\/fr\/nos-engagements\/notre-engagement-societal\/\">Notre engagement soci\u00e9tal<\/a><\/li>\n<\/ul>\n<p>&nbsp;<\/p>\n<h2>RETOUR D\u2019INFORMATION ET CONTACT<\/h2>\n<p>Si vous n\u2019arrivez pas \u00e0 acc\u00e9der \u00e0 un contenu ou \u00e0 un service, vous pouvez contacter le responsable du site web pour \u00eatre orient\u00e9 vers une alternative accessible ou obtenir le contenu sous une autre forme.<\/p>\n<p>Contacter la direction de communication VINCI Construction Grands Projets \u00e0 l&rsquo;adresse mail suivante : <a href=\"mailto:communication.vcgp@vinci-construction.com\">communication.vcgp@vinci-construction.com<\/a><\/p>\n<p>&nbsp;<\/p>\n<h2>VOIES DE RECOURS<\/h2>\n<p>Cette proc\u00e9dure est \u00e0 utiliser dans le cas suivant :<\/p>\n<p>Vous avez signal\u00e9 au responsable du site internet un d\u00e9faut d\u2019accessibilit\u00e9 qui vous emp\u00eache d\u2019acc\u00e9der \u00e0 un contenu ou \u00e0 un des services du portail et vous n\u2019avez pas obtenu de r\u00e9ponse satisfaisante.<\/p>\n<ul>\n<li>\u00c9crire un message au<a href=\"https:\/\/formulaire.defenseurdesdroits.fr\/\" target=\"_blank\" rel=\"noopener\"> D\u00e9fenseur des droits<\/a><\/li>\n<li>Contacter le d\u00e9l\u00e9gu\u00e9 du <a href=\"https:\/\/www.defenseurdesdroits.fr\/saisir\/delegues\" target=\"_blank\" rel=\"noopener\">D\u00e9fenseur des droits dans votre r\u00e9gion<\/a><\/li>\n<li>Envoyer un courrier par la poste (gratuit, ne pas mettre de timbre) D\u00e9fenseur des droits Libre r\u00e9ponse 71120 75342 Paris CEDEX 07<\/li>\n<\/ul>\n","protected":false},"excerpt":{"rendered":"<p>VINCI Construction Grands Projets s\u2019engage \u00e0 rendre son site internet accessible conform\u00e9ment \u00e0 l\u2019article 47 de la loi n\u00b0 2005-102 du 11 f\u00e9vrier 2005. A cette fin, il met en \u0153uvre la strat\u00e9gie et les actions, d\u00e9taill\u00e9es dans son sch\u00e9ma pluriannuel en cours de r\u00e9daction. Cette d\u00e9claration d\u2019accessibilit\u00e9 s\u2019applique au VINCI Construction Grands Projets. &nbsp; [&hellip;]<\/p>\n","protected":false},"author":17,"featured_media":0,"parent":0,"menu_order":0,"comment_status":"closed","ping_status":"closed","template":"","meta":{"_acf_changed":false,"footnotes":""},"class_list":["post-564","page","type-page","status-publish","hentry"],"acf":[],"_links":{"self":[{"href":"https:\/\/www.vinci-construction-projets.com\/fr\/wp-json\/wp\/v2\/pages\/564","targetHints":{"allow":["GET"]}}],"collection":[{"href":"https:\/\/www.vinci-construction-projets.com\/fr\/wp-json\/wp\/v2\/pages"}],"about":[{"href":"https:\/\/www.vinci-construction-projets.com\/fr\/wp-json\/wp\/v2\/types\/page"}],"author":[{"embeddable":true,"href":"https:\/\/www.vinci-construction-projets.com\/fr\/wp-json\/wp\/v2\/users\/17"}],"replies":[{"embeddable":true,"href":"https:\/\/www.vinci-construction-projets.com\/fr\/wp-json\/wp\/v2\/comments?post=564"}],"version-history":[{"count":14,"href":"https:\/\/www.vinci-construction-projets.com\/fr\/wp-json\/wp\/v2\/pages\/564\/revisions"}],"predecessor-version":[{"id":20386,"href":"https:\/\/www.vinci-construction-projets.com\/fr\/wp-json\/wp\/v2\/pages\/564\/revisions\/20386"}],"wp:attachment":[{"href":"https:\/\/www.vinci-construction-projets.com\/fr\/wp-json\/wp\/v2\/media?parent=564"}],"curies":[{"name":"wp","href":"https:\/\/api.w.org\/{rel}","templated":true}]}}