{"id":6914,"date":"2016-09-29T17:21:55","date_gmt":"2016-09-29T15:21:55","guid":{"rendered":"http:\/\/vinci-construction-projets.com\/?page_id=6914"},"modified":"2022-11-15T10:25:59","modified_gmt":"2022-11-15T09:25:59","slug":"integration-systemes","status":"publish","type":"page","link":"https:\/\/www.vinci-construction-projets.com\/fr\/nos-savoir-faire\/nos-expertises\/integration-systemes\/","title":{"rendered":"Int\u00e9gration syst\u00e8mes"},"content":{"rendered":"<h4><\/h4>\n<h4 class=\"p1\"><img loading=\"lazy\" decoding=\"async\" class=\"alignright wp-image-6953 size-full\" src=\"http:\/\/vinci-construction-projets.com\/wp-content\/uploads\/2016\/09\/LRT-Lusail-0007.jpg\" alt=\"LRT-Lusail-0007\" width=\"600\" height=\"340\" srcset=\"https:\/\/www.vinci-construction-projets.com\/wp-content\/uploads\/2016\/09\/LRT-Lusail-0007.jpg 600w, https:\/\/www.vinci-construction-projets.com\/wp-content\/uploads\/2016\/09\/LRT-Lusail-0007-300x170.jpg 300w, https:\/\/www.vinci-construction-projets.com\/wp-content\/uploads\/2016\/09\/LRT-Lusail-0007-400x227.jpg 400w, https:\/\/www.vinci-construction-projets.com\/wp-content\/uploads\/2016\/09\/LRT-Lusail-0007-503x285.jpg 503w, https:\/\/www.vinci-construction-projets.com\/wp-content\/uploads\/2016\/09\/LRT-Lusail-0007-386x219.jpg 386w, https:\/\/www.vinci-construction-projets.com\/wp-content\/uploads\/2016\/09\/LRT-Lusail-0007-353x200.jpg 353w, https:\/\/www.vinci-construction-projets.com\/wp-content\/uploads\/2016\/09\/LRT-Lusail-0007-285x162.jpg 285w\" sizes=\"auto, (max-width: 600px) 100vw, 600px\" \/><\/h4>\n<h4 class=\"p1\">LIVRER DES PROJETS CL\u00c9S EN MAIN<\/h4>\n<p class=\"p1\">Ce savoir-faire s\u2019exprime sur les projets de diff\u00e9rentes typologies, qu\u2019il s\u2019agisse de <strong>m\u00e9tros, trains, autoroutes, tunnels, d\u2019infrastructures hydrauliques<\/strong> (barrages, stations de pompage, de traitement et de distribution d\u2019eau) ou d\u2019<strong>ouvrages du secteur \u00e9nerg\u00e9tique<\/strong>.<\/p>\n<p>&nbsp;<\/p>\n<p class=\"p1\"><strong><em>Focus Qatar<\/em><\/strong><\/p>\n<p class=\"p1\"><em><span style=\"color: #333333;\">Au Qatar, notre filiale Qatari Diar VINCI Construction a livr\u00e9 en 2020, en consortium avec un \u00e9quipementier, les quatre lignes d\u2019un <a href=\"http:\/\/vinci-construction-projets.com\/fr\/realisations\/lrt-lusail\/\">m\u00e9tro l\u00e9ger<\/a>\u00a0cl\u00e9s en main dans la ville nouvelle de Lusail : nous sommes intervenus en Early Contractor Involvement (ECI) alors que le master plan de cette m\u00e9tropole de 200 000 habitants \u00e9tait \u00e0 peine dessin\u00e9.\u00a0<\/span><\/em><\/p>\n<p>&nbsp;<\/p>\n<h4 class=\"p1\">INTEGRER DES PROBLEMATIQUES TRANSVERSES CRITIQUES POUR LES PROJETS<\/h4>\n<p>Certains sujets pourtant critiques pour le bon fonctionnement d\u2019un ouvrage, \u00e0 l\u2019instar de la foudre, la corrosion, la protection \u00e9lectrique, ou encore la lutte contre les courants vagabonds, sont parfois n\u00e9glig\u00e9s parce qu\u2019ils sont transverses aux diff\u00e9rents m\u00e9tiers mobilis\u00e9s sur le chantier. Notre savoir-faire d\u2019int\u00e9grateur nous permet de les identifier en amont et de nous assurer de leur bonne prise en compte par les diff\u00e9rents acteurs du projet.<br \/>\n&nbsp;<\/p>\n<h4>UN CONSEIL GAGNANT EN CONCEPTION-CONSTRUCTION<\/h4>\n<p>La compr\u00e9hension des enjeux li\u00e9s aux \u00e9quipements d\u00e8s les pr\u00e9mices du projet permet d\u2019optimiser les dimensions de l\u2019ouvrage pour le rendre <strong>plus efficace, plus s\u00fbr, moins co\u00fbteux et livrable dans des d\u00e9lais plus courts.<\/strong> Les projets d\u00e9velopp\u00e9s en conception-construction, o\u00f9 il nous est possible de d\u00e9ployer notre savoir-faire en mati\u00e8re d\u2019ing\u00e9nierie syst\u00e8mes (cycle en V), b\u00e9n\u00e9ficient donc davantage de notre comp\u00e9tences d\u2019int\u00e9grateur.<em><img loading=\"lazy\" decoding=\"async\" class=\"size-large wp-image-18593 aligncenter\" src=\"https:\/\/www.vinci-construction-projets.com\/wp-content\/uploads\/2022\/11\/tunnel-1024x581.jpg\" alt=\"\" width=\"1024\" height=\"581\" srcset=\"https:\/\/www.vinci-construction-projets.com\/wp-content\/uploads\/2022\/11\/tunnel-1024x581.jpg 1024w, https:\/\/www.vinci-construction-projets.com\/wp-content\/uploads\/2022\/11\/tunnel-300x170.jpg 300w, https:\/\/www.vinci-construction-projets.com\/wp-content\/uploads\/2022\/11\/tunnel-768x435.jpg 768w, https:\/\/www.vinci-construction-projets.com\/wp-content\/uploads\/2022\/11\/tunnel-1305x740.jpg 1305w, https:\/\/www.vinci-construction-projets.com\/wp-content\/uploads\/2022\/11\/tunnel-400x227.jpg 400w, https:\/\/www.vinci-construction-projets.com\/wp-content\/uploads\/2022\/11\/tunnel-720x408.jpg 720w, https:\/\/www.vinci-construction-projets.com\/wp-content\/uploads\/2022\/11\/tunnel-600x340.jpg 600w, https:\/\/www.vinci-construction-projets.com\/wp-content\/uploads\/2022\/11\/tunnel-503x285.jpg 503w, https:\/\/www.vinci-construction-projets.com\/wp-content\/uploads\/2022\/11\/tunnel-793x450.jpg 793w, https:\/\/www.vinci-construction-projets.com\/wp-content\/uploads\/2022\/11\/tunnel-386x219.jpg 386w, https:\/\/www.vinci-construction-projets.com\/wp-content\/uploads\/2022\/11\/tunnel-780x442.jpg 780w, https:\/\/www.vinci-construction-projets.com\/wp-content\/uploads\/2022\/11\/tunnel-847x480.jpg 847w, https:\/\/www.vinci-construction-projets.com\/wp-content\/uploads\/2022\/11\/tunnel-617x350.jpg 617w, https:\/\/www.vinci-construction-projets.com\/wp-content\/uploads\/2022\/11\/tunnel-353x200.jpg 353w, https:\/\/www.vinci-construction-projets.com\/wp-content\/uploads\/2022\/11\/tunnel-285x162.jpg 285w, https:\/\/www.vinci-construction-projets.com\/wp-content\/uploads\/2022\/11\/tunnel-653x370.jpg 653w, https:\/\/www.vinci-construction-projets.com\/wp-content\/uploads\/2022\/11\/tunnel.jpg 1875w\" sizes=\"auto, (max-width: 1024px) 100vw, 1024px\" \/><\/em><\/p>\n<p>Ainsi, <strong>l\u2019anticipation des besoins de ventilation ou encore les objectifs d\u2019\u00e9vacuation du public en cas d\u2019incendie<\/strong> impactent directement les dimensions des tunnels. D\u00e8s la phase de conception, nos \u00e9quipes d\u2019int\u00e9gration syst\u00e8mes peuvent proposer <strong>des optimisations de design qui offriront un meilleur fonctionnement de l\u2019ouvrage.<\/strong> La d\u00e9marche <a href=\"http:\/\/vinci-construction-projets.com\/fr\/nos-engagements\/politique-securite\/\">Safety in Design<\/a>, qui consiste \u00e0 identifier le plus t\u00f4t possible dans la conception d\u2019un projet les enjeux de s\u00e9curit\u00e9 pour ceux qui construiront l\u2019ouvrage et ceux qui l\u2019utiliseront, s\u2019inscrit totalement dans cette approche.<\/p>\n<p>&nbsp;<\/p>\n<p class=\"p1\"><strong><em>Focus Duplex A86<\/em><\/strong><\/p>\n<p><em><span style=\"color: #333333;\">Sur le tunnel <a href=\"http:\/\/vinci-construction-projets.com\/fr\/realisations\/duplex-a86\/\">Duplex de l\u2019A86\u00a0<\/a> \u00e0 l\u2019ouest de Paris, la lutte contre l\u2019incendie et l\u2019\u00e9vacuation du tunnel \u00e9taient des sujets particuli\u00e8rement importants, quelques mois apr\u00e8s la catastrophe de l\u2019incendie dans le tunnel du Mont-Blanc.<br \/>\nPour garantir la performance de l\u2019ouvrage sur ces questions, le temps de d\u00e9senfumage a \u00e9t\u00e9 \u00e9tudi\u00e9 tr\u00e8s en d\u00e9tail et des mod\u00e8les ont \u00e9t\u00e9 con\u00e7us pour d\u00e9montrer l\u2019efficacit\u00e9 du design propos\u00e9. Un syst\u00e8me innovant de refroidissement du tunnel par brumisateurs pour lutter contre les flammes en cas d\u2019incendie a ainsi \u00e9t\u00e9 install\u00e9.<br \/>\n<\/span><\/em><\/p>\n","protected":false},"excerpt":{"rendered":"<p>LIVRER DES PROJETS CL\u00c9S EN MAIN Ce savoir-faire s\u2019exprime sur les projets de diff\u00e9rentes typologies, qu\u2019il s\u2019agisse de m\u00e9tros, trains, autoroutes, tunnels, d\u2019infrastructures hydrauliques (barrages, stations de pompage, de traitement et de distribution d\u2019eau) ou d\u2019ouvrages du secteur \u00e9nerg\u00e9tique. &nbsp; Focus Qatar Au Qatar, notre filiale Qatari Diar VINCI Construction a livr\u00e9 en 2020, en [&hellip;]<\/p>\n","protected":false},"author":17,"featured_media":0,"parent":1840,"menu_order":0,"comment_status":"closed","ping_status":"closed","template":"","meta":{"_acf_changed":false,"footnotes":""},"class_list":["post-6914","page","type-page","status-publish","hentry"],"acf":[],"_links":{"self":[{"href":"https:\/\/www.vinci-construction-projets.com\/fr\/wp-json\/wp\/v2\/pages\/6914","targetHints":{"allow":["GET"]}}],"collection":[{"href":"https:\/\/www.vinci-construction-projets.com\/fr\/wp-json\/wp\/v2\/pages"}],"about":[{"href":"https:\/\/www.vinci-construction-projets.com\/fr\/wp-json\/wp\/v2\/types\/page"}],"author":[{"embeddable":true,"href":"https:\/\/www.vinci-construction-projets.com\/fr\/wp-json\/wp\/v2\/users\/17"}],"replies":[{"embeddable":true,"href":"https:\/\/www.vinci-construction-projets.com\/fr\/wp-json\/wp\/v2\/comments?post=6914"}],"version-history":[{"count":73,"href":"https:\/\/www.vinci-construction-projets.com\/fr\/wp-json\/wp\/v2\/pages\/6914\/revisions"}],"predecessor-version":[{"id":18596,"href":"https:\/\/www.vinci-construction-projets.com\/fr\/wp-json\/wp\/v2\/pages\/6914\/revisions\/18596"}],"up":[{"embeddable":true,"href":"https:\/\/www.vinci-construction-projets.com\/fr\/wp-json\/wp\/v2\/pages\/1840"}],"wp:attachment":[{"href":"https:\/\/www.vinci-construction-projets.com\/fr\/wp-json\/wp\/v2\/media?parent=6914"}],"curies":[{"name":"wp","href":"https:\/\/api.w.org\/{rel}","templated":true}]}}