{"id":7050,"date":"2016-12-13T10:21:03","date_gmt":"2016-12-13T09:21:03","guid":{"rendered":"http:\/\/vinci-construction-projets.com\/?page_id=7050"},"modified":"2022-11-22T09:20:52","modified_gmt":"2022-11-22T08:20:52","slug":"pourquoi-nous-rejoindre","status":"publish","type":"page","link":"https:\/\/www.vinci-construction-projets.com\/fr\/nous-rejoindre\/pourquoi-nous-rejoindre\/","title":{"rendered":"5 raisons de nous rejoindre"},"content":{"rendered":"<h4 class=\"p1\">1\/ Participez \u00e0 des projets d&rsquo;exception partout dans le monde<\/h4>\n<p>En rejoignant VINCI Construction Grands Projets, vous prenez part \u00e0\u00a0des\u00a0<strong>projets diversifi\u00e9s<\/strong>, offrant des d\u00e9fis techniques, une envergure et une localisation g\u00e9ographique vari\u00e9s.<br \/>\nNos \u00e9quipes s\u2019investissent au quotidien dans la\u00a0<strong>conception et la r\u00e9alisation de projets remarquables<\/strong>, <strong>pour l\u2019essentiel \u00e0 l\u2019international<\/strong>,\u00a0principalement en Europe, en Am\u00e9rique, au Moyen-Orient et en Asie du Sud Est.<\/p>\n<p class=\"p1\">D\u00e9couvrez nos projets\u00a0d&rsquo;exception <a href=\"http:\/\/vinci-construction-projets.com\/fr\/nos-savoir-faire\/nos-realisations\/\" target=\"_blank\" rel=\"noopener\">dans le monde<\/a> (en cours ou achev\u00e9s).<\/p>\n<p class=\"p1\"><img loading=\"lazy\" decoding=\"async\" class=\"alignnone wp-image-1870 size-full\" src=\"http:\/\/vinci-construction-projets.com\/wp-content\/uploads\/2016\/07\/Tchernobyl_1140_480.jpg\" alt=\"Tchernobyl_1140_480\" width=\"1406\" height=\"479\" srcset=\"https:\/\/www.vinci-construction-projets.com\/wp-content\/uploads\/2016\/07\/Tchernobyl_1140_480.jpg 1406w, https:\/\/www.vinci-construction-projets.com\/wp-content\/uploads\/2016\/07\/Tchernobyl_1140_480-300x102.jpg 300w, https:\/\/www.vinci-construction-projets.com\/wp-content\/uploads\/2016\/07\/Tchernobyl_1140_480-768x262.jpg 768w, https:\/\/www.vinci-construction-projets.com\/wp-content\/uploads\/2016\/07\/Tchernobyl_1140_480-1024x349.jpg 1024w, https:\/\/www.vinci-construction-projets.com\/wp-content\/uploads\/2016\/07\/Tchernobyl_1140_480-400x136.jpg 400w, https:\/\/www.vinci-construction-projets.com\/wp-content\/uploads\/2016\/07\/Tchernobyl_1140_480-720x245.jpg 720w, https:\/\/www.vinci-construction-projets.com\/wp-content\/uploads\/2016\/07\/Tchernobyl_1140_480-600x204.jpg 600w, https:\/\/www.vinci-construction-projets.com\/wp-content\/uploads\/2016\/07\/Tchernobyl_1140_480-590x201.jpg 590w, https:\/\/www.vinci-construction-projets.com\/wp-content\/uploads\/2016\/07\/Tchernobyl_1140_480-793x270.jpg 793w, https:\/\/www.vinci-construction-projets.com\/wp-content\/uploads\/2016\/07\/Tchernobyl_1140_480-386x132.jpg 386w, https:\/\/www.vinci-construction-projets.com\/wp-content\/uploads\/2016\/07\/Tchernobyl_1140_480-780x266.jpg 780w, https:\/\/www.vinci-construction-projets.com\/wp-content\/uploads\/2016\/07\/Tchernobyl_1140_480-1027x350.jpg 1027w, https:\/\/www.vinci-construction-projets.com\/wp-content\/uploads\/2016\/07\/Tchernobyl_1140_480-1200x409.jpg 1200w, https:\/\/www.vinci-construction-projets.com\/wp-content\/uploads\/2016\/07\/Tchernobyl_1140_480-285x97.jpg 285w\" sizes=\"auto, (max-width: 1406px) 100vw, 1406px\" \/><\/p>\n<h4 class=\"p2\">2\/ Rejoignez des \u00e9quipes passionn\u00e9es, guid\u00e9es par l\u2019excellence et des valeurs fortes<\/h4>\n<p class=\"p2\">Exigeantes, passionn\u00e9es, fi\u00e8res et engag\u00e9es : nous \u00e9quipes mettent leur culture de l\u2019excellence op\u00e9rationnelle et de la performance globale au service de nos clients et des communaut\u00e9s pour concevoir et construire, dans le respect des territoires et des communaut\u00e9s, les <strong>infrastructures durables de demain.<\/strong><\/p>\n<p>Nous nous voulons les <strong>promoteurs de l\u2019excellence dans la conception, la construction et le financement<\/strong> de grands projets et avons \u00e0 c\u0153ur de pr\u00e9server l\u2019environnement au travers de toutes nos activit\u00e9s. Cette excellence se traduit par des <strong>exigences fortes en mati\u00e8re de sant\u00e9 et s\u00e9curit\u00e9<\/strong>.<\/p>\n<p>Nous b\u00e2tissons des ouvrages d\u2019envergure, partout dans le monde, et cultivons la <strong>diversit\u00e9 et la mixit\u00e9 de nos \u00e9quipes<\/strong>..<\/p>\n<p>Dans la phase de recrutement, une attention particuli\u00e8re est port\u00e9e \u00e0 la transparence et \u00e0 l\u2019\u00e9galit\u00e9 de traitement des candidatures. Par la suite, nous veillons \u00e0 ce que vos \u00e9volutions de carri\u00e8re soient coh\u00e9rentes avec vos comp\u00e9tences et performances.<\/p>\n<h4>3\/ B\u00e9n\u00e9ficiez des opportunit\u00e9s de carri\u00e8res internes offertes par un grand groupe<\/h4>\n<h4><img loading=\"lazy\" decoding=\"async\" class=\"alignright wp-image-1873 \" src=\"http:\/\/vinci-construction-projets.com\/wp-content\/uploads\/2016\/07\/D02_8761-1024x681.jpg\" alt=\"D02_8761\" width=\"601\" height=\"400\" srcset=\"https:\/\/www.vinci-construction-projets.com\/wp-content\/uploads\/2016\/07\/D02_8761-1024x681.jpg 1024w, https:\/\/www.vinci-construction-projets.com\/wp-content\/uploads\/2016\/07\/D02_8761-300x200.jpg 300w, https:\/\/www.vinci-construction-projets.com\/wp-content\/uploads\/2016\/07\/D02_8761-768x511.jpg 768w, https:\/\/www.vinci-construction-projets.com\/wp-content\/uploads\/2016\/07\/D02_8761-1112x740.jpg 1112w, https:\/\/www.vinci-construction-projets.com\/wp-content\/uploads\/2016\/07\/D02_8761-400x266.jpg 400w, https:\/\/www.vinci-construction-projets.com\/wp-content\/uploads\/2016\/07\/D02_8761-361x240.jpg 361w, https:\/\/www.vinci-construction-projets.com\/wp-content\/uploads\/2016\/07\/D02_8761-720x479.jpg 720w, https:\/\/www.vinci-construction-projets.com\/wp-content\/uploads\/2016\/07\/D02_8761-511x340.jpg 511w, https:\/\/www.vinci-construction-projets.com\/wp-content\/uploads\/2016\/07\/D02_8761-428x285.jpg 428w, https:\/\/www.vinci-construction-projets.com\/wp-content\/uploads\/2016\/07\/D02_8761-691x460.jpg 691w, https:\/\/www.vinci-construction-projets.com\/wp-content\/uploads\/2016\/07\/D02_8761-386x257.jpg 386w, https:\/\/www.vinci-construction-projets.com\/wp-content\/uploads\/2016\/07\/D02_8761-721x480.jpg 721w, https:\/\/www.vinci-construction-projets.com\/wp-content\/uploads\/2016\/07\/D02_8761-526x350.jpg 526w, https:\/\/www.vinci-construction-projets.com\/wp-content\/uploads\/2016\/07\/D02_8761-301x200.jpg 301w, https:\/\/www.vinci-construction-projets.com\/wp-content\/uploads\/2016\/07\/D02_8761-285x190.jpg 285w, https:\/\/www.vinci-construction-projets.com\/wp-content\/uploads\/2016\/07\/D02_8761.jpg 2000w\" sizes=\"auto, (max-width: 601px) 100vw, 601px\" \/><\/h4>\n<p class=\"p1\">La mobilit\u00e9 de nos personnels constitue l\u2019essence m\u00eame de nos grands projets. Ils ne sauraient exister sans elle. Aussi bien au sein de VINCI Construction Grands Projets que des autres entit\u00e9s du groupe VINCI, quel que soit votre m\u00e9tier et vos responsabilit\u00e9s, nous favorisons votre mobilit\u00e9, en prenant en consid\u00e9ration vos choix d\u2019affectation et d\u2019\u00e9volution. <strong>Les parcours professionnels de progression<\/strong> sont individualis\u00e9s. Ils sont souvent organis\u00e9s alternativement entre le chantier et le si\u00e8ge pour acc\u00e9l\u00e9rer votre d\u00e9veloppement professionnel.<br \/>\nLe <strong>syst\u00e8me de gestion des carri\u00e8res<\/strong> repose sur le management op\u00e9rationnel, en concertation avec la direction des ressources humaines.<br \/>\nNous misons sur la <strong>transmission des savoir-faire<\/strong>, le<strong> d\u00e9veloppement des comp\u00e9tences<\/strong> et la <strong>formation<\/strong> pour vous valoriser nos et accompagner les \u00e9volutions de nos march\u00e9s.<br \/>\nDes <strong>outils de gestion de carri\u00e8re<\/strong> ont \u00e9t\u00e9 mis en place par la direction des ressources humaines, afin de r\u00e9pondre au mieux aux affectations et souhaits d\u2019\u00e9volution de chacun :<\/p>\n<ul style=\"list-style-type: disc;\">\n<li class=\"p1\">l\u2019ensemble des opportunit\u00e9s de postes au sein du groupe VINCI est accessible \u00e0 tous depuis un portail de mobilit\u00e9 interne,<\/li>\n<li class=\"p1\">l\u2019entretien annuel permet de faire un \u00e9tat des lieux des objectifs annuels, des souhaits d\u2019\u00e9volution professionnelle et de formation pour l\u2019accompagnement de chacun dans sa carri\u00e8re<\/li>\n<li class=\"p1\">des revues du personnel permettent d\u2019\u00e9valuer coll\u00e9gialement comp\u00e9tences et performance, et de valider des plans individuels de d\u00e9veloppement.<\/li>\n<\/ul>\n<h4>4\/ Profitez d\u2019une politique de formation professionnelle dynamique<\/h4>\n<p>Nous avons mis en place une\u00a0<strong>politique volontariste de formation<\/strong>\u00a0et d\u00e9passons syst\u00e9matiquement nos obligations l\u00e9gales (1 % de la masse salariale), en y consacranten moyenne plus de 4 % ces trois derni\u00e8res ann\u00e9es.<br \/>\nVous avez acc\u00e8s \u00e0 un large portefeuille de formations dans diff\u00e9rents domaines :<\/p>\n<ul>\n<li>\u00ab c\u0153ur de m\u00e9tier et technique \u00bb,<\/li>\n<li>management (entretiens individuels, management d\u2019\u00e9quipe, prise de parole en public\u2026),<\/li>\n<li>qualit\u00e9, s\u00e9curit\u00e9 et environnement, d\u00e9veloppement durable,<\/li>\n<li>langues.<\/li>\n<\/ul>\n<p>Au si\u00e8ge ou sur projet, nous mobilisons de plus en plus les expertises internes pour vous dispenser des formations adapt\u00e9es \u00e0 nos grands projets et aux sp\u00e9cificit\u00e9s de tous nos m\u00e9tiers. Ces <strong>modules internes<\/strong> sont d\u00e9clin\u00e9s en fran\u00e7ais, anglais et espagnol selon les demandes de nos projets.<br \/>\nAlli\u00e9e \u00e0 notre <strong>r\u00e9seau d\u2019organismes ext\u00e9rieurs<\/strong>, cette aptitude \u00e0 offrir une large gamme de modules internes nous permet de vous proposer un parcours de formations complet, qui fait de vous un acteur de votre parcours professionnel au sein du Groupe.<\/p>\n<h4>5) B\u00e9n\u00e9ficiez d\u2019une r\u00e9mun\u00e9ration globale attractive<\/h4>\n<p>Notre\u00a0<strong>politique salariale<\/strong> de VINCI Construction Grands Projets comprend :<\/p>\n<ul>\n<li>un syst\u00e8me de <em>r\u00e9mun\u00e9ration individuelle<\/em> :\n<ul>\n<li>le salaire, qui r\u00e9mun\u00e8re une fonction ou une comp\u00e9tence,<\/li>\n<li>la prime variable, et qui r\u00e9mun\u00e8re un niveau de performance<\/li>\n<\/ul>\n<\/li>\n<li>un syst\u00e8me de <em>r\u00e9mun\u00e9ration collective<\/em> :\n<ul>\n<li>l\u2019int\u00e9ressement, qui constitue une r\u00e9mun\u00e9ration variable al\u00e9atoire calcul\u00e9e sur le r\u00e9sultat de l\u2019entreprise,<\/li>\n<li>le plan d\u2019\u00e9pargne du groupe VINCI (Castor) qui offre \u00e0 chaque membre de notre personnel ayant un contrat de droit fran\u00e7ais et ayant trois mois d\u2019anciennet\u00e9, la possibilit\u00e9 de se constituer une \u00e9pargne, investie en actions VINCI<\/li>\n<\/ul>\n<\/li>\n<\/ul>\n","protected":false},"excerpt":{"rendered":"<p>1\/ Participez \u00e0 des projets d&rsquo;exception partout dans le monde En rejoignant VINCI Construction Grands Projets, vous prenez part \u00e0\u00a0des\u00a0projets diversifi\u00e9s, offrant des d\u00e9fis techniques, une envergure et une localisation g\u00e9ographique vari\u00e9s. Nos \u00e9quipes s\u2019investissent au quotidien dans la\u00a0conception et la r\u00e9alisation de projets remarquables, pour l\u2019essentiel \u00e0 l\u2019international,\u00a0principalement en Europe, en Am\u00e9rique, au Moyen-Orient [&hellip;]<\/p>\n","protected":false},"author":17,"featured_media":0,"parent":45,"menu_order":0,"comment_status":"closed","ping_status":"closed","template":"","meta":{"_acf_changed":false,"footnotes":""},"class_list":["post-7050","page","type-page","status-publish","hentry"],"acf":[],"_links":{"self":[{"href":"https:\/\/www.vinci-construction-projets.com\/fr\/wp-json\/wp\/v2\/pages\/7050","targetHints":{"allow":["GET"]}}],"collection":[{"href":"https:\/\/www.vinci-construction-projets.com\/fr\/wp-json\/wp\/v2\/pages"}],"about":[{"href":"https:\/\/www.vinci-construction-projets.com\/fr\/wp-json\/wp\/v2\/types\/page"}],"author":[{"embeddable":true,"href":"https:\/\/www.vinci-construction-projets.com\/fr\/wp-json\/wp\/v2\/users\/17"}],"replies":[{"embeddable":true,"href":"https:\/\/www.vinci-construction-projets.com\/fr\/wp-json\/wp\/v2\/comments?post=7050"}],"version-history":[{"count":21,"href":"https:\/\/www.vinci-construction-projets.com\/fr\/wp-json\/wp\/v2\/pages\/7050\/revisions"}],"predecessor-version":[{"id":18700,"href":"https:\/\/www.vinci-construction-projets.com\/fr\/wp-json\/wp\/v2\/pages\/7050\/revisions\/18700"}],"up":[{"embeddable":true,"href":"https:\/\/www.vinci-construction-projets.com\/fr\/wp-json\/wp\/v2\/pages\/45"}],"wp:attachment":[{"href":"https:\/\/www.vinci-construction-projets.com\/fr\/wp-json\/wp\/v2\/media?parent=7050"}],"curies":[{"name":"wp","href":"https:\/\/api.w.org\/{rel}","templated":true}]}}