{"id":7075,"date":"2016-10-05T15:53:40","date_gmt":"2016-10-05T13:53:40","guid":{"rendered":"http:\/\/vinci-construction-projets.com\/?page_id=7075"},"modified":"2021-06-24T10:03:51","modified_gmt":"2021-06-24T08:03:51","slug":"notre-histoire","status":"publish","type":"page","link":"https:\/\/www.vinci-construction-projets.com\/fr\/lentreprise\/notre-histoire\/","title":{"rendered":"Notre histoire"},"content":{"rendered":"<p>H\u00e9ritier d\u2019entreprises centenaires, qui ont associ\u00e9 leurs noms \u00e0 des r\u00e9f\u00e9rences majeures \u00e0 l\u2019\u00e9chelle internationale, VINCI Construction Grands Projets ma\u00eetrise l\u2019ensemble des savoir-faire li\u00e9s \u00e0 la r\u00e9alisation d\u2019ouvrages complexes.<\/p>\n","protected":false},"excerpt":{"rendered":"<p>H\u00e9ritier d\u2019entreprises centenaires, qui ont associ\u00e9 leurs noms \u00e0 des r\u00e9f\u00e9rences majeures \u00e0 l\u2019\u00e9chelle internationale, VINCI Construction Grands Projets ma\u00eetrise l\u2019ensemble des savoir-faire li\u00e9s \u00e0 la r\u00e9alisation d\u2019ouvrages complexes.<\/p>\n","protected":false},"author":17,"featured_media":0,"parent":35,"menu_order":0,"comment_status":"closed","ping_status":"closed","template":"page-histoire.php","meta":{"_acf_changed":false,"footnotes":""},"class_list":["post-7075","page","type-page","status-publish","hentry"],"acf":[],"_links":{"self":[{"href":"https:\/\/www.vinci-construction-projets.com\/fr\/wp-json\/wp\/v2\/pages\/7075","targetHints":{"allow":["GET"]}}],"collection":[{"href":"https:\/\/www.vinci-construction-projets.com\/fr\/wp-json\/wp\/v2\/pages"}],"about":[{"href":"https:\/\/www.vinci-construction-projets.com\/fr\/wp-json\/wp\/v2\/types\/page"}],"author":[{"embeddable":true,"href":"https:\/\/www.vinci-construction-projets.com\/fr\/wp-json\/wp\/v2\/users\/17"}],"replies":[{"embeddable":true,"href":"https:\/\/www.vinci-construction-projets.com\/fr\/wp-json\/wp\/v2\/comments?post=7075"}],"version-history":[{"count":60,"href":"https:\/\/www.vinci-construction-projets.com\/fr\/wp-json\/wp\/v2\/pages\/7075\/revisions"}],"predecessor-version":[{"id":17405,"href":"https:\/\/www.vinci-construction-projets.com\/fr\/wp-json\/wp\/v2\/pages\/7075\/revisions\/17405"}],"up":[{"embeddable":true,"href":"https:\/\/www.vinci-construction-projets.com\/fr\/wp-json\/wp\/v2\/pages\/35"}],"wp:attachment":[{"href":"https:\/\/www.vinci-construction-projets.com\/fr\/wp-json\/wp\/v2\/media?parent=7075"}],"curies":[{"name":"wp","href":"https:\/\/api.w.org\/{rel}","templated":true}]}}