{"id":7471,"date":"2016-10-19T16:56:51","date_gmt":"2016-10-19T14:56:51","guid":{"rendered":"http:\/\/vinci-construction-projets.com\/fr\/?page_id=7471"},"modified":"2022-11-04T15:32:20","modified_gmt":"2022-11-04T14:32:20","slug":"bim","status":"publish","type":"page","link":"https:\/\/www.vinci-construction-projets.com\/fr\/nos-savoir-faire\/nos-expertises\/bim\/","title":{"rendered":"BIM, Building Information Modeling"},"content":{"rendered":"<h4>Qu\u2019est-ce que le BIM ?<\/h4>\n<p><img loading=\"lazy\" decoding=\"async\" class=\"size-full wp-image-18456 aligncenter\" src=\"https:\/\/www.vinci-construction-projets.com\/wp-content\/uploads\/2022\/11\/bimbim.png\" alt=\"\" width=\"3896\" height=\"657\" srcset=\"https:\/\/www.vinci-construction-projets.com\/wp-content\/uploads\/2022\/11\/bimbim.png 3896w, https:\/\/www.vinci-construction-projets.com\/wp-content\/uploads\/2022\/11\/bimbim-300x51.png 300w, https:\/\/www.vinci-construction-projets.com\/wp-content\/uploads\/2022\/11\/bimbim-768x130.png 768w, https:\/\/www.vinci-construction-projets.com\/wp-content\/uploads\/2022\/11\/bimbim-1024x173.png 1024w, https:\/\/www.vinci-construction-projets.com\/wp-content\/uploads\/2022\/11\/bimbim-1440x243.png 1440w, https:\/\/www.vinci-construction-projets.com\/wp-content\/uploads\/2022\/11\/bimbim-400x67.png 400w, https:\/\/www.vinci-construction-projets.com\/wp-content\/uploads\/2022\/11\/bimbim-720x121.png 720w, https:\/\/www.vinci-construction-projets.com\/wp-content\/uploads\/2022\/11\/bimbim-600x101.png 600w, https:\/\/www.vinci-construction-projets.com\/wp-content\/uploads\/2022\/11\/bimbim-590x99.png 590w, https:\/\/www.vinci-construction-projets.com\/wp-content\/uploads\/2022\/11\/bimbim-793x134.png 793w, https:\/\/www.vinci-construction-projets.com\/wp-content\/uploads\/2022\/11\/bimbim-386x65.png 386w, https:\/\/www.vinci-construction-projets.com\/wp-content\/uploads\/2022\/11\/bimbim-780x132.png 780w, https:\/\/www.vinci-construction-projets.com\/wp-content\/uploads\/2022\/11\/bimbim-1200x202.png 1200w, https:\/\/www.vinci-construction-projets.com\/wp-content\/uploads\/2022\/11\/bimbim-285x48.png 285w\" sizes=\"auto, (max-width: 3896px) 100vw, 3896px\" \/><\/p>\n<p>Le BIM, <em>Buildin<\/em><em>g Information Modeling<\/em>, est une\u00a0d\u00e9marche utilisant un mod\u00e8le digital (maquette) pour <strong>accompagner la conception, la construction et l&rsquo;exploitation-maintenance d&rsquo;un ouvrage.<\/strong><\/p>\n<p>Une\u00a0plateforme collaborative\u00a0permet \u00e0 chaque acteur, en fonction de ses besoins, d\u2019acc\u00e9der \u00e0 une base de donn\u00e9es sp\u00e9cifique au projet qui lui garantit la fiabilit\u00e9, l&rsquo;unicit\u00e9 et la tenue \u00e0 jour de toute l&rsquo;information technique du projet. Cette technologie permet <strong>le\u00a0partage des connaissances et des informations sur un ouvrage<\/strong>, assurant une base fiable pour la prise de d\u00e9cisions tout au long de son cycle de vie.<\/p>\n<p>Le BIM est\u00a0ainsi une <strong>source unique d\u2019informations, et la seule\u00a0utilis\u00e9e par l\u2019ensemble des intervenants d\u2019un projet.<\/strong><\/p>\n<h4>Pourquoi le BIM ? Les usages<\/h4>\n<h5>V\u00e9ritable r\u00e9volution des pratiques dans le domaine de la construction, l&rsquo;utilisation du BIM est aujourd&rsquo;hui une exigence de la quasi-totalit\u00e9 de nos clients. Leurs objectifs concernent g\u00e9n\u00e9ralement :<\/h5>\n<ul style=\"list-style-type: disc;\">\n<li>Le recueil des maquettes finales en vue de l&rsquo;archivage exhaustif et structur\u00e9 de toute l&rsquo;information du projet et de son utilisation et sa mise \u00e0 jour lors de l&rsquo;utilisation et de la maintenance de l&rsquo;ouvrage.<\/li>\n<\/ul>\n<h5>Mod\u00e9lisation de la construction des viaducs de Hampton Roads Bridge-Tunnel<\/h5>\n<ul style=\"list-style-type: disc;\">\n<li>La communication aupr\u00e8s des parties prenantes, en tirant b\u00e9n\u00e9fice de l&rsquo;aspect p\u00e9dagogique li\u00e9 \u00e0 l&rsquo;utilisation de mod\u00e8les 3D, voire 4D (visualisation du d\u00e9roulement de la construction dans le temps). L&rsquo;usage de la r\u00e9alit\u00e9 virtuelle, mixte ou augment\u00e9e, permet aussi de faciliter la compr\u00e9hension du projet par des acteurs non-initi\u00e9s.<\/li>\n<\/ul>\n<h5>Au-del\u00e0 de ces usages, nos propres \u00e9quipes tirent \u00e9galement parti du BIM :<\/h5>\n<ul>\n<li>En phase de conception:<\/li>\n<\/ul>\n<p><img loading=\"lazy\" decoding=\"async\" class=\"wp-image-18459 size-full alignleft\" src=\"https:\/\/www.vinci-construction-projets.com\/wp-content\/uploads\/2022\/11\/fondation-LV.jpg\" alt=\"\" width=\"735\" height=\"375\" srcset=\"https:\/\/www.vinci-construction-projets.com\/wp-content\/uploads\/2022\/11\/fondation-LV.jpg 735w, https:\/\/www.vinci-construction-projets.com\/wp-content\/uploads\/2022\/11\/fondation-LV-300x153.jpg 300w, https:\/\/www.vinci-construction-projets.com\/wp-content\/uploads\/2022\/11\/fondation-LV-400x204.jpg 400w, https:\/\/www.vinci-construction-projets.com\/wp-content\/uploads\/2022\/11\/fondation-LV-720x367.jpg 720w, https:\/\/www.vinci-construction-projets.com\/wp-content\/uploads\/2022\/11\/fondation-LV-600x306.jpg 600w, https:\/\/www.vinci-construction-projets.com\/wp-content\/uploads\/2022\/11\/fondation-LV-559x285.jpg 559w, https:\/\/www.vinci-construction-projets.com\/wp-content\/uploads\/2022\/11\/fondation-LV-386x197.jpg 386w, https:\/\/www.vinci-construction-projets.com\/wp-content\/uploads\/2022\/11\/fondation-LV-686x350.jpg 686w, https:\/\/www.vinci-construction-projets.com\/wp-content\/uploads\/2022\/11\/fondation-LV-285x145.jpg 285w, https:\/\/www.vinci-construction-projets.com\/wp-content\/uploads\/2022\/11\/fondation-LV-725x370.jpg 725w\" sizes=\"auto, (max-width: 735px) 100vw, 735px\" \/><\/p>\n<p style=\"text-align: left;\">Fondation Louis Vuitton<\/p>\n<p style=\"text-align: left;\">&#8211; Utilisation de scanners 3D \/ LIDAR pour les relev\u00e9s de l&rsquo;existant et la construction de maquettes projet sur une base fiable<\/p>\n<p>&nbsp;<\/p>\n<p>&nbsp;<\/p>\n<p>&nbsp;<\/p>\n<p>&nbsp;<\/p>\n<p>&nbsp;<\/p>\n<p>&nbsp;<\/p>\n<p><img loading=\"lazy\" decoding=\"async\" class=\"size-full wp-image-18462 alignright\" src=\"https:\/\/www.vinci-construction-projets.com\/wp-content\/uploads\/2022\/11\/Panama.png\" alt=\"\" width=\"295\" height=\"273\" srcset=\"https:\/\/www.vinci-construction-projets.com\/wp-content\/uploads\/2022\/11\/Panama.png 295w, https:\/\/www.vinci-construction-projets.com\/wp-content\/uploads\/2022\/11\/Panama-259x240.png 259w, https:\/\/www.vinci-construction-projets.com\/wp-content\/uploads\/2022\/11\/Panama-216x200.png 216w, https:\/\/www.vinci-construction-projets.com\/wp-content\/uploads\/2022\/11\/Panama-285x264.png 285w\" sizes=\"auto, (max-width: 295px) 100vw, 295px\" \/><\/p>\n<p>Armatures pont de Panama<\/p>\n<p>&#8211; Mod\u00e9lisation \u00e0 diff\u00e9rents niveaux de d\u00e9tail suivant l&rsquo;avancement de la conception<\/p>\n<p>&#8211; Coordination spatiale par f\u00e9d\u00e9ration de mod\u00e8les d\u00e9velopp\u00e9s par les divers acteurs du projet<\/p>\n<p>&#8211; Revue de projet collaborative autour de la maquette<\/p>\n<p>&#8211; Suivi des mises au point du projet par utilisation de plateformes d\u00e9di\u00e9es<\/p>\n<p>&#8211; Liens entre les mod\u00e8les 3D BIM et les mod\u00e8les analytiques de calculs<\/p>\n<p>&#8211; Edition des plans directement \u00e0 partir des mod\u00e8les<\/p>\n<p>&nbsp;<\/p>\n<p><img loading=\"lazy\" decoding=\"async\" class=\"size-full wp-image-18465 alignleft\" src=\"https:\/\/www.vinci-construction-projets.com\/wp-content\/uploads\/2022\/11\/prep.png\" alt=\"\" width=\"605\" height=\"340\" srcset=\"https:\/\/www.vinci-construction-projets.com\/wp-content\/uploads\/2022\/11\/prep.png 605w, https:\/\/www.vinci-construction-projets.com\/wp-content\/uploads\/2022\/11\/prep-300x169.png 300w, https:\/\/www.vinci-construction-projets.com\/wp-content\/uploads\/2022\/11\/prep-400x225.png 400w, https:\/\/www.vinci-construction-projets.com\/wp-content\/uploads\/2022\/11\/prep-600x337.png 600w, https:\/\/www.vinci-construction-projets.com\/wp-content\/uploads\/2022\/11\/prep-507x285.png 507w, https:\/\/www.vinci-construction-projets.com\/wp-content\/uploads\/2022\/11\/prep-386x217.png 386w, https:\/\/www.vinci-construction-projets.com\/wp-content\/uploads\/2022\/11\/prep-356x200.png 356w, https:\/\/www.vinci-construction-projets.com\/wp-content\/uploads\/2022\/11\/prep-285x160.png 285w\" sizes=\"auto, (max-width: 605px) 100vw, 605px\" \/><\/p>\n<ul>\n<li>En phase d&rsquo;offre et de pr\u00e9paration de chantier<\/li>\n<\/ul>\n<p>&#8211; Mise au point des m\u00e9thodes et des phasages de construction sur la base des mod\u00e8les 3D<\/p>\n<p>&#8211; Extraction des quantit\u00e9s n\u00e9cessaires au chiffrage, \u00e9tudes comparatives de variantes<\/p>\n<p>&#8211; Formation des personnels gr\u00e2ce notamment \u00e0 l&rsquo;utilisation de la r\u00e9alit\u00e9 virtuelle<\/p>\n<p>&nbsp;<\/p>\n<p>&nbsp;<\/p>\n<p>&nbsp;<\/p>\n<p>&nbsp;<\/p>\n<p>&nbsp;<\/p>\n<p><img loading=\"lazy\" decoding=\"async\" class=\"size-full wp-image-18469 alignright\" src=\"https:\/\/www.vinci-construction-projets.com\/wp-content\/uploads\/2022\/11\/Phase-travaux.png\" alt=\"\" width=\"340\" height=\"453\" srcset=\"https:\/\/www.vinci-construction-projets.com\/wp-content\/uploads\/2022\/11\/Phase-travaux.png 340w, https:\/\/www.vinci-construction-projets.com\/wp-content\/uploads\/2022\/11\/Phase-travaux-225x300.png 225w, https:\/\/www.vinci-construction-projets.com\/wp-content\/uploads\/2022\/11\/Phase-travaux-180x240.png 180w, https:\/\/www.vinci-construction-projets.com\/wp-content\/uploads\/2022\/11\/Phase-travaux-255x340.png 255w, https:\/\/www.vinci-construction-projets.com\/wp-content\/uploads\/2022\/11\/Phase-travaux-214x285.png 214w, https:\/\/www.vinci-construction-projets.com\/wp-content\/uploads\/2022\/11\/Phase-travaux-263x350.png 263w, https:\/\/www.vinci-construction-projets.com\/wp-content\/uploads\/2022\/11\/Phase-travaux-150x200.png 150w, https:\/\/www.vinci-construction-projets.com\/wp-content\/uploads\/2022\/11\/Phase-travaux-285x380.png 285w, https:\/\/www.vinci-construction-projets.com\/wp-content\/uploads\/2022\/11\/Phase-travaux-278x370.png 278w\" sizes=\"auto, (max-width: 340px) 100vw, 340px\" \/><\/p>\n<ul>\n<li>En phase de travaux<\/li>\n<\/ul>\n<p>&#8211; Visualisation des maquettes sur site, en compl\u00e9ment des plans, pour une meilleure compr\u00e9hension des ouvrages \u00e0 r\u00e9aliser ou de leur environnement ou pour la consultation des informations stock\u00e9es dans la base de donn\u00e9es associ\u00e9e \u00e0 la maquette<\/p>\n<p>&#8211; Assistance \u00e0 la construction par l&rsquo;utilisation de la r\u00e9alit\u00e9 mixte ou augment\u00e9e<\/p>\n<p>&#8211; Saisie des informations chantier pour remont\u00e9e dans la maquette: avancement, contr\u00f4les qualit\u00e9, r\u00e9serves, etc.<\/p>\n<p>&#8211; Contr\u00f4les qualit\u00e9s et mise \u00e0 jour des mod\u00e8les \u00ab\u00a0Tels-Que-Construits\u00a0\u00bb \u00e0 partir de relev\u00e9s scanner 3D \u2013 LIDAR L&rsquo;ensemble de ces usages contribuent \u00e0 une meilleure qualit\u00e9 des projets et \u00e0 un d\u00e9roulement plus fluide:<\/p>\n<p style=\"padding-left: 60px;\">&#8211; Conception de meilleure qualit\u00e9, mieux coordonn\u00e9e entre les diff\u00e9rents m\u00e9tiers,<\/p>\n<p style=\"padding-left: 60px;\">&#8211; Meilleure prise en compte des m\u00e9thodes de construction et des imp\u00e9ratifs d&rsquo;exploitation maintenance,<\/p>\n<p style=\"padding-left: 60px;\">&#8211; Ma\u00eetrise des co\u00fbts et des d\u00e9lais par la r\u00e9cup\u00e9ration des quantit\u00e9s issues des maquettes et la production de phasage de travaux 4D,<\/p>\n<p style=\"padding-left: 60px;\">&#8211; Gestion de l&rsquo;information plus efficace tout au long du d\u00e9roulement du projet.<\/p>\n<p>&nbsp;<\/p>\n<h4>Comment? Notre organisation<\/h4>\n<p>Un BIM Manager, assist\u00e9 \u00e9ventuellement d&rsquo;un ou plusieurs coordinateurs BIM est affect\u00e9 \u00e0 chacun de nos projets. En \u00e9troite liaison avec l&rsquo;ensemble des acteurs du projet, il d\u00e9finit les modalit\u00e9s d&rsquo;utilisation du BIM, met en place les outils informatiques n\u00e9cessaires et assure le bon d\u00e9roulement des processus.<\/p>\n<p>Au si\u00e8ge de l&rsquo;entreprise, une \u00e9quipe sp\u00e9cialis\u00e9e vient en appui aux interlocuteurs des projets sur des sujets sp\u00e9cifiques. Par ailleurs elle:<\/p>\n<ul>\n<li>D\u00e9finit, lors des appels d&rsquo;offres, les processus et les moyens qui seront n\u00e9cessaires pour la r\u00e9alisation du projet et contribue \u00e0 leur chiffrage. Le cas \u00e9ch\u00e9ant elle r\u00e9dige les pi\u00e8ces techniques d\u00e9finissant la strat\u00e9gie BIM remises \u00e0 l&rsquo;appui de l&rsquo;offre<\/li>\n<li>Contribue au processus de recrutement des \u00e9quipes BIM projets<\/li>\n<li>R\u00e9alise en direct tout ou partie du BIM Management de certains projets<\/li>\n<li>Pr\u00e9pare et dispense \u00e0 l&rsquo;ensemble du personnel de l&rsquo;entreprise des formations personnalis\u00e9es aux enjeux sp\u00e9cifiques de nos projets<\/li>\n<li>Assure la veille technologique dans ce domaine aux \u00e9volutions tr\u00e8s rapides<\/li>\n<li>D\u00e9veloppe des outils et documents guides facilitant le d\u00e9ploiement des d\u00e9marches BIM sur nos projets<\/li>\n<li>Analyse les retours d&rsquo;exp\u00e9rience de l&rsquo;ensemble de nos projets dans une d\u00e9marche d&rsquo;am\u00e9lioration continue de nos pratiques<\/li>\n<\/ul>\n<div id=\"attachment_18472\" style=\"width: 615px\" class=\"wp-caption aligncenter\"><img loading=\"lazy\" decoding=\"async\" aria-describedby=\"caption-attachment-18472\" class=\"wp-image-18472 size-full\" src=\"https:\/\/www.vinci-construction-projets.com\/wp-content\/uploads\/2022\/11\/NZ.jpg\" alt=\"\" width=\"605\" height=\"340\" srcset=\"https:\/\/www.vinci-construction-projets.com\/wp-content\/uploads\/2022\/11\/NZ.jpg 605w, https:\/\/www.vinci-construction-projets.com\/wp-content\/uploads\/2022\/11\/NZ-300x169.jpg 300w, https:\/\/www.vinci-construction-projets.com\/wp-content\/uploads\/2022\/11\/NZ-400x225.jpg 400w, https:\/\/www.vinci-construction-projets.com\/wp-content\/uploads\/2022\/11\/NZ-600x337.jpg 600w, https:\/\/www.vinci-construction-projets.com\/wp-content\/uploads\/2022\/11\/NZ-507x285.jpg 507w, https:\/\/www.vinci-construction-projets.com\/wp-content\/uploads\/2022\/11\/NZ-386x217.jpg 386w, https:\/\/www.vinci-construction-projets.com\/wp-content\/uploads\/2022\/11\/NZ-356x200.jpg 356w, https:\/\/www.vinci-construction-projets.com\/wp-content\/uploads\/2022\/11\/NZ-285x160.jpg 285w\" sizes=\"auto, (max-width: 605px) 100vw, 605px\" \/><p id=\"caption-attachment-18472\" class=\"wp-caption-text\">FOCUS: le projet City Rail \u2013 Auckland \u2013 Nouvelle Z\u00e9lande<\/p><\/div>\n<p>Ce projet a pour objectif la r\u00e9alisation d&rsquo;une liaison ferroviaire souterraine dans le centre-ville d&rsquo;Auckland. Elle comporte le forage d&rsquo;environ 7km de tunnel, la r\u00e9alisation de trois stations enterr\u00e9es et les raccordements aux voies existantes de part et d&rsquo;autre. Elle inclut la r\u00e9alisation du g\u00e9nie civil et de la totalit\u00e9 des \u00e9quipements des ouvrages. <strong>Une \u00e9quipe de 15 personnes est d\u00e9di\u00e9e au d\u00e9ploiement de la d\u00e9marche BIM<\/strong>, tant en phase de conception que de pr\u00e9paration de chantier, de construction et de livraison, le tout en \u00e9troite collaboration avec le client. Parmi les r\u00e9alisations remarquables dans ce domaine, citons en particulier :<\/p>\n<p>&#8211; La r\u00e9alisation de phasages 4D tr\u00e8s d\u00e9taill\u00e9s pour la r\u00e9alisation de chaque gare dans un environnement tr\u00e8s contraint<\/p>\n<p>&#8211; L&rsquo;utilisation de la r\u00e9alit\u00e9 virtuelle (drive-through) pour familiariser, de fa\u00e7on tr\u00e8s r\u00e9guli\u00e8re, les conducteurs de train des voies existante maintenues en service \u00e0 proximit\u00e9 des travaux avec les \u00e9volutions de l&rsquo;environnement li\u00e9 au d\u00e9roulement des travaux<\/p>\n<p>&#8211; Le suivi des principales quantit\u00e9s au fur et \u00e0 mesure du d\u00e9veloppement de la conception<\/p>\n<p>&#8211; Le d\u00e9ploiement massif de tablettes sur chantier pour l&rsquo;acc\u00e8s aux maquettes et la saisie des informations au fur et \u00e0 mesure de la construction<\/p>\n","protected":false},"excerpt":{"rendered":"<p>Qu\u2019est-ce que le BIM ? Le BIM, Building Information Modeling, est une\u00a0d\u00e9marche utilisant un mod\u00e8le digital (maquette) pour accompagner la conception, la construction et l&rsquo;exploitation-maintenance d&rsquo;un ouvrage. Une\u00a0plateforme collaborative\u00a0permet \u00e0 chaque acteur, en fonction de ses besoins, d\u2019acc\u00e9der \u00e0 une base de donn\u00e9es sp\u00e9cifique au projet qui lui garantit la fiabilit\u00e9, l&rsquo;unicit\u00e9 et la tenue [&hellip;]<\/p>\n","protected":false},"author":17,"featured_media":0,"parent":1840,"menu_order":0,"comment_status":"closed","ping_status":"closed","template":"","meta":{"_acf_changed":false,"footnotes":""},"class_list":["post-7471","page","type-page","status-publish","hentry"],"acf":[],"_links":{"self":[{"href":"https:\/\/www.vinci-construction-projets.com\/fr\/wp-json\/wp\/v2\/pages\/7471","targetHints":{"allow":["GET"]}}],"collection":[{"href":"https:\/\/www.vinci-construction-projets.com\/fr\/wp-json\/wp\/v2\/pages"}],"about":[{"href":"https:\/\/www.vinci-construction-projets.com\/fr\/wp-json\/wp\/v2\/types\/page"}],"author":[{"embeddable":true,"href":"https:\/\/www.vinci-construction-projets.com\/fr\/wp-json\/wp\/v2\/users\/17"}],"replies":[{"embeddable":true,"href":"https:\/\/www.vinci-construction-projets.com\/fr\/wp-json\/wp\/v2\/comments?post=7471"}],"version-history":[{"count":79,"href":"https:\/\/www.vinci-construction-projets.com\/fr\/wp-json\/wp\/v2\/pages\/7471\/revisions"}],"predecessor-version":[{"id":18481,"href":"https:\/\/www.vinci-construction-projets.com\/fr\/wp-json\/wp\/v2\/pages\/7471\/revisions\/18481"}],"up":[{"embeddable":true,"href":"https:\/\/www.vinci-construction-projets.com\/fr\/wp-json\/wp\/v2\/pages\/1840"}],"wp:attachment":[{"href":"https:\/\/www.vinci-construction-projets.com\/fr\/wp-json\/wp\/v2\/media?parent=7471"}],"curies":[{"name":"wp","href":"https:\/\/api.w.org\/{rel}","templated":true}]}}