{"id":8115,"date":"2016-12-14T10:56:41","date_gmt":"2016-12-14T09:56:41","guid":{"rendered":"http:\/\/vinci-construction-projets.com\/fr\/?page_id=8115"},"modified":"2022-11-14T10:17:33","modified_gmt":"2022-11-14T09:17:33","slug":"hydraulique","status":"publish","type":"page","link":"https:\/\/www.vinci-construction-projets.com\/fr\/nos-savoir-faire\/nos-expertises\/hydraulique\/","title":{"rendered":"Hydraulique, la ma\u00eetrise compl\u00e8te du cycle de l\u2019eau"},"content":{"rendered":"<h5><b>Une expertise hydraulique unique<\/b><\/h5>\n<div id=\"attachment_8811\" style=\"width: 610px\" class=\"wp-caption alignright\"><img loading=\"lazy\" decoding=\"async\" aria-describedby=\"caption-attachment-8811\" class=\"wp-image-8811 size-full\" src=\"http:\/\/vinci-construction-projets.com\/wp-content\/uploads\/2016\/12\/Great-River-Jamaique.jpg\" alt=\"great-river-jamaique\" width=\"600\" height=\"340\" srcset=\"https:\/\/www.vinci-construction-projets.com\/wp-content\/uploads\/2016\/12\/Great-River-Jamaique.jpg 600w, https:\/\/www.vinci-construction-projets.com\/wp-content\/uploads\/2016\/12\/Great-River-Jamaique-300x170.jpg 300w, https:\/\/www.vinci-construction-projets.com\/wp-content\/uploads\/2016\/12\/Great-River-Jamaique-400x227.jpg 400w, https:\/\/www.vinci-construction-projets.com\/wp-content\/uploads\/2016\/12\/Great-River-Jamaique-503x285.jpg 503w, https:\/\/www.vinci-construction-projets.com\/wp-content\/uploads\/2016\/12\/Great-River-Jamaique-386x219.jpg 386w, https:\/\/www.vinci-construction-projets.com\/wp-content\/uploads\/2016\/12\/Great-River-Jamaique-353x200.jpg 353w, https:\/\/www.vinci-construction-projets.com\/wp-content\/uploads\/2016\/12\/Great-River-Jamaique-285x162.jpg 285w\" sizes=\"auto, (max-width: 600px) 100vw, 600px\" \/><p id=\"caption-attachment-8811\" class=\"wp-caption-text\">Station de pompage et de traitement de Great river (Jama\u00efque)<\/p><\/div>\n<p class=\"p1\">Nous intervenons \u00e0 toutes les \u00e9tapes d\u2019un projet en proposant des <b>solutions adapt\u00e9es et modulables<\/b> : depuis le captage de l\u2019eau jusqu\u2019\u00e0 son \u00e9puration pour son retour en milieu naturel, en passant par le traitement, le stockage, le transfert et la distribution.<br \/>\nNous<b> <\/b>r\u00e9alisons des projets cl\u00e9s en main (de la conception \u00e0 la r\u00e9alisation et au suivi) et \u00e9laborons des solutions sur-mesure. Nous offre int\u00e9gr\u00e9e peut \u00e9galement \u00eatre \u00e9tendue au financement.<\/p>\n<h5 class=\"p1\"><b>Des performances garanties<\/b><\/h5>\n<p class=\"p1\">Quels que soient nos clients (publics, priv\u00e9s ou institutionnels), nos \u00e9quipes garantissent la parfaite adaptation des ouvrages \u00e0 leurs besoins et aux performances souhait\u00e9es (techniques et \u00e9conomiques), tout en satisfaisant aux exigences de qualit\u00e9 et aux normes environnementales.<\/p>\n<p>&nbsp;<\/p>\n<p>&nbsp;<\/p>\n<h4 class=\"p1\"><b>CAPTAGE &amp; STOCKAGE D\u2019EAU BRUTE<\/b><\/h4>\n<p class=\"p1\">Afin de <strong>mobiliser efficacement la ressource en eau<\/strong> en vue de satisfaire les besoins en eau potable et pour l\u2019irrigation, nous mettons \u00e0 profit nos expertises en :<\/p>\n<ul>\n<li class=\"p1\">conception et construction d\u2019infrastructures,<\/li>\n<li class=\"p1\">fourniture et installation des \u00e9quipements \u00e9lectrom\u00e9caniques,<\/li>\n<li class=\"p1\">entretien et optimisation des ouvrages existants.<\/li>\n<\/ul>\n<p><strong>HYDROPLUS<\/strong><\/p>\n<div id=\"attachment_18483\" style=\"width: 423px\" class=\"wp-caption alignright\"><img loading=\"lazy\" decoding=\"async\" aria-describedby=\"caption-attachment-18483\" class=\"wp-image-18483 size-full\" src=\"https:\/\/www.vinci-construction-projets.com\/wp-content\/uploads\/2022\/11\/ile-maurice.jpg\" alt=\"\" width=\"413\" height=\"310\" srcset=\"https:\/\/www.vinci-construction-projets.com\/wp-content\/uploads\/2022\/11\/ile-maurice.jpg 413w, https:\/\/www.vinci-construction-projets.com\/wp-content\/uploads\/2022\/11\/ile-maurice-300x225.jpg 300w, https:\/\/www.vinci-construction-projets.com\/wp-content\/uploads\/2022\/11\/ile-maurice-400x300.jpg 400w, https:\/\/www.vinci-construction-projets.com\/wp-content\/uploads\/2022\/11\/ile-maurice-320x240.jpg 320w, https:\/\/www.vinci-construction-projets.com\/wp-content\/uploads\/2022\/11\/ile-maurice-380x285.jpg 380w, https:\/\/www.vinci-construction-projets.com\/wp-content\/uploads\/2022\/11\/ile-maurice-386x290.jpg 386w, https:\/\/www.vinci-construction-projets.com\/wp-content\/uploads\/2022\/11\/ile-maurice-266x200.jpg 266w, https:\/\/www.vinci-construction-projets.com\/wp-content\/uploads\/2022\/11\/ile-maurice-285x214.jpg 285w\" sizes=\"auto, (max-width: 413px) 100vw, 413px\" \/><p id=\"caption-attachment-18483\" class=\"wp-caption-text\">Ile Maurice \u2013 Barrage de Sans Souci &#8211; Augmentation de la capacit\u00e9 de la capacit\u00e9 de stockage par la mise en place de Fusegate\u00ae de 3m de haut<\/p><\/div>\n<p class=\"p1\"><a href=\"http:\/\/www.hydroplus.com\/hydroplus\/hydroplus.nsf\/web\/index.htm&amp;lng=L2\" target=\"_blank\" rel=\"attachment wp-att-8121 noopener noreferrer\"><img loading=\"lazy\" decoding=\"async\" class=\"wp-image-8121 alignleft\" src=\"http:\/\/vinci-construction-projets.com\/wp-content\/uploads\/2016\/12\/H-289x300.jpg\" alt=\"h\" width=\"101\" height=\"105\" srcset=\"https:\/\/www.vinci-construction-projets.com\/wp-content\/uploads\/2016\/12\/H-289x300.jpg 289w, https:\/\/www.vinci-construction-projets.com\/wp-content\/uploads\/2016\/12\/H-768x796.jpg 768w, https:\/\/www.vinci-construction-projets.com\/wp-content\/uploads\/2016\/12\/H-988x1024.jpg 988w, https:\/\/www.vinci-construction-projets.com\/wp-content\/uploads\/2016\/12\/H-714x740.jpg 714w, https:\/\/www.vinci-construction-projets.com\/wp-content\/uploads\/2016\/12\/H-400x415.jpg 400w, https:\/\/www.vinci-construction-projets.com\/wp-content\/uploads\/2016\/12\/H-232x240.jpg 232w, https:\/\/www.vinci-construction-projets.com\/wp-content\/uploads\/2016\/12\/H-502x520.jpg 502w, https:\/\/www.vinci-construction-projets.com\/wp-content\/uploads\/2016\/12\/H-328x340.jpg 328w, https:\/\/www.vinci-construction-projets.com\/wp-content\/uploads\/2016\/12\/H-275x285.jpg 275w, https:\/\/www.vinci-construction-projets.com\/wp-content\/uploads\/2016\/12\/H-444x460.jpg 444w, https:\/\/www.vinci-construction-projets.com\/wp-content\/uploads\/2016\/12\/H-386x400.jpg 386w, https:\/\/www.vinci-construction-projets.com\/wp-content\/uploads\/2016\/12\/H-463x480.jpg 463w, https:\/\/www.vinci-construction-projets.com\/wp-content\/uploads\/2016\/12\/H-695x720.jpg 695w, https:\/\/www.vinci-construction-projets.com\/wp-content\/uploads\/2016\/12\/H-338x350.jpg 338w, https:\/\/www.vinci-construction-projets.com\/wp-content\/uploads\/2016\/12\/H-193x200.jpg 193w, https:\/\/www.vinci-construction-projets.com\/wp-content\/uploads\/2016\/12\/H-285x295.jpg 285w, https:\/\/www.vinci-construction-projets.com\/wp-content\/uploads\/2016\/12\/H-357x370.jpg 357w, https:\/\/www.vinci-construction-projets.com\/wp-content\/uploads\/2016\/12\/H.jpg 1772w\" sizes=\"auto, (max-width: 101px) 100vw, 101px\" \/><\/a><\/p>\n<p>Hydroplus d\u00e9veloppe et commercialise \u00e0 l\u2019\u00e9chelle internationale des proc\u00e9d\u00e9s brevet\u00e9s dont la Fusegate<a href=\"http:\/\/www.hydroplus.com\/hydroplus\/hydroplus.nsf\/web\/index.htm&amp;lng=L2\">\u00ae<\/a> qui permet d\u2019accro\u00eetre la capacit\u00e9 de stockage des r\u00e9servoirs, d\u2019am\u00e9liorer la s\u00e9curit\u00e9 des barrages et de contr\u00f4ler la crue des rivi\u00e8res.<\/p>\n<p>Simple et rapide \u00e0 mettre en \u0153uvre, le syst\u00e8me Fusegate<a href=\"http:\/\/www.hydroplus.com\/hydroplus\/hydroplus.nsf\/web\/index.htm&amp;lng=L2\">\u00ae<\/a> constitue une solution \u00e9conomique se distinguant des syst\u00e8mes conventionnels par sa fiabilit\u00e9 ainsi que par une dur\u00e9e de vie \u00e9lev\u00e9e et une maintenance minimale.<\/p>\n<h4><\/h4>\n<p>&nbsp;<\/p>\n<p>&nbsp;<\/p>\n<p>&nbsp;<\/p>\n<p>&nbsp;<\/p>\n<p>&nbsp;<\/p>\n<h4><b>PRODUCTION D\u2019EAU POTABLE<\/b><\/h4>\n<p class=\"p1\">En tant qu\u2019ensemblier capable de concevoir et de construire des <strong>usines de production d\u2019eau potable \u00e0 partir de tous les types d\u2019eau brute<\/strong>, nous r\u00e9pondons \u00e0 tous les d\u00e9fit sanitaires actuels et futurs.<\/p>\n<p class=\"p1\">Notre d\u00e9partement hydraulique\u00a0con\u00e7oit\u00a0des projets sur-mesure, parfaitement adapt\u00e9s \u00e0 chaque situation, avec <strong>int\u00e9grant les proc\u00e9d\u00e9s de traitement les plus efficaces, fiables et \u00e9conomiquement performants<\/strong>. Nous disposons d\u2019une gamme compl\u00e8te de proc\u00e9d\u00e9s de traitement pour r\u00e9pondre \u00e0 toutes qualit\u00e9s d\u2019eau brutes et assurer, en toutes circonstance, une eau r\u00e9pondant aux crit\u00e8res de potabilit\u00e9.<\/p>\n<p class=\"p1\">Ma\u00eetrisant <strong>toutes les proc\u00e9d\u00e9s conventionnels<\/strong> (d\u00e9cantations, filtration, chloration), nous proposons aussi des <strong>proc\u00e9d\u00e9s plus technologiques<\/strong> (r\u00e9acteur \u00e0 charbon actif : Carbosogea\u00ae, ultrafiltration membranaire : MBV Pure\u2122\u2026) pour atteindre les objectifs fix\u00e9s par nos clients.<\/p>\n<h4><\/h4>\n<h4><\/h4>\n<p>&nbsp;<\/p>\n<p>&nbsp;<\/p>\n<div id=\"attachment_18487\" style=\"width: 608px\" class=\"wp-caption alignleft\"><img loading=\"lazy\" decoding=\"async\" aria-describedby=\"caption-attachment-18487\" class=\"wp-image-18487 \" src=\"https:\/\/www.vinci-construction-projets.com\/wp-content\/uploads\/2022\/11\/PS70-Doha.jpg\" alt=\"\" width=\"598\" height=\"404\" srcset=\"https:\/\/www.vinci-construction-projets.com\/wp-content\/uploads\/2022\/11\/PS70-Doha.jpg 1384w, https:\/\/www.vinci-construction-projets.com\/wp-content\/uploads\/2022\/11\/PS70-Doha-300x203.jpg 300w, https:\/\/www.vinci-construction-projets.com\/wp-content\/uploads\/2022\/11\/PS70-Doha-768x519.jpg 768w, https:\/\/www.vinci-construction-projets.com\/wp-content\/uploads\/2022\/11\/PS70-Doha-1024x692.jpg 1024w, https:\/\/www.vinci-construction-projets.com\/wp-content\/uploads\/2022\/11\/PS70-Doha-1095x740.jpg 1095w, https:\/\/www.vinci-construction-projets.com\/wp-content\/uploads\/2022\/11\/PS70-Doha-400x270.jpg 400w, https:\/\/www.vinci-construction-projets.com\/wp-content\/uploads\/2022\/11\/PS70-Doha-355x240.jpg 355w, https:\/\/www.vinci-construction-projets.com\/wp-content\/uploads\/2022\/11\/PS70-Doha-720x486.jpg 720w, https:\/\/www.vinci-construction-projets.com\/wp-content\/uploads\/2022\/11\/PS70-Doha-503x340.jpg 503w, https:\/\/www.vinci-construction-projets.com\/wp-content\/uploads\/2022\/11\/PS70-Doha-422x285.jpg 422w, https:\/\/www.vinci-construction-projets.com\/wp-content\/uploads\/2022\/11\/PS70-Doha-681x460.jpg 681w, https:\/\/www.vinci-construction-projets.com\/wp-content\/uploads\/2022\/11\/PS70-Doha-386x261.jpg 386w, https:\/\/www.vinci-construction-projets.com\/wp-content\/uploads\/2022\/11\/PS70-Doha-711x480.jpg 711w, https:\/\/www.vinci-construction-projets.com\/wp-content\/uploads\/2022\/11\/PS70-Doha-518x350.jpg 518w, https:\/\/www.vinci-construction-projets.com\/wp-content\/uploads\/2022\/11\/PS70-Doha-296x200.jpg 296w, https:\/\/www.vinci-construction-projets.com\/wp-content\/uploads\/2022\/11\/PS70-Doha-285x193.jpg 285w, https:\/\/www.vinci-construction-projets.com\/wp-content\/uploads\/2022\/11\/PS70-Doha-548x370.jpg 548w\" sizes=\"auto, (max-width: 598px) 100vw, 598px\" \/><p id=\"caption-attachment-18487\" class=\"wp-caption-text\">Station de pompage PS70 (Doha)<\/p><\/div>\n<h4 class=\"p1\"><b>POMPAGE, TRANSFERT <\/b>&amp;<b> DISTRIBUTION<\/b><\/h4>\n<p class=\"p1\">Nos expertises et notre exp\u00e9rience nous permettent d\u2019intervenir dans la r\u00e9alisation cl\u00e9s en main de tout type de projet de pompage, quel qu&rsquo;en soit le d\u00e9bit, la pression ou la hauteur de relevage.<br \/>\nNous posons aussi des canalisations de tous diam\u00e8tres et en tous types de mat\u00e9riaux (fonte, PEHD, PVC, acier\u2026) et ma\u00eetrisons toutes les techniques de pose (tranch\u00e9e ouverte, fon\u00e7age, micro-tunnelier), r\u00e9alisant ou r\u00e9habilitant ainsi des r\u00e9seaux de distribution de toutes tailles.<\/p>\n<p>&nbsp;<\/p>\n<h4><\/h4>\n<h4><\/h4>\n<h4><\/h4>\n<h4><\/h4>\n<h4><\/h4>\n<h4><\/h4>\n<h4><\/h4>\n<p>&nbsp;<\/p>\n<p>&nbsp;<\/p>\n<p>&nbsp;<\/p>\n<p>&nbsp;<\/p>\n<h4 class=\"p1\"><b>COLLECTE &amp; TRANSFERT D\u2019EAUX US\u00c9ES<\/b><\/h4>\n<p class=\"p1\">La collecte et le transfert des eaux us\u00e9es sont un enjeu essentiel pour la pr\u00e9servation de l\u2019eau, des cours d\u2019eau et des nappes souterraines.<\/p>\n<p>Notre expertise s\u2019\u00e9tend de la conception- construction, \u00e0 la r\u00e9habilitation l\u2019entretien des r\u00e9seaux d\u2019assainissement, au-del\u00e0 des ouvrages qui leur sont associ\u00e9s. Cette expertise est d\u00e9clin\u00e9e aussi bien sur des infrastructures \u00e0 petite \u00e9chelle que sur des projets d\u2019envergure exceptionnelle.<\/p>\n<p class=\"p1\">Nous ma\u00eetrisons en particulier\u00a0<strong>toutes les technologies de pose de collecteurs et de conduite de transfert<\/strong>, que ce soit en r\u00e9seau gravitaire ou sous pression, en pose traditionnelle, par fon\u00e7age, micro-tunnelier ou tunnelier.<\/p>\n<h4><\/h4>\n<h4><\/h4>\n<p>&nbsp;<\/p>\n<div id=\"attachment_18490\" style=\"width: 610px\" class=\"wp-caption alignright\"><img loading=\"lazy\" decoding=\"async\" aria-describedby=\"caption-attachment-18490\" class=\"wp-image-18490 \" src=\"https:\/\/www.vinci-construction-projets.com\/wp-content\/uploads\/2022\/11\/Station-Bruxelles-Sud-1024x684.jpg\" alt=\"\" width=\"600\" height=\"401\" srcset=\"https:\/\/www.vinci-construction-projets.com\/wp-content\/uploads\/2022\/11\/Station-Bruxelles-Sud-1024x684.jpg 1024w, https:\/\/www.vinci-construction-projets.com\/wp-content\/uploads\/2022\/11\/Station-Bruxelles-Sud-300x200.jpg 300w, https:\/\/www.vinci-construction-projets.com\/wp-content\/uploads\/2022\/11\/Station-Bruxelles-Sud-768x513.jpg 768w, https:\/\/www.vinci-construction-projets.com\/wp-content\/uploads\/2022\/11\/Station-Bruxelles-Sud-1108x740.jpg 1108w, https:\/\/www.vinci-construction-projets.com\/wp-content\/uploads\/2022\/11\/Station-Bruxelles-Sud-400x267.jpg 400w, https:\/\/www.vinci-construction-projets.com\/wp-content\/uploads\/2022\/11\/Station-Bruxelles-Sud-359x240.jpg 359w, https:\/\/www.vinci-construction-projets.com\/wp-content\/uploads\/2022\/11\/Station-Bruxelles-Sud-720x481.jpg 720w, https:\/\/www.vinci-construction-projets.com\/wp-content\/uploads\/2022\/11\/Station-Bruxelles-Sud-509x340.jpg 509w, https:\/\/www.vinci-construction-projets.com\/wp-content\/uploads\/2022\/11\/Station-Bruxelles-Sud-427x285.jpg 427w, https:\/\/www.vinci-construction-projets.com\/wp-content\/uploads\/2022\/11\/Station-Bruxelles-Sud-689x460.jpg 689w, https:\/\/www.vinci-construction-projets.com\/wp-content\/uploads\/2022\/11\/Station-Bruxelles-Sud-386x258.jpg 386w, https:\/\/www.vinci-construction-projets.com\/wp-content\/uploads\/2022\/11\/Station-Bruxelles-Sud-719x480.jpg 719w, https:\/\/www.vinci-construction-projets.com\/wp-content\/uploads\/2022\/11\/Station-Bruxelles-Sud-524x350.jpg 524w, https:\/\/www.vinci-construction-projets.com\/wp-content\/uploads\/2022\/11\/Station-Bruxelles-Sud-285x190.jpg 285w, https:\/\/www.vinci-construction-projets.com\/wp-content\/uploads\/2022\/11\/Station-Bruxelles-Sud-554x370.jpg 554w, https:\/\/www.vinci-construction-projets.com\/wp-content\/uploads\/2022\/11\/Station-Bruxelles-Sud.jpg 1384w\" sizes=\"auto, (max-width: 600px) 100vw, 600px\" \/><p id=\"caption-attachment-18490\" class=\"wp-caption-text\">Station d\u2019\u00e9puration de Bruxelles Sud (Belgique)<\/p><\/div>\n<h4 class=\"p1\"><b>TRAITEMENT DES EAUX US\u00c9ES<\/b><\/h4>\n<p><strong>Seul ensemblier fran\u00e7ais de l\u2019\u00e9puration des eaux us\u00e9es et pluviales<\/strong>, nous d\u00e9veloppons et proposons\u00a0<strong>une gamme de produits et proc\u00e9d\u00e9s compl\u00e8te et coh\u00e9rente<\/strong>, pour que l\u2019eau retournant dans son milieu naturel soit conforme aux r\u00e8glementations environnementales les plus drastiques.<\/p>\n<p>Outre nos nombreuses r\u00e9f\u00e9rences de\u00a0<strong>stations d\u2019\u00e9puration de configuration classique<\/strong>, nous avons d\u00e9velopp\u00e9 des\u00a0<strong>solutions efficaces pour r\u00e9pondre aux enjeux environnementaux d\u2019aujourd\u2019hui et de demain<\/strong>, parmi lesquelles le traitement par cultures fix\u00e9es R3F\u2122 (proc\u00e9d\u00e9 MBBR) et la s\u00e9paration membranaire R-MES\u2122 (proc\u00e9d\u00e9 MBR), technologie permettant, entre autres, la r\u00e9utilisation cibl\u00e9e des eaux trait\u00e9es (Re-Use).<\/p>\n<p>De m\u00eame, notre d\u00e9marche EcoSave\u00ae, bas\u00e9e sur l\u2019analyse compl\u00e8te et le suivi effectif du cycle de vie des installations, garantit <strong>leur ad\u00e9quation avec une empreinte environnementale ma\u00eetris\u00e9e et une exploitation optimis\u00e9e<\/strong>.<\/p>\n<p>&nbsp;<\/p>\n<h4 class=\"p1\">R\u00c9DUCTION DES EAUX NON FACTUR\u00c9ES ET <em>SMART NETWORKS<\/em><\/h4>\n<p class=\"p1\">Acteur du d\u00e9veloppement et du d\u00e9ploiement de s<em>mart networks<\/em>, nous int\u00e9grons\u00a0<strong>ing\u00e9nierie et syst\u00e8mes intelligents pour optimiser la gestion des syst\u00e8mes d\u2019eau et d\u2019assainissement<\/strong>.<\/p>\n<p class=\"p1\"><b><a href=\"http:\/\/www.wmi-water.com\/WMI\/wmi.nsf\/web\/index.htm&amp;lng=1\" target=\"_blank\" rel=\"attachment wp-att-8119 noopener noreferrer\"><img loading=\"lazy\" decoding=\"async\" class=\"wp-image-8119 alignleft\" src=\"http:\/\/vinci-construction-projets.com\/wp-content\/uploads\/2016\/12\/wmi-300x139.jpg\" alt=\"wmi\" width=\"170\" height=\"79\" srcset=\"https:\/\/www.vinci-construction-projets.com\/wp-content\/uploads\/2016\/12\/wmi-300x139.jpg 300w, https:\/\/www.vinci-construction-projets.com\/wp-content\/uploads\/2016\/12\/wmi-768x356.jpg 768w, https:\/\/www.vinci-construction-projets.com\/wp-content\/uploads\/2016\/12\/wmi-400x185.jpg 400w, https:\/\/www.vinci-construction-projets.com\/wp-content\/uploads\/2016\/12\/wmi-720x334.jpg 720w, https:\/\/www.vinci-construction-projets.com\/wp-content\/uploads\/2016\/12\/wmi-600x278.jpg 600w, https:\/\/www.vinci-construction-projets.com\/wp-content\/uploads\/2016\/12\/wmi-590x273.jpg 590w, https:\/\/www.vinci-construction-projets.com\/wp-content\/uploads\/2016\/12\/wmi-793x368.jpg 793w, https:\/\/www.vinci-construction-projets.com\/wp-content\/uploads\/2016\/12\/wmi-386x179.jpg 386w, https:\/\/www.vinci-construction-projets.com\/wp-content\/uploads\/2016\/12\/wmi-780x362.jpg 780w, https:\/\/www.vinci-construction-projets.com\/wp-content\/uploads\/2016\/12\/wmi-755x350.jpg 755w, https:\/\/www.vinci-construction-projets.com\/wp-content\/uploads\/2016\/12\/wmi-285x132.jpg 285w, https:\/\/www.vinci-construction-projets.com\/wp-content\/uploads\/2016\/12\/wmi-798x370.jpg 798w, https:\/\/www.vinci-construction-projets.com\/wp-content\/uploads\/2016\/12\/wmi.jpg 973w\" sizes=\"auto, (max-width: 170px) 100vw, 170px\" \/><\/a><\/b><\/p>\n<p>Avec\u00a0<a href=\"http:\/\/www.wmi-water.com\/\">notre filiale WMI<\/a>, nous apportons une\u00a0<strong>solution modulable de diagnostic, d\u2019optimisation et d\u2019aide \u00e0 la gestion performante des r\u00e9seaux d\u2019eau et d\u2019assainissement pour un meilleur rendement technique et commercial<\/strong>. Nos comp\u00e9tences en r\u00e9duction des eaux non factur\u00e9es, recherche de fuites non visibles, r\u00e9gulation des pressions, sectorisation et mod\u00e9lisation hydraulique de r\u00e9seaux, optimisation des syst\u00e8mes de comptage et gestion des abonn\u00e9s font de WMI un leader sur ce march\u00e9.<br \/>\nWMI \u00e9tablit avec les gestionnaires les solutions adapt\u00e9es d\u2019analyse, de traitement et de restitution de donn\u00e9es. Des solutions de communication interop\u00e9rables, compatibles avec les syst\u00e8mes en place sont privil\u00e9gi\u00e9es.<\/p>\n<p>Gr\u00e2ce \u00e0 la gestion intelligente des r\u00e9seaux, nous \u0153uvrons pour\u00a0<strong>plus de s\u00e9curit\u00e9, de fiabilit\u00e9, de ma\u00eetrise d\u00e9cisionnelle et op\u00e9rationnelle<\/strong>. Nous offrons un meilleur service \u00e0 nos clients, ainsi qu\u2019une\u00a0<strong>performance environnementale et \u00e9conomique<\/strong>\u00a0optimis\u00e9e.<\/p>\n<p>&nbsp;<\/p>\n","protected":false},"excerpt":{"rendered":"<p>Une expertise hydraulique unique Nous intervenons \u00e0 toutes les \u00e9tapes d\u2019un projet en proposant des solutions adapt\u00e9es et modulables : depuis le captage de l\u2019eau jusqu\u2019\u00e0 son \u00e9puration pour son retour en milieu naturel, en passant par le traitement, le stockage, le transfert et la distribution. Nous r\u00e9alisons des projets cl\u00e9s en main (de la [&hellip;]<\/p>\n","protected":false},"author":17,"featured_media":0,"parent":1840,"menu_order":0,"comment_status":"closed","ping_status":"closed","template":"","meta":{"_acf_changed":false,"footnotes":""},"class_list":["post-8115","page","type-page","status-publish","hentry"],"acf":[],"_links":{"self":[{"href":"https:\/\/www.vinci-construction-projets.com\/fr\/wp-json\/wp\/v2\/pages\/8115","targetHints":{"allow":["GET"]}}],"collection":[{"href":"https:\/\/www.vinci-construction-projets.com\/fr\/wp-json\/wp\/v2\/pages"}],"about":[{"href":"https:\/\/www.vinci-construction-projets.com\/fr\/wp-json\/wp\/v2\/types\/page"}],"author":[{"embeddable":true,"href":"https:\/\/www.vinci-construction-projets.com\/fr\/wp-json\/wp\/v2\/users\/17"}],"replies":[{"embeddable":true,"href":"https:\/\/www.vinci-construction-projets.com\/fr\/wp-json\/wp\/v2\/comments?post=8115"}],"version-history":[{"count":50,"href":"https:\/\/www.vinci-construction-projets.com\/fr\/wp-json\/wp\/v2\/pages\/8115\/revisions"}],"predecessor-version":[{"id":18534,"href":"https:\/\/www.vinci-construction-projets.com\/fr\/wp-json\/wp\/v2\/pages\/8115\/revisions\/18534"}],"up":[{"embeddable":true,"href":"https:\/\/www.vinci-construction-projets.com\/fr\/wp-json\/wp\/v2\/pages\/1840"}],"wp:attachment":[{"href":"https:\/\/www.vinci-construction-projets.com\/fr\/wp-json\/wp\/v2\/media?parent=8115"}],"curies":[{"name":"wp","href":"https:\/\/api.w.org\/{rel}","templated":true}]}}