{"id":8742,"date":"2017-02-06T16:07:41","date_gmt":"2017-02-06T15:07:41","guid":{"rendered":"http:\/\/vinci-construction-projets.com\/fr\/?page_id=8742"},"modified":"2022-11-14T10:42:49","modified_gmt":"2022-11-14T09:42:49","slug":"etudes-de-prix-planification","status":"publish","type":"page","link":"https:\/\/www.vinci-construction-projets.com\/fr\/nos-savoir-faire\/nos-expertises\/etudes-de-prix-planification\/","title":{"rendered":"\u00c9tudes de prix et planification"},"content":{"rendered":"<h4 class=\"p1\">UNE COMPREHENSION UNIQUE DES PROJETS<\/h4>\n<p class=\"p1\">Nous \u00e9tablissons le chiffrage et la planification des projets en phase d\u2019appel d\u2019offre en \u00e9troite relation avec les \u00e9quipes en charge de la conception, des m\u00e9thodes et des achats. Ensemble, nous \u00e9laborons un sc\u00e9nario de construction clair et d\u00e9taill\u00e9 et proposons des optimisations et des variantes pour un chantier plus performant, plus durable et plus \u00e9conomique.<\/p>\n<p class=\"p1\">Nos personnels sp\u00e9cialis\u00e9s en \u00e9tude de prix b\u00e9n\u00e9ficient d\u2019une formation en ing\u00e9nierie, qui garantit une<strong> pleine compr\u00e9hension de l\u2019objet \u00e0 concevoir et des moyens n\u00e9cessaires \u00e0 sa r\u00e9alisation<\/strong> De plus, nos \u00e9quipes de planification<strong> \u00e9crivent \u00e0 l\u2019avance le d\u00e9roul\u00e9 du chantier<\/strong>, une op\u00e9ration aujourd\u2019hui incontournable pour la conception de projets en BIM. Les interfaces, d\u00e9lais et co\u00fbts de conception et de construction sont donc finement appr\u00e9hend\u00e9s.<\/p>\n<p>Les \u00e9quipes accompagnent aussi au besoin les projets en phase d\u2019\u00e9x\u00e9cution sur les aspects planifications et, pour les \u00e9quipes d\u2019\u00e9tudes de prix, dans le cadre de nouveaux travaux ou de montage de dossier de r\u00e9clamation.<\/p>\n<h5 class=\"p1\"><a href=\"http:\/\/vinci-construction-projets.com\/fr\/notre-expertise\/infographie\/etudes-de-prix-planification\/assiout2\/\" rel=\"attachment wp-att-8748\"><img loading=\"lazy\" decoding=\"async\" class=\"alignright wp-image-8748 size-full\" src=\"http:\/\/vinci-construction-projets.com\/wp-content\/uploads\/2017\/02\/Assiout2.jpg\" alt=\"assiout2\" width=\"598\" height=\"339\" srcset=\"https:\/\/www.vinci-construction-projets.com\/wp-content\/uploads\/2017\/02\/Assiout2.jpg 598w, https:\/\/www.vinci-construction-projets.com\/wp-content\/uploads\/2017\/02\/Assiout2-300x170.jpg 300w, https:\/\/www.vinci-construction-projets.com\/wp-content\/uploads\/2017\/02\/Assiout2-400x227.jpg 400w, https:\/\/www.vinci-construction-projets.com\/wp-content\/uploads\/2017\/02\/Assiout2-503x285.jpg 503w, https:\/\/www.vinci-construction-projets.com\/wp-content\/uploads\/2017\/02\/Assiout2-386x219.jpg 386w, https:\/\/www.vinci-construction-projets.com\/wp-content\/uploads\/2017\/02\/Assiout2-353x200.jpg 353w, https:\/\/www.vinci-construction-projets.com\/wp-content\/uploads\/2017\/02\/Assiout2-285x162.jpg 285w\" sizes=\"auto, (max-width: 598px) 100vw, 598px\" \/><\/a>Focus barrage d&rsquo;Assiout<\/h5>\n<p class=\"p1\"><em>\u00c0 Assiout pour la construction du <a href=\"http:\/\/vinci-construction-projets.com\/fr\/realisations\/nouveau-barrage-assiout\/\" target=\"_blank\" rel=\"noopener\">nouveau barrage<\/a>, La variante technique que nous avons propos\u00e9e pour la construction du nouveau barrage d\u2019Assiout a permis de r\u00e9duire le budget de 15 % par rapport \u00e0 l\u2019offre de nos concurrents. Aux travaux complexes de b\u00e9tons immerg\u00e9s, les bureaux d\u2019\u00e9tudes du si\u00e8ge en France et ceux install\u00e9s au Caire ont pr\u00e9f\u00e9r\u00e9 l\u2019abaissement du niveau du Nil et de sa nappe phr\u00e9atique de 28 m gr\u00e2ce \u00e0 une digue provisoire et un syst\u00e8me de pompage. Les travaux de fondations ont ainsi pu \u00eatre r\u00e9alis\u00e9s \u00e0 sec, y compris pendant les crues l\u00e9gendaires du fleuve \u00e9gyptien.<\/em><\/p>\n<p>&nbsp;<\/p>\n<p>&nbsp;<\/p>\n<p>&nbsp;<\/p>\n<p>&nbsp;<\/p>\n","protected":false},"excerpt":{"rendered":"<p>UNE COMPREHENSION UNIQUE DES PROJETS Nous \u00e9tablissons le chiffrage et la planification des projets en phase d\u2019appel d\u2019offre en \u00e9troite relation avec les \u00e9quipes en charge de la conception, des m\u00e9thodes et des achats. Ensemble, nous \u00e9laborons un sc\u00e9nario de construction clair et d\u00e9taill\u00e9 et proposons des optimisations et des variantes pour un chantier plus [&hellip;]<\/p>\n","protected":false},"author":17,"featured_media":0,"parent":1840,"menu_order":0,"comment_status":"closed","ping_status":"closed","template":"","meta":{"_acf_changed":false,"footnotes":""},"class_list":["post-8742","page","type-page","status-publish","hentry"],"acf":[],"_links":{"self":[{"href":"https:\/\/www.vinci-construction-projets.com\/fr\/wp-json\/wp\/v2\/pages\/8742","targetHints":{"allow":["GET"]}}],"collection":[{"href":"https:\/\/www.vinci-construction-projets.com\/fr\/wp-json\/wp\/v2\/pages"}],"about":[{"href":"https:\/\/www.vinci-construction-projets.com\/fr\/wp-json\/wp\/v2\/types\/page"}],"author":[{"embeddable":true,"href":"https:\/\/www.vinci-construction-projets.com\/fr\/wp-json\/wp\/v2\/users\/17"}],"replies":[{"embeddable":true,"href":"https:\/\/www.vinci-construction-projets.com\/fr\/wp-json\/wp\/v2\/comments?post=8742"}],"version-history":[{"count":23,"href":"https:\/\/www.vinci-construction-projets.com\/fr\/wp-json\/wp\/v2\/pages\/8742\/revisions"}],"predecessor-version":[{"id":18538,"href":"https:\/\/www.vinci-construction-projets.com\/fr\/wp-json\/wp\/v2\/pages\/8742\/revisions\/18538"}],"up":[{"embeddable":true,"href":"https:\/\/www.vinci-construction-projets.com\/fr\/wp-json\/wp\/v2\/pages\/1840"}],"wp:attachment":[{"href":"https:\/\/www.vinci-construction-projets.com\/fr\/wp-json\/wp\/v2\/media?parent=8742"}],"curies":[{"name":"wp","href":"https:\/\/api.w.org\/{rel}","templated":true}]}}