{"id":8761,"date":"2017-02-06T16:56:47","date_gmt":"2017-02-06T15:56:47","guid":{"rendered":"http:\/\/vinci-construction-projets.com\/fr\/?page_id=8761"},"modified":"2022-11-15T10:01:18","modified_gmt":"2022-11-15T09:01:18","slug":"materiel","status":"publish","type":"page","link":"https:\/\/www.vinci-construction-projets.com\/fr\/nos-savoir-faire\/nos-expertises\/materiel\/","title":{"rendered":"Mat\u00e9riel"},"content":{"rendered":"<h4><\/h4>\n<h4 class=\"p1\"><img loading=\"lazy\" decoding=\"async\" class=\"alignright wp-image-8772 size-full\" src=\"http:\/\/vinci-construction-projets.com\/wp-content\/uploads\/2017\/02\/NOH-0062.jpg\" alt=\"noh-0062\" width=\"599\" height=\"340\" srcset=\"https:\/\/www.vinci-construction-projets.com\/wp-content\/uploads\/2017\/02\/NOH-0062.jpg 599w, https:\/\/www.vinci-construction-projets.com\/wp-content\/uploads\/2017\/02\/NOH-0062-300x170.jpg 300w, https:\/\/www.vinci-construction-projets.com\/wp-content\/uploads\/2017\/02\/NOH-0062-400x227.jpg 400w, https:\/\/www.vinci-construction-projets.com\/wp-content\/uploads\/2017\/02\/NOH-0062-502x285.jpg 502w, https:\/\/www.vinci-construction-projets.com\/wp-content\/uploads\/2017\/02\/NOH-0062-386x219.jpg 386w, https:\/\/www.vinci-construction-projets.com\/wp-content\/uploads\/2017\/02\/NOH-0062-352x200.jpg 352w, https:\/\/www.vinci-construction-projets.com\/wp-content\/uploads\/2017\/02\/NOH-0062-285x162.jpg 285w\" sizes=\"auto, (max-width: 599px) 100vw, 599px\" \/><\/h4>\n<h4 class=\"p1\">Une gestion efficace pour un parc mat\u00e9riel s\u00fbr<\/h4>\n<p>&nbsp;<\/p>\n<p class=\"p1\">VINCI Construction Grands Projets, c\u2019est en permanence une quarantaine de projets de grande ampleur dans plus de 20 pays sur tous les continents. <strong>G\u00e9rer efficacement un parc mat\u00e9riel aussi mondialis\u00e9<\/strong> avec des ressources locales et des normes r\u00e9gionales aussi vari\u00e9es est<strong> un d\u00e9fi \u00e0 part enti\u00e8re.<\/strong><br \/>\nNous avons donc mis au point <strong>un outil interne de gestion du mat\u00e9riel<\/strong> au service de notre ambition partag\u00e9e : fournir aux projets des engins et outils s\u00fbrs, dont la maintenance rigoureuse est gage de performance, et permettre leur mobilisation rapide sur partout dans le monde.<\/p>\n<p>&nbsp;<\/p>\n<p>&nbsp;<\/p>\n<h5 class=\"p1\"><img loading=\"lazy\" decoding=\"async\" class=\"alignright wp-image-8762 size-full\" src=\"http:\/\/vinci-construction-projets.com\/wp-content\/uploads\/2017\/02\/NRL-LA-REUNION-10-2016185.jpg\" alt=\"nrl-la-reunion-10-2016185\" width=\"599\" height=\"340\" srcset=\"https:\/\/www.vinci-construction-projets.com\/wp-content\/uploads\/2017\/02\/NRL-LA-REUNION-10-2016185.jpg 599w, https:\/\/www.vinci-construction-projets.com\/wp-content\/uploads\/2017\/02\/NRL-LA-REUNION-10-2016185-300x170.jpg 300w, https:\/\/www.vinci-construction-projets.com\/wp-content\/uploads\/2017\/02\/NRL-LA-REUNION-10-2016185-400x227.jpg 400w, https:\/\/www.vinci-construction-projets.com\/wp-content\/uploads\/2017\/02\/NRL-LA-REUNION-10-2016185-502x285.jpg 502w, https:\/\/www.vinci-construction-projets.com\/wp-content\/uploads\/2017\/02\/NRL-LA-REUNION-10-2016185-386x219.jpg 386w, https:\/\/www.vinci-construction-projets.com\/wp-content\/uploads\/2017\/02\/NRL-LA-REUNION-10-2016185-352x200.jpg 352w, https:\/\/www.vinci-construction-projets.com\/wp-content\/uploads\/2017\/02\/NRL-LA-REUNION-10-2016185-285x162.jpg 285w\" sizes=\"auto, (max-width: 599px) 100vw, 599px\" \/><\/h5>\n<h4 class=\"p1\">La conception d\u2019outils innovants et sp\u00e9cifiques<\/h4>\n<p class=\"p1\">Nos chantiers sont uniques. D\u2019envergure souvent hors norme, ils offrent des d\u00e9fis techniques tout aussi exceptionnels. Notre politique d\u2019innovation, tourn\u00e9e vers nos projets, invite nos \u00e9quipes \u00e0 concevoir des outils sur-mesure, \u00e0 la pointe de la technologie.<br \/>\n<strong>Ancr\u00e9e dans l\u2019ADN de VINCI Construction Grands Projets, l\u2019innovation s\u2019exprime par la mise au point d\u2019outils ou d\u2019engins prototypes<\/strong>, d\u00e9velopp\u00e9s gr\u00e2ce \u00e0 une <strong>solide culture de partenariat<\/strong> avec des industriels de diff\u00e9rents secteurs et des <strong>start-up<\/strong>.<br \/>\nNous pouvons ainsi adapter des outils existants \u00e0 nos besoins sp\u00e9cifiques, ou cr\u00e9er ex-nihilo celui qui r\u00e9pondra aux challenges que nous rencontrons. Nous produisons les analyses fonctionnelles du nouveau mat\u00e9riel avec une vigilance particuli\u00e8re sur les aspects de s\u00e9curit\u00e9 et d\u2019environnement, puis assurons le suivi de fabrication avec notre partenaire industriel avant de former \u00e0 leur utilisation les personnels recrut\u00e9s localement.<\/p>\n<p>&nbsp;<\/p>\n<p>&nbsp;<\/p>\n<p class=\"p1\"><em><strong>Focus Nouvelle Route du Littoral<\/strong><\/em><\/p>\n<p class=\"p1\"><em>Pour construire le viaduc de la <a href=\"http:\/\/vinci-construction-projets.com\/fr\/realisations\/nouvelle-route-littoral-la-reunion\/\" target=\"_blank\" rel=\"noopener\">Nouvelle Route du Littoral<\/a> \u00e0 La R\u00e9union, l\u2019un des d\u00e9fis consistait \u00e0 s\u00e9curiser les travaux maritimes apr\u00e8s les avoir r\u00e9duits au minimum n\u00e9cessaire gr\u00e2ce \u00e0 plus de 95 % de pr\u00e9fabrication \u00e0 terre. Pour poser en mer les \u00e9l\u00e9ments pr\u00e9fabriqu\u00e9s d\u2019une taille exceptionnelle, une barge auto-\u00e9l\u00e9vatrice\u00a0et autopropuls\u00e9e a \u00e9t\u00e9 mise au point, de la taille d\u2019un terrain de rugby et disposant de ponts de levage hors normes. Les \u00e9quipes d\u2019\u00e9tudes puis de chantier ont imagin\u00e9, con\u00e7u et fait construire cette barge unique pour un chantier performant et s\u00fbr.<\/em><\/p>\n<p class=\"p1\"><em><strong>Focus M\u00e9tro du Caire<\/strong><\/em><\/p>\n<p class=\"p1\"><em>Sur le chantier du <a href=\"http:\/\/vinci-construction-projets.com\/fr\/realisations\/cairo-metro\/\" target=\"_blank\" rel=\"noopener\">m\u00e9tro du Caire en \u00c9gypte<\/a>, le tunnelier d\u2019une phase pr\u00e9c\u00e9dente a \u00e9t\u00e9 transform\u00e9 pour r\u00e9aliser la phase 4a de la ligne 3. Fonctionnant jusqu\u2019alors en pression de terre, le tunnelier Imhotep a ainsi \u00e9t\u00e9 modifi\u00e9 in situ pour fonctionner en pression de boue gr\u00e2ce \u00e0 l\u2019ajout d\u2019un syst\u00e8me de marinage hydraulique.<\/em><\/p>\n","protected":false},"excerpt":{"rendered":"<p>Une gestion efficace pour un parc mat\u00e9riel s\u00fbr &nbsp; VINCI Construction Grands Projets, c\u2019est en permanence une quarantaine de projets de grande ampleur dans plus de 20 pays sur tous les continents. G\u00e9rer efficacement un parc mat\u00e9riel aussi mondialis\u00e9 avec des ressources locales et des normes r\u00e9gionales aussi vari\u00e9es est un d\u00e9fi \u00e0 part enti\u00e8re. [&hellip;]<\/p>\n","protected":false},"author":17,"featured_media":0,"parent":1840,"menu_order":0,"comment_status":"closed","ping_status":"closed","template":"","meta":{"_acf_changed":false,"footnotes":""},"class_list":["post-8761","page","type-page","status-publish","hentry"],"acf":[],"_links":{"self":[{"href":"https:\/\/www.vinci-construction-projets.com\/fr\/wp-json\/wp\/v2\/pages\/8761","targetHints":{"allow":["GET"]}}],"collection":[{"href":"https:\/\/www.vinci-construction-projets.com\/fr\/wp-json\/wp\/v2\/pages"}],"about":[{"href":"https:\/\/www.vinci-construction-projets.com\/fr\/wp-json\/wp\/v2\/types\/page"}],"author":[{"embeddable":true,"href":"https:\/\/www.vinci-construction-projets.com\/fr\/wp-json\/wp\/v2\/users\/17"}],"replies":[{"embeddable":true,"href":"https:\/\/www.vinci-construction-projets.com\/fr\/wp-json\/wp\/v2\/comments?post=8761"}],"version-history":[{"count":23,"href":"https:\/\/www.vinci-construction-projets.com\/fr\/wp-json\/wp\/v2\/pages\/8761\/revisions"}],"predecessor-version":[{"id":18588,"href":"https:\/\/www.vinci-construction-projets.com\/fr\/wp-json\/wp\/v2\/pages\/8761\/revisions\/18588"}],"up":[{"embeddable":true,"href":"https:\/\/www.vinci-construction-projets.com\/fr\/wp-json\/wp\/v2\/pages\/1840"}],"wp:attachment":[{"href":"https:\/\/www.vinci-construction-projets.com\/fr\/wp-json\/wp\/v2\/media?parent=8761"}],"curies":[{"name":"wp","href":"https:\/\/api.w.org\/{rel}","templated":true}]}}