{"id":8820,"date":"2017-02-07T11:54:32","date_gmt":"2017-02-07T10:54:32","guid":{"rendered":"http:\/\/vinci-construction-projets.com\/fr\/?page_id=8820"},"modified":"2022-11-16T14:15:29","modified_gmt":"2022-11-16T13:15:29","slug":"travaux-souterrains","status":"publish","type":"page","link":"https:\/\/www.vinci-construction-projets.com\/fr\/nos-savoir-faire\/nos-expertises\/travaux-souterrains\/","title":{"rendered":"Travaux souterrains"},"content":{"rendered":"<h4><\/h4>\n<h4><strong>UNE EXPERTISE MONDIALEMENT RECONNUE EN CONCEPTION ET CONSTRUCTION DE TUNNELS<\/strong><\/h4>\n<p>Nos clients b\u00e9n\u00e9ficient de notre savoir-faire reconnu en travaux souterrains, sollicit\u00e9 aux quatre coins du globe sur des projets d\u2019envergure. Cette expertise, confort\u00e9e par <strong>plus de 2\u00a0000 km de tunnels r\u00e9alis\u00e9s<\/strong> ces quarante derni\u00e8res ann\u00e9es, fait de nous un acteur incontournable du secteur. Notre excellence op\u00e9rationnelle est aliment\u00e9e par un retour d\u2019exp\u00e9rience \u00e0 l\u2019\u00e9chelle mondiale, issu de l\u2019ensemble de nos projets, et par des <strong>programmes d\u2019innovation partag\u00e9e au sein de VINCI Construction.<\/strong><\/p>\n<p>Nous adoptons en outre une<strong> approche partenariale avec nos clients<\/strong> afin de r\u00e9pondre \u00e0 leurs besoins uniques et r\u00e9aliser des projets qui contribuent au d\u00e9veloppement des territoires et d\u2019infrastructures p\u00e9rennes, gr\u00e2ce \u00e0 des \u00e9quipes exp\u00e9riment\u00e9es rompues aux environnements complexes, et \u00e0 notre capacit\u00e9 \u00e0 d\u00e9velopper des solutions sur-mesure.<\/p>\n<p>&nbsp;<\/p>\n<h4>LE CHOIX DE LA MEILLEURE TECHNIQUE DE CREUSEMENT : TUNNELIER OU CONVENTIONNEL<\/h4>\n<p>Nous avons d\u00e9velopp\u00e9 des comp\u00e9tences pointues dans<strong> tous les modes de creusement<\/strong>, aussi bien au tunnelier qu\u2019en conventionnel. Nous accompagnons les projets de VINCI et de ses entit\u00e9s depuis la conception, puis la r\u00e9alisation et jusqu\u2019\u00e0 la r\u00e9ception des tunnels, et ce quelle qu\u2019en soit la complexit\u00e9.<\/p>\n<div id=\"attachment_18604\" style=\"width: 407px\" class=\"wp-caption alignleft\"><img loading=\"lazy\" decoding=\"async\" aria-describedby=\"caption-attachment-18604\" class=\"wp-image-18604 size-full\" src=\"https:\/\/www.vinci-construction-projets.com\/wp-content\/uploads\/2022\/11\/travaux-souterrain-1.gif\" alt=\"\" width=\"397\" height=\"245\" \/><p id=\"caption-attachment-18604\" class=\"wp-caption-text\">Tunnel du projet Rijnlandroute aux Pays-Bas<\/p><\/div>\n<p><strong>Experts de la mise en oeuvre des tunneliers<\/strong>, nous tirons \u00e9galement profit de relations \u00e9tablies de longue date avec les meilleurs fournisseurs sp\u00e9cialis\u00e9s du domaine. Nous sommes ainsi en mesure de r\u00e9pondre aux contraintes sp\u00e9cifiques des projets de nos clients. Nous ma\u00eetrisons la <strong>pr\u00e9fabrication des voussoirs<\/strong>, dont les tol\u00e9rances sont inf\u00e9rieures au millim\u00e8tre et dont les cadences de production sont critiques pour le respect du planning, la construction des<strong> usines de traitement des boues<\/strong> lorsque n\u00e9cessaires, ainsi que<strong> toute la logistique associ\u00e9e \u00e0 l\u2019ex\u00e9cution des travaux<\/strong>, pi\u00e8ce ma\u00eetresse de tout projet souterrain et cruciale pour la bonne marche du projet.<\/p>\n<p>Notre expertise, \u00e9prouv\u00e9e aux quatre coins du monde, nous a vu poursuivre ces ann\u00e9es des projets majeurs, aussi bien sur la r\u00e9alisation de m\u00e9tros, avec notamment ceux de Copenhague au Danemark ou de Lusail au Qatar, que d\u2019infrastructures routi\u00e8res \u00e0 l\u2019image de Rijnlanroute aux Pays-Bas ou hydrauliques avec le projet Tideway au Royaume-Uni.<\/p>\n<p>&nbsp;<\/p>\n<p>&nbsp;<\/p>\n<p><img loading=\"lazy\" decoding=\"async\" class=\"size-full wp-image-18607 alignright\" src=\"https:\/\/www.vinci-construction-projets.com\/wp-content\/uploads\/2022\/11\/travaux-souterrain-2.jpg\" alt=\"\" width=\"334\" height=\"222\" srcset=\"https:\/\/www.vinci-construction-projets.com\/wp-content\/uploads\/2022\/11\/travaux-souterrain-2.jpg 334w, https:\/\/www.vinci-construction-projets.com\/wp-content\/uploads\/2022\/11\/travaux-souterrain-2-300x199.jpg 300w, https:\/\/www.vinci-construction-projets.com\/wp-content\/uploads\/2022\/11\/travaux-souterrain-2-301x200.jpg 301w, https:\/\/www.vinci-construction-projets.com\/wp-content\/uploads\/2022\/11\/travaux-souterrain-2-285x189.jpg 285w\" sizes=\"auto, (max-width: 334px) 100vw, 334px\" \/><\/p>\n<p style=\"text-align: justify;\">Nous ma\u00eetrisons \u00e9galement les <strong>techniques de creusement conventionnel<\/strong> (NATM ou SCL), aussi bien<strong> \u00e0 l\u2019explosif qu\u2019avec des m\u00e9thodes m\u00e9canis\u00e9es.<\/strong>Nos capacit\u00e9s nous permettent d\u2019intervenir sur l\u2019ensemble du spectre des op\u00e9rations, y compris la conception de dispositifs d\u2019am\u00e9lioration des sols, l\u2019installation des syst\u00e8mes d\u2019\u00e9tanch\u00e9it\u00e9 et la pose du rev\u00eatement d\u00e9finitif. Eprouv\u00e9es sur des terrains aussi divers que les flancs des montagnes de l\u2019Atlas au Maroc pour la construction de la station de transfert d\u2019\u00e9nergie par pompage d\u2019Abdelmoumen, qu\u2019en milieu urbain dense sur le plus grand projet d\u2019infrastructure de Nouvelle-Z\u00e9lande avec la r\u00e9alisation du m\u00e9tro City Rail Link d\u2019Auckland, nos<strong> solutions sur-mesure<\/strong>, parfaitement adapt\u00e9es aux probl\u00e9matiques rencontr\u00e9es, t\u00e9moignent de nos savoir-faire \u00e9tendus (par exemple, \u00e9quipements sp\u00e9cialement con\u00e7us pour le fon\u00e7age de puits, ou des s\u00e9quences d\u2019excavation complexes)<\/p>\n<p>&nbsp;<\/p>\n<p>&nbsp;<\/p>\n<h4>UNE EXPERTISE EN GEOTECHNIQUE ESSENTIELLE A LA PARFAITE REALISATION DES PROJETS<\/h4>\n<p>Notre <strong>expertise interne en g\u00e9otechnique<\/strong> assure une meilleure <strong>appr\u00e9hension de l\u2019ad\u00e9quation entre les sols et les moyens \u00e0 mettre en \u0153uvre<\/strong> pour mener \u00e0 bien nos chantiers. Cette comp\u00e9tence est le gage de notre excellence op\u00e9rationnelle lors de l\u2019ex\u00e9cution des travaux.<\/p>\n<p>Ainsi, pour la r\u00e9alisation du <a href=\"http:\/\/vinci-construction-projets.com\/fr\/realisations\/metro-doha-ligne-rouge\/\">m\u00e9tro de Doha (Red Line South)<\/a>, nous avons propos\u00e9 de remplacer les acc\u00e8s pi\u00e9tons dont la construction n\u00e9cessitait de d\u00e9vier de nombreux r\u00e9seaux urbains par des acc\u00e8s souterrains passant sous ces r\u00e9seaux, gr\u00e2ce \u00e0 un sout\u00e8nement par \u00ab m\u00e9ga-vo\u00fbte parapluie \u00bb garantissant de faibles tassements de surface.<\/p>\n<p>Nous sommes en outre \u00e0 m\u00eame <strong>d\u2019\u00e9valuer l\u2019impact du creusement de nos ouvrages sur le b\u00e2ti<\/strong> et d\u2019\u00e9tablir les consignes de conduite des tunneliers correspondantes. Le tunnel de Shieldhall, en Ecosse, en est une illustration parfaite : en d\u00e9cembre 2016, nos \u00e9quipes ont pilot\u00e9 le passage d\u2019un tunnelier \u00e0 pression de boue sous le faisceau de voies de chemin de fer reliant Glasgow, avec moins de 4 m\u00e8tres de couverture, sans cr\u00e9er de tassements pr\u00e9judiciables.<\/p>\n<p>Par ailleurs, nous savons <strong>d\u00e9finir les \u00e9ventuels besoins en traitement de terrain<\/strong>, telle la cong\u00e9lation des sols, pour permettre la r\u00e9alisation d\u2019ouvrages sous nappe. Une technique utilis\u00e9e \u00e0 plusieurs reprises par nos \u00e9quipes, notamment en Belgique pour la construction des cross-passages de tunnels ferroviaires dans le port d\u2019Anvers, le <a href=\"http:\/\/vinci-construction-projets.com\/fr\/realisations\/liaison-ferroviaire-liefkenshoek\/\">Liefkenshoek<\/a>, les tunnels routiers de Rijnlandroute, ou encore sur le prolongement nord de la ligne 14 du Grand Paris Express.<\/p>\n<p>&nbsp;<\/p>\n<h4><strong>UNE INNOVATION PARTAGEE AU SERVICE DES PROJETS<\/strong><\/h4>\n<p>Nous nous appuyons sur des<strong> programmes d\u2019innovation partag\u00e9s et des r\u00e9f\u00e9rentiels op\u00e9rationnels communs, mettant \u00e0 profit les expertises transverses de VINCI Construction<\/strong> en mati\u00e8re de construction de tunnel.<br \/>\nD\u00e9veloppement de nouvelles offres en faisant notamment appel \u00e0<strong> l\u2019intelligence artificielle<\/strong>, \u00e9mergence de nouveaux outils pour <strong>accro\u00eetre encore la s\u00e9curit\u00e9<\/strong> de nos personnels d\u2019ex\u00e9cution et <strong>notre performance op\u00e9rationnelle<\/strong> : les atouts de cette int\u00e9gration sont nombreux, et nous permettent de rester \u00e0 l\u2019avant-garde des innovations technologiques dans le secteur.<\/p>\n<div id=\"attachment_18610\" style=\"width: 1034px\" class=\"wp-caption alignleft\"><img loading=\"lazy\" decoding=\"async\" aria-describedby=\"caption-attachment-18610\" class=\"wp-image-18610 size-large\" src=\"https:\/\/www.vinci-construction-projets.com\/wp-content\/uploads\/2022\/11\/2YC2025-1024x682.jpg\" alt=\"\" width=\"1024\" height=\"682\" srcset=\"https:\/\/www.vinci-construction-projets.com\/wp-content\/uploads\/2022\/11\/2YC2025-1024x682.jpg 1024w, https:\/\/www.vinci-construction-projets.com\/wp-content\/uploads\/2022\/11\/2YC2025-300x200.jpg 300w, https:\/\/www.vinci-construction-projets.com\/wp-content\/uploads\/2022\/11\/2YC2025-768x512.jpg 768w, https:\/\/www.vinci-construction-projets.com\/wp-content\/uploads\/2022\/11\/2YC2025-1110x740.jpg 1110w, https:\/\/www.vinci-construction-projets.com\/wp-content\/uploads\/2022\/11\/2YC2025-400x267.jpg 400w, https:\/\/www.vinci-construction-projets.com\/wp-content\/uploads\/2022\/11\/2YC2025-360x240.jpg 360w, https:\/\/www.vinci-construction-projets.com\/wp-content\/uploads\/2022\/11\/2YC2025-720x480.jpg 720w, https:\/\/www.vinci-construction-projets.com\/wp-content\/uploads\/2022\/11\/2YC2025-510x340.jpg 510w, https:\/\/www.vinci-construction-projets.com\/wp-content\/uploads\/2022\/11\/2YC2025-428x285.jpg 428w, https:\/\/www.vinci-construction-projets.com\/wp-content\/uploads\/2022\/11\/2YC2025-690x460.jpg 690w, https:\/\/www.vinci-construction-projets.com\/wp-content\/uploads\/2022\/11\/2YC2025-386x257.jpg 386w, https:\/\/www.vinci-construction-projets.com\/wp-content\/uploads\/2022\/11\/2YC2025-525x350.jpg 525w, https:\/\/www.vinci-construction-projets.com\/wp-content\/uploads\/2022\/11\/2YC2025-285x190.jpg 285w, https:\/\/www.vinci-construction-projets.com\/wp-content\/uploads\/2022\/11\/2YC2025-555x370.jpg 555w, https:\/\/www.vinci-construction-projets.com\/wp-content\/uploads\/2022\/11\/2YC2025.jpg 2000w\" sizes=\"auto, (max-width: 1024px) 100vw, 1024px\" \/><p id=\"caption-attachment-18610\" class=\"wp-caption-text\">Premier voussoir bas-carbone en France sur la ligne 18-1 du Grand Paris Express<\/p><\/div>\n<p style=\"text-align: justify;\"><strong>LinKtech<\/strong>, une plateforme d\u2019\u00e9changes et d\u2019innovation unissant les entit\u00e9s de la Division des grands projets de VINCI Construction ou encore la<strong> Tunnel Factory<\/strong>, sont des illustrations marquantes de notre d\u00e9marche. La Tunnel Factory, consacr\u00e9e \u00e0 l\u2019innovation dans l\u2019utilisation des tunneliers, permet le <strong>d\u00e9ploiement d\u2019outils novateurs sur nos chantiers<\/strong>, en lien avec les axes de recherche d\u00e9finis : logistique, mat\u00e9riels et proc\u00e9d\u00e9s, donn\u00e9es et intelligence artificielle, g\u00e9otechnique et g\u00e9ophysique, b\u00e9tons ultra-bas carbone.<br \/>\nCAP, logiciel d\u00e9velopp\u00e9 en interne chez VINCI Construction, permet un <strong>monitoring en temps r\u00e9el de l\u2019ensemble des param\u00e8tres<\/strong> de fonctionnement <strong>des tunneliers<\/strong>. L\u2019acc\u00e8s \u00e0 cette base de donn\u00e9es se fait via le web et garantit la r\u00e9activit\u00e9 et la pertinence des consignes apport\u00e9es \u00e0 nos projets en cours, afin d\u2019am\u00e9liorer nos performances de creusement ou d\u2019accompagner les chantiers lors des passages les plus d\u00e9licats.<\/p>\n<p style=\"text-align: justify;\">Notre culture du partenariat avec les plus grands industriels du secteur assure par ailleurs un d\u00e9veloppement continu de nos outils, au nom de la recherche d\u2019une performance accrue. Ainsi, pour<br \/>\ncreuser les <a href=\"http:\/\/vinci-construction-projets.com\/fr\/realisations\/tunnels-ferroviaires-hallandsas\/\">tunnels d\u2019Hallands\u00e5s<\/a> en Su\u00e8de, nous avons co-con\u00e7u avec notre fournisseur un tunnelier capable de r\u00e9sister \u00e0 une pression de 13 bars, un record pour l\u2019\u00e9poque. Ce partenariat durable est la source du d\u00e9veloppement de plusieurs machines bi-modes permettant de s\u2019adapter sur un m\u00eame projet \u00e0 une g\u00e9ologie variable.<\/p>\n<p>&nbsp;<\/p>\n<p>&nbsp;<\/p>\n<h5><strong>D\u00e9couvrez notre expertise et t\u00e9l\u00e9chargez nos brochures\u00a0:<\/strong><\/h5>\n","protected":false},"excerpt":{"rendered":"<p>UNE EXPERTISE MONDIALEMENT RECONNUE EN CONCEPTION ET CONSTRUCTION DE TUNNELS Nos clients b\u00e9n\u00e9ficient de notre savoir-faire reconnu en travaux souterrains, sollicit\u00e9 aux quatre coins du globe sur des projets d\u2019envergure. Cette expertise, confort\u00e9e par plus de 2\u00a0000 km de tunnels r\u00e9alis\u00e9s ces quarante derni\u00e8res ann\u00e9es, fait de nous un acteur incontournable du secteur. Notre excellence [&hellip;]<\/p>\n","protected":false},"author":17,"featured_media":0,"parent":1840,"menu_order":0,"comment_status":"closed","ping_status":"closed","template":"","meta":{"_acf_changed":false,"footnotes":""},"class_list":["post-8820","page","type-page","status-publish","hentry"],"acf":[],"_links":{"self":[{"href":"https:\/\/www.vinci-construction-projets.com\/fr\/wp-json\/wp\/v2\/pages\/8820","targetHints":{"allow":["GET"]}}],"collection":[{"href":"https:\/\/www.vinci-construction-projets.com\/fr\/wp-json\/wp\/v2\/pages"}],"about":[{"href":"https:\/\/www.vinci-construction-projets.com\/fr\/wp-json\/wp\/v2\/types\/page"}],"author":[{"embeddable":true,"href":"https:\/\/www.vinci-construction-projets.com\/fr\/wp-json\/wp\/v2\/users\/17"}],"replies":[{"embeddable":true,"href":"https:\/\/www.vinci-construction-projets.com\/fr\/wp-json\/wp\/v2\/comments?post=8820"}],"version-history":[{"count":49,"href":"https:\/\/www.vinci-construction-projets.com\/fr\/wp-json\/wp\/v2\/pages\/8820\/revisions"}],"predecessor-version":[{"id":18652,"href":"https:\/\/www.vinci-construction-projets.com\/fr\/wp-json\/wp\/v2\/pages\/8820\/revisions\/18652"}],"up":[{"embeddable":true,"href":"https:\/\/www.vinci-construction-projets.com\/fr\/wp-json\/wp\/v2\/pages\/1840"}],"wp:attachment":[{"href":"https:\/\/www.vinci-construction-projets.com\/fr\/wp-json\/wp\/v2\/media?parent=8820"}],"curies":[{"name":"wp","href":"https:\/\/api.w.org\/{rel}","templated":true}]}}