{"id":8900,"date":"2016-12-23T14:33:09","date_gmt":"2016-12-23T13:33:09","guid":{"rendered":"http:\/\/vinci-construction-projets.com\/fr\/lng-lpg\/"},"modified":"2022-12-13T14:41:59","modified_gmt":"2022-12-13T13:41:59","slug":"lng-lpg","status":"publish","type":"page","link":"https:\/\/www.vinci-construction-projets.com\/fr\/nos-savoir-faire\/nos-expertises\/lng-lpg\/","title":{"rendered":"GNL &#038; GPL"},"content":{"rendered":"<h4><\/h4>\n<h4 class=\"p1\">50 ANS D\u2019EXP\u00c9RIENCE D\u2019ENSEMBLIER AU SERVICE DES PROJETS \u00c9NERG\u00c9TIQUES<\/h4>\n<p>Nos expertises en ing\u00e9nierie, g\u00e9nie civil et m\u00e9tiers process sont le socle de notre aptitude \u00e0 mener des projets de conception-construction \u00e0 haute technicit\u00e9 et assurer toutes leurs interfaces. Elles nous ont permis de d\u00e9velopper des comp\u00e9tences de ma\u00eetrise d\u2019\u0153uvre et de gestion de projet en environnement complexe et de nous imposer comme un acteur incontournable du secteur. Nos clients b\u00e9n\u00e9ficient ainsi d\u2019une gestion centralis\u00e9e et globale des projets, pour une ma\u00eetrise des risques, des co\u00fbts et des d\u00e9lais optimis\u00e9e.<\/p>\n<p><strong>GNL (gaz naturel liqu\u00e9fi\u00e9)<\/strong> : <strong>Sp\u00e9cialistes des r\u00e9servoirs de stockage<\/strong>, nous d\u00e9ployons \u00e9galement des solutions pour<strong> les terminaux de regaz\u00e9ification ou liqu\u00e9faction<\/strong> en conjuguant nos savoir-faire et ceux de nos partenaires.<\/p>\n<p><strong>GPL (gaz de p\u00e9trole liqu\u00e9fi\u00e9)<\/strong> : Nous offrons des solutions cl\u00e9s en main pour des <strong>terminaux d\u2019embouteillage<\/strong>, et ce, du conseil (design, espace disponible, budget) \u00e0 la conception et la r\u00e9alisation des r\u00e9servoirs de stockage adapt\u00e9s (sph\u00e8res, cigares etc.) dans nios ateliers de Dunkerque avant leur acheminement sur site.<\/p>\n<p>Ce savoir-faire<strong> en chaudronnerie lourde<\/strong> et la capacit\u00e9 de poroduire des \u00e9l\u00e9ments hors norme sont mis au service de l\u2019ensemble de la chaine de valeurs de l\u2019\u00e9nergie :<strong> stockage d\u2019hydrocarbures, \u00e9nergies marines renouvelables ou nucl\u00e9aire.<\/strong><\/p>\n<h4 class=\"p1\">DES ATOUTS UNIQUES AU SERVICE DE NOS CLIENTS<\/h4>\n<h5><strong>Une capacit\u00e9 \u00e0 nous d\u00e9ployer partout dans le monde<\/strong><\/h5>\n<p>Nous nous d\u00e9marquons par notre capacit\u00e9 \u00e0 nous <strong>d\u00e9ployer rapidement pour des projets de grande envergure sur les cinq continents<\/strong> et intervenir dans les <strong>environnements les plus complexes.<\/strong><br \/>\nAlli\u00e9s \u00e0 notre robustesse financi\u00e8re, nos expertises en conception-construction d&rsquo;infrastructures \u00e9nerg\u00e9tiques, notamment les r\u00e9servoirs de stockages de gaz naturel liqu\u00e9fi\u00e9 et de gaz de p\u00e9trole liqu\u00e9fi\u00e9, nous ont ainsi permis de r\u00e9aliser des projets majeurs sous toutes les latitudes.<\/p>\n<h5>Une ma\u00eetrise globale et unifi\u00e9e des projets pour des offres comp\u00e9titives<\/h5>\n<p>Nos ressources \u00e9tendues en ing\u00e9nierie, et ce, depuis le process, garantissent \u00e0 nos clients une interface unique et une gestion de projet optimis\u00e9e.<br \/>\nNous offrons notamment un savoir-faire de pointe en mati\u00e8re de r\u00e9servoirs de stockage et mettons \u00e0 profit notre capacit\u00e9 \u00e0 proposer<strong> toutes les disciplines d\u2019ing\u00e9nierie au service du projet.<\/strong><\/p>\n<p>Nous sommes en mesure de proposer <strong>les solutions les plus comp\u00e9titives<\/strong> gr\u00e2ce \u00e0 une expertise de pointe (fabrication en propre du primary component, y compris en 9% nickel), un r\u00e9seau de partenaires et de sous-traitants sp\u00e9cialis\u00e9s, et une direction des achats et de la logistique qui nous permet d\u2019offrir des alternatives quel que soit l\u2019environnement (par exemple l\u2019absence de routes et l\u2019acheminement par bateaux et ice-breakers etc.) pour un co\u00fbt r\u00e9duit dans les d\u00e9lais impartis (citons la <strong>construction des r\u00e9servoirs LNG de Yamal finalis\u00e9e avec un an d\u2019avance<\/strong>).<\/p>\n<div id=\"attachment_18726\" style=\"width: 1034px\" class=\"wp-caption aligncenter\"><img loading=\"lazy\" decoding=\"async\" aria-describedby=\"caption-attachment-18726\" class=\"wp-image-18726 size-large\" src=\"https:\/\/www.vinci-construction-projets.com\/wp-content\/uploads\/2022\/11\/2018-02-01-SABETTA-5507-1024x683.jpg\" alt=\"\" width=\"1024\" height=\"683\" srcset=\"https:\/\/www.vinci-construction-projets.com\/wp-content\/uploads\/2022\/11\/2018-02-01-SABETTA-5507-1024x683.jpg 1024w, https:\/\/www.vinci-construction-projets.com\/wp-content\/uploads\/2022\/11\/2018-02-01-SABETTA-5507-300x200.jpg 300w, https:\/\/www.vinci-construction-projets.com\/wp-content\/uploads\/2022\/11\/2018-02-01-SABETTA-5507-768x513.jpg 768w, https:\/\/www.vinci-construction-projets.com\/wp-content\/uploads\/2022\/11\/2018-02-01-SABETTA-5507-1109x740.jpg 1109w, https:\/\/www.vinci-construction-projets.com\/wp-content\/uploads\/2022\/11\/2018-02-01-SABETTA-5507-400x267.jpg 400w, https:\/\/www.vinci-construction-projets.com\/wp-content\/uploads\/2022\/11\/2018-02-01-SABETTA-5507-360x240.jpg 360w, https:\/\/www.vinci-construction-projets.com\/wp-content\/uploads\/2022\/11\/2018-02-01-SABETTA-5507-720x480.jpg 720w, https:\/\/www.vinci-construction-projets.com\/wp-content\/uploads\/2022\/11\/2018-02-01-SABETTA-5507-509x340.jpg 509w, https:\/\/www.vinci-construction-projets.com\/wp-content\/uploads\/2022\/11\/2018-02-01-SABETTA-5507-427x285.jpg 427w, https:\/\/www.vinci-construction-projets.com\/wp-content\/uploads\/2022\/11\/2018-02-01-SABETTA-5507-689x460.jpg 689w, https:\/\/www.vinci-construction-projets.com\/wp-content\/uploads\/2022\/11\/2018-02-01-SABETTA-5507-386x258.jpg 386w, https:\/\/www.vinci-construction-projets.com\/wp-content\/uploads\/2022\/11\/2018-02-01-SABETTA-5507-719x480.jpg 719w, https:\/\/www.vinci-construction-projets.com\/wp-content\/uploads\/2022\/11\/2018-02-01-SABETTA-5507-524x350.jpg 524w, https:\/\/www.vinci-construction-projets.com\/wp-content\/uploads\/2022\/11\/2018-02-01-SABETTA-5507-285x190.jpg 285w, https:\/\/www.vinci-construction-projets.com\/wp-content\/uploads\/2022\/11\/2018-02-01-SABETTA-5507-554x370.jpg 554w\" sizes=\"auto, (max-width: 1024px) 100vw, 1024px\" \/><p id=\"caption-attachment-18726\" class=\"wp-caption-text\">Les quatre r\u00e9servoirs cryog\u00e9niques de Yamal LNG au c\u0153ur de la Sib\u00e9rie occidentale, au-del\u00e0 du cercle polaire arctique (Russie)<\/p><\/div>\n<h4>UNE APTITUDE \u00c0 INTERVENIR EN CONDITIONS EXTREMES<\/h4>\n<p>Nous avons acquis une r\u00e9putation in\u00e9gal\u00e9e pour notre capacit\u00e9 \u00e0 concevoir et construire des infrastructures en <strong>environnements complexes<\/strong>, et ce, qu\u2019il s\u2019agisse de <strong>d\u00e9serts<\/strong> (temp\u00e9ratures extr\u00eames en Alg\u00e9rie ou \u00e0 Wheatstone en Australie), de <strong>zones tropicales humides<\/strong> (100% d\u2019humidit\u00e9 sur le site de Bonny Island, Nig\u00e9ria), ou d\u2019<strong>\u00e9tendues arctiques<\/strong> (jusqu\u2019\u00e0 -50\u00b0C et nuit pendant plusieurs mois, sans accident grave, sur le projet Yamal en Sib\u00e9rie, Russie).<\/p>\n<p>Cette aptitude trouve ses racines dans le d\u00e9veloppement d\u2019un<strong> savoir-faire exceptionnel<\/strong>, qui couvre l\u2019ensemble des \u00e9tapes du projet, de l\u2019ing\u00e9nierie sommaire \u00e0 l\u2019ex\u00e9cution, garantissant <strong>des \u00e9tudes (constructabilit\u00e9, design, op\u00e9rabilit\u00e9 etc.) efficientes<\/strong> y compris en <strong>territoires \u00e0 hauts risques sismiques,<\/strong> avec une expertise m\u00e9tier reconnue (isolation des fondations, traitement de sol anti-liqu\u00e9faction etc.).<br \/>\nDe m\u00eame, nos r\u00e9f\u00e9rences nous permettent de proposer des <strong>conceptions adapt\u00e9es \u00e0 toutes les normes techniques internationales.<\/strong><\/p>\n<p><strong>Nous adoptons nos m\u00e9thodes de construction aux contraintes des projets<\/strong> : modularisation pour raccourcir les d\u00e9lais de construction, b\u00e9tonnage par temps chaud en milieu d\u00e9sertique (temp\u00e9ratures sup\u00e9rieures \u00e0 40\u00b0C) ou en climat arctique (jusqu\u2019\u00e0 \u2013 50\u00b0C), utilisation de coffrages glissants ou autogrimpants pour les projets entrepris avec une main-d\u2019\u0153uvre limit\u00e9e dans des r\u00e9gions sujettes aux ouragans, sont autant d\u2019illustrations et de t\u00e9moignages de nos savoir-faire au service de nos projets et de nos clients.<\/p>\n<p><strong>L\u2019int\u00e9gration des probl\u00e9matiques environnementales et li\u00e9es \u00e0 la s\u00e9curit\u00e9<\/strong> avec nos d\u00e9marches Environment in Design, qui assure la prise en compte de l\u2019impact environnemental de nos ouvrages d\u00e8s la phase de conception, et Safety in Design (commune \u00e0 VINCI Construction) qui consacre notre ambiton d\u2019assurer une s\u00e9curit\u00e9 optimale lors de la construction, de l\u2019exploitation et de la maintenance des infrastructures, garantit par ailleurs une gestion des risques optimale.<\/p>\n<p>Nos \u00e9quipes commissioning sont \u00e9galement mobilis\u00e9es au sein de l\u2019ing\u00e9nierie jusqu\u2019au d\u00e9ploiement sur site pour assurer la mise en service des installations.<\/p>\n<div id=\"attachment_18724\" style=\"width: 1034px\" class=\"wp-caption aligncenter\"><img loading=\"lazy\" decoding=\"async\" aria-describedby=\"caption-attachment-18724\" class=\"wp-image-18724 size-large\" src=\"https:\/\/www.vinci-construction-projets.com\/wp-content\/uploads\/2022\/11\/MicrosoftTeams-image-4-1024x683.jpg\" alt=\"\" width=\"1024\" height=\"683\" srcset=\"https:\/\/www.vinci-construction-projets.com\/wp-content\/uploads\/2022\/11\/MicrosoftTeams-image-4-1024x683.jpg 1024w, https:\/\/www.vinci-construction-projets.com\/wp-content\/uploads\/2022\/11\/MicrosoftTeams-image-4-300x200.jpg 300w, https:\/\/www.vinci-construction-projets.com\/wp-content\/uploads\/2022\/11\/MicrosoftTeams-image-4-768x512.jpg 768w, https:\/\/www.vinci-construction-projets.com\/wp-content\/uploads\/2022\/11\/MicrosoftTeams-image-4-1110x740.jpg 1110w, https:\/\/www.vinci-construction-projets.com\/wp-content\/uploads\/2022\/11\/MicrosoftTeams-image-4-400x267.jpg 400w, https:\/\/www.vinci-construction-projets.com\/wp-content\/uploads\/2022\/11\/MicrosoftTeams-image-4-360x240.jpg 360w, https:\/\/www.vinci-construction-projets.com\/wp-content\/uploads\/2022\/11\/MicrosoftTeams-image-4-720x480.jpg 720w, https:\/\/www.vinci-construction-projets.com\/wp-content\/uploads\/2022\/11\/MicrosoftTeams-image-4-510x340.jpg 510w, https:\/\/www.vinci-construction-projets.com\/wp-content\/uploads\/2022\/11\/MicrosoftTeams-image-4-428x285.jpg 428w, https:\/\/www.vinci-construction-projets.com\/wp-content\/uploads\/2022\/11\/MicrosoftTeams-image-4-690x460.jpg 690w, https:\/\/www.vinci-construction-projets.com\/wp-content\/uploads\/2022\/11\/MicrosoftTeams-image-4-386x257.jpg 386w, https:\/\/www.vinci-construction-projets.com\/wp-content\/uploads\/2022\/11\/MicrosoftTeams-image-4-525x350.jpg 525w, https:\/\/www.vinci-construction-projets.com\/wp-content\/uploads\/2022\/11\/MicrosoftTeams-image-4-285x190.jpg 285w, https:\/\/www.vinci-construction-projets.com\/wp-content\/uploads\/2022\/11\/MicrosoftTeams-image-4-555x370.jpg 555w\" sizes=\"auto, (max-width: 1024px) 100vw, 1024px\" \/><p id=\"caption-attachment-18724\" class=\"wp-caption-text\">R\u00e9servoirs LNG de Wheatstone (Australie)<\/p><\/div>\n<h4>NOS VALEURS ET ENGAGEMENTS<\/h4>\n<ul>\n<li>La s\u00e9curit\u00e9 est notre priorit\u00e9 absolue. Nous ne m\u00e9nageons aucun effort pour r\u00e9duire \u00e0 z\u00e9ro les accidents graves.<\/li>\n<li>Nous suivons les normes les plus rigoureuses de l\u2019industrie sur le plan de la qualit\u00e9, de l\u2019environnement et du d\u00e9veloppement durable pour satisfaire nos clients et nos partenaires et r\u00e9pondre \u00e0 nos propres engagements et objectifs.<br \/>\n=&gt; Bilan carbone, \u00e9tudier des solutions pour r\u00e9duire notre impact environnemental, multiculturalisme des \u00e9quipes etc.<\/li>\n<li>Respect des d\u00e9lais : nous livrons \u00e0 temps l\u2019\u00e9quipement essentiel des projets de grande envergure \u00e0 fort potentiel tout en pratiquant un mode de gestion ax\u00e9 sur les risques.<\/li>\n<\/ul>\n<div id=\"attachment_18744\" style=\"width: 1034px\" class=\"wp-caption aligncenter\"><img loading=\"lazy\" decoding=\"async\" aria-describedby=\"caption-attachment-18744\" class=\"wp-image-18744 size-large\" src=\"https:\/\/www.vinci-construction-projets.com\/wp-content\/uploads\/2022\/11\/Image3-1-1024x275.png\" alt=\"\" width=\"1024\" height=\"275\" srcset=\"https:\/\/www.vinci-construction-projets.com\/wp-content\/uploads\/2022\/11\/Image3-1-1024x275.png 1024w, https:\/\/www.vinci-construction-projets.com\/wp-content\/uploads\/2022\/11\/Image3-1-300x81.png 300w, https:\/\/www.vinci-construction-projets.com\/wp-content\/uploads\/2022\/11\/Image3-1-768x206.png 768w, https:\/\/www.vinci-construction-projets.com\/wp-content\/uploads\/2022\/11\/Image3-1-1440x387.png 1440w, https:\/\/www.vinci-construction-projets.com\/wp-content\/uploads\/2022\/11\/Image3-1-400x108.png 400w, https:\/\/www.vinci-construction-projets.com\/wp-content\/uploads\/2022\/11\/Image3-1-720x194.png 720w, https:\/\/www.vinci-construction-projets.com\/wp-content\/uploads\/2022\/11\/Image3-1-600x161.png 600w, https:\/\/www.vinci-construction-projets.com\/wp-content\/uploads\/2022\/11\/Image3-1-590x159.png 590w, https:\/\/www.vinci-construction-projets.com\/wp-content\/uploads\/2022\/11\/Image3-1-793x213.png 793w, https:\/\/www.vinci-construction-projets.com\/wp-content\/uploads\/2022\/11\/Image3-1-386x104.png 386w, https:\/\/www.vinci-construction-projets.com\/wp-content\/uploads\/2022\/11\/Image3-1-780x210.png 780w, https:\/\/www.vinci-construction-projets.com\/wp-content\/uploads\/2022\/11\/Image3-1-1302x350.png 1302w, https:\/\/www.vinci-construction-projets.com\/wp-content\/uploads\/2022\/11\/Image3-1-1200x323.png 1200w, https:\/\/www.vinci-construction-projets.com\/wp-content\/uploads\/2022\/11\/Image3-1-285x77.png 285w\" sizes=\"auto, (max-width: 1024px) 100vw, 1024px\" \/><p id=\"caption-attachment-18744\" class=\"wp-caption-text\">Sph\u00e8res de stockage de Zeta (Mexique)\u00a0 \u00a0 \u00a0 \u00a0 \u00a0 \u00a0 \u00a0 \u00a0 \u00a0 \u00a0 \u00a0 \u00a0 \u00a0 \u00a0 \u00a0 \u00a0 \u00a0 \u00a0 \u00a0 \u00a0 \u00a0 \u00a0 \u00a0 \u00a0 \u00a0 \u00a0 \u00a0 \u00a0 \u00a0 \u00a0 \u00a0 \u00a0 \u00a0 \u00a0 \u00a0 \u00a0 \u00a0 \u00a0 \u00a0 \u00a0 \u00a0 \u00a0 \u00a0 \u00a0 Projet Gate LNG \u00e0 Rotterdam (Pays-Bas)<\/p><\/div>\n","protected":false},"excerpt":{"rendered":"<p>50 ANS D\u2019EXP\u00c9RIENCE D\u2019ENSEMBLIER AU SERVICE DES PROJETS \u00c9NERG\u00c9TIQUES Nos expertises en ing\u00e9nierie, g\u00e9nie civil et m\u00e9tiers process sont le socle de notre aptitude \u00e0 mener des projets de conception-construction \u00e0 haute technicit\u00e9 et assurer toutes leurs interfaces. Elles nous ont permis de d\u00e9velopper des comp\u00e9tences de ma\u00eetrise d\u2019\u0153uvre et de gestion de projet en [&hellip;]<\/p>\n","protected":false},"author":17,"featured_media":0,"parent":1840,"menu_order":0,"comment_status":"closed","ping_status":"closed","template":"","meta":{"_acf_changed":false,"footnotes":""},"class_list":["post-8900","page","type-page","status-publish","hentry"],"acf":[],"_links":{"self":[{"href":"https:\/\/www.vinci-construction-projets.com\/fr\/wp-json\/wp\/v2\/pages\/8900","targetHints":{"allow":["GET"]}}],"collection":[{"href":"https:\/\/www.vinci-construction-projets.com\/fr\/wp-json\/wp\/v2\/pages"}],"about":[{"href":"https:\/\/www.vinci-construction-projets.com\/fr\/wp-json\/wp\/v2\/types\/page"}],"author":[{"embeddable":true,"href":"https:\/\/www.vinci-construction-projets.com\/fr\/wp-json\/wp\/v2\/users\/17"}],"replies":[{"embeddable":true,"href":"https:\/\/www.vinci-construction-projets.com\/fr\/wp-json\/wp\/v2\/comments?post=8900"}],"version-history":[{"count":31,"href":"https:\/\/www.vinci-construction-projets.com\/fr\/wp-json\/wp\/v2\/pages\/8900\/revisions"}],"predecessor-version":[{"id":18778,"href":"https:\/\/www.vinci-construction-projets.com\/fr\/wp-json\/wp\/v2\/pages\/8900\/revisions\/18778"}],"up":[{"embeddable":true,"href":"https:\/\/www.vinci-construction-projets.com\/fr\/wp-json\/wp\/v2\/pages\/1840"}],"wp:attachment":[{"href":"https:\/\/www.vinci-construction-projets.com\/fr\/wp-json\/wp\/v2\/media?parent=8900"}],"curies":[{"name":"wp","href":"https:\/\/api.w.org\/{rel}","templated":true}]}}