{"id":9491,"date":"2017-02-22T15:36:10","date_gmt":"2017-02-22T14:36:10","guid":{"rendered":"http:\/\/vinci-construction-projets.com\/fr\/?page_id=9491"},"modified":"2023-03-17T10:05:58","modified_gmt":"2023-03-17T09:05:58","slug":"beton","status":"publish","type":"page","link":"https:\/\/www.vinci-construction-projets.com\/fr\/nos-savoir-faire\/nos-expertises\/beton\/","title":{"rendered":"B\u00e9ton"},"content":{"rendered":"<h4>LA BONNE FORMULE AU BON ENDROIT<\/h4>\n<p>Le b\u00e9ton est le\u00a0<strong>composant de base de nombreux projets<\/strong>\u00a0d\u2019infrastructures et de b\u00e2timents. Pour autant, sa production n\u00e9cessite une expertise de pointe, d\u2019autant que\u00a0<strong>les exigences sont de plus en plus \u00e9lev\u00e9es<\/strong>\u00a0:<\/p>\n<ul>\n<li>facilit\u00e9 de mise en oeuvre<\/li>\n<li>durabilit\u00e9<\/li>\n<li>minimisation de l\u2019impact environnemental<\/li>\n<li>r\u00e9sistances (court et long terme)<\/li>\n<li>esth\u00e9tique des parements<\/li>\n<li>\u2026.<\/li>\n<\/ul>\n<p>Les grands ouvrages que nous confient nos clients sont parfois situ\u00e9s dans des zones soumises \u00e0 des conditions climatiques extr\u00eames (grand froid, d\u00e9sert, oc\u00e9an\u2026)\u00a0;nous ma\u00eetrisons le\u00a0comportement<strong> du mat\u00e9riau dans ces environnements agressifs<\/strong>.<\/p>\n<p>&nbsp;<\/p>\n<p><img loading=\"lazy\" decoding=\"async\" class=\"alignright wp-image-9495\" src=\"http:\/\/vinci-construction-projets.com\/wp-content\/uploads\/2017\/02\/Assiout-copie.jpg\" alt=\"assiout-copie\" width=\"600\" height=\"340\" srcset=\"https:\/\/www.vinci-construction-projets.com\/wp-content\/uploads\/2017\/02\/Assiout-copie.jpg 600w, https:\/\/www.vinci-construction-projets.com\/wp-content\/uploads\/2017\/02\/Assiout-copie-300x170.jpg 300w, https:\/\/www.vinci-construction-projets.com\/wp-content\/uploads\/2017\/02\/Assiout-copie-400x227.jpg 400w, https:\/\/www.vinci-construction-projets.com\/wp-content\/uploads\/2017\/02\/Assiout-copie-503x285.jpg 503w, https:\/\/www.vinci-construction-projets.com\/wp-content\/uploads\/2017\/02\/Assiout-copie-386x219.jpg 386w, https:\/\/www.vinci-construction-projets.com\/wp-content\/uploads\/2017\/02\/Assiout-copie-353x200.jpg 353w, https:\/\/www.vinci-construction-projets.com\/wp-content\/uploads\/2017\/02\/Assiout-copie-285x162.jpg 285w\" sizes=\"auto, (max-width: 600px) 100vw, 600px\" \/><\/p>\n<p><strong>Focus nouveau barrage d\u2019Assiout<\/strong><\/p>\n<p><em>Par exemple, pour la construction du\u00a0<\/em><a href=\"http:\/\/vinci-construction-projets.com\/fr\/realisations\/nouveau-barrage-assiout\/\">nouveau barrage d\u2019Assiout<\/a><em>\u00a0en \u00c9gypte, les granulats locaux \u00e9taient r\u00e9actifs \u00e0 l\u2019alcali-r\u00e9action. Le co\u00fbt induit par la recherche de granulats \u2019compatibles, \u00e0 200 kilom\u00e8tres du site du projet, \u00e9tait une r\u00e9elle contrainte que nous avons su contourner. Nous avons formul\u00e9 un b\u00e9ton avec des granulats locaux en s\u00e9lectionnant un liant adapt\u00e9 (ciment Portland, laitier moulu, filler calcaire), maintenant ainsi \u00a0le budget dans l\u2019enveloppe du client et r\u00e9duisant significativement l\u2019empreinte carbone du projet.<\/em><\/p>\n<p><strong>Sp\u00e9cificateur\/formulateur de b\u00e9ton mondialement reconnu, <\/strong>\u00a0nous analysons les cahiers des charges et concevons des formules pr\u00e9visionnelles, pour un chiffrage pr\u00e9cis et un calibrage de l\u2019outil de production. Chaque partie de l\u2019ouvrage a en effet sa propre formule. Ainsi, \u00a0pas moins de 40 formules de b\u00e9ton diff\u00e9rentes ont \u00e9t\u00e9 n\u00e9cessaires \u00e0 la r\u00e9alisation du\u00a0<a href=\"http:\/\/vinci-construction-projets.com\/fr\/realisations\/pont-rion-antirion\/\">pont de Rion-Antirion<\/a>.<\/p>\n<h4><\/h4>\n<h4><\/h4>\n<p>&nbsp;<\/p>\n<h4>LE COMPORTEMENT THERMIQUE DU B\u00c9TON MOD\u00c9LIS\u00c9<\/h4>\n<p>L\u2019un des enjeux actuels li\u00e9 \u00e0 l\u2019usage du b\u00e9ton porte sur son comportement thermique lors de son durcissement. Gr\u00e2ce \u00e0 4 th\u00e8ses que nous avons men\u00e9es ces 10 derni\u00e8res ann\u00e9es en partenariat avec le Laboratoire Mat\u00e9riaux et Durabilit\u00e9 des Constructions de Toulouse et \u00e0 notre participation aux associations savantes internationales, nous avons d\u00e9velopp\u00e9 des outils <strong>de mod\u00e9lisation du comportement au jeune \u00e2ge du b\u00e9ton<\/strong>, distingu\u00e9 au\u00a0<a href=\"https:\/\/www.vinci.com\/vinci.nsf\/fr\/innovation\/pages\/le_prix_de_l_innovation_vinci.htm\"><em>Prix de l\u2019Innovation VINCI<\/em><\/a>\u00a0en 2015.<\/p>\n<p>Notre\u00a0<strong>expertise <\/strong>des ph\u00e9nom\u00e8nes<strong> thermo-m\u00e9canique<\/strong>\u00a0nous permet par ailleurs de mod\u00e9liser et de justifier les moyens mis en \u0153uvre pour pr\u00e9venir ou limiter la fissurations du b\u00e9ton au jeune \u00e2ge.<\/p>\n<p>&nbsp;<\/p>\n<h4><img loading=\"lazy\" decoding=\"async\" class=\"alignleft wp-image-18234\" src=\"https:\/\/www.vinci-construction-projets.com\/wp-content\/uploads\/2022\/09\/Capture-800x1024.png\" alt=\"\" width=\"320\" height=\"410\" srcset=\"https:\/\/www.vinci-construction-projets.com\/wp-content\/uploads\/2022\/09\/Capture-800x1024.png 800w, https:\/\/www.vinci-construction-projets.com\/wp-content\/uploads\/2022\/09\/Capture-234x300.png 234w, https:\/\/www.vinci-construction-projets.com\/wp-content\/uploads\/2022\/09\/Capture-768x983.png 768w, https:\/\/www.vinci-construction-projets.com\/wp-content\/uploads\/2022\/09\/Capture-578x740.png 578w, https:\/\/www.vinci-construction-projets.com\/wp-content\/uploads\/2022\/09\/Capture-375x480.png 375w, https:\/\/www.vinci-construction-projets.com\/wp-content\/uploads\/2022\/09\/Capture-188x240.png 188w, https:\/\/www.vinci-construction-projets.com\/wp-content\/uploads\/2022\/09\/Capture-406x520.png 406w, https:\/\/www.vinci-construction-projets.com\/wp-content\/uploads\/2022\/09\/Capture-266x340.png 266w, https:\/\/www.vinci-construction-projets.com\/wp-content\/uploads\/2022\/09\/Capture-223x285.png 223w, https:\/\/www.vinci-construction-projets.com\/wp-content\/uploads\/2022\/09\/Capture-359x460.png 359w, https:\/\/www.vinci-construction-projets.com\/wp-content\/uploads\/2022\/09\/Capture-563x720.png 563w, https:\/\/www.vinci-construction-projets.com\/wp-content\/uploads\/2022\/09\/Capture-273x350.png 273w, https:\/\/www.vinci-construction-projets.com\/wp-content\/uploads\/2022\/09\/Capture-156x200.png 156w, https:\/\/www.vinci-construction-projets.com\/wp-content\/uploads\/2022\/09\/Capture-285x365.png 285w, https:\/\/www.vinci-construction-projets.com\/wp-content\/uploads\/2022\/09\/Capture-364x466.png 364w, https:\/\/www.vinci-construction-projets.com\/wp-content\/uploads\/2022\/09\/Capture-289x370.png 289w, https:\/\/www.vinci-construction-projets.com\/wp-content\/uploads\/2022\/09\/Capture.png 1051w\" sizes=\"auto, (max-width: 320px) 100vw, 320px\" \/><\/h4>\n<h4>UNE EMPREINTE ENVIRONNEMENTAL R\u00c9DUITE<\/h4>\n<p>Nous accompagnons \u00e9galement nos clients dans la\u00a0<strong>recherche de r\u00e9duction des impacts environnementaux<\/strong>\u00a0de leurs projets, et notamment de leur empreinte carbone.<\/p>\n<p>En ce sens, nous avons mis au point depuis 2008 et continuons de d\u00e9velopper un logiciel baptis\u00e9\u00a0<em>CO<sub>2<\/sub>Crete Impact<sup>TM<\/sup><\/em>, qui nous permet de quantifier les \u00e9missions de CO<sub>2<\/sub> du b\u00e9ton tout au long de son processus de fabrication, transport et mise en oeuvre.<\/p>\n<p>Les b\u00e9tons bas carbone offrent \u00e9galement une excellente alternative, \u00e0 l\u2019heure o\u00f9 VINCI et VINCI Construction Grands Projets dessinent une industrie de la construction d\u00e9carbon\u00e9e et \u00e9co-responsable. <strong>Nous mettons notre sens de l\u2019innovation au service de notre performance \u00e9nerg\u00e9tique et de celles de nos ouvrages<\/strong>. La marque Exegy de VINCI Construction vise \u00e0 promouvoir l\u2019usage des b\u00e9tons bas carbone pour atteindre les objectifs de r\u00e9duction de 30 % de nos \u00e9missions scope 3 et l\u2019utilisation de 90 % de b\u00e9tons bas carbone \u00e0 horizon 2030tout en conservant ou am\u00e9liorant leur performance.<\/p>\n<p>Par exemple, gr\u00e2ce \u00e0 une action concert\u00e9e de la Tunnel Factory et de la marque Exegy, nous avons pos\u00e9 \u2013 une premi\u00e8re en France \u2013 des voussoirs ultra-bas carbone sur notre chantier de la ligne 18-1 du Grand Paris Express, le plus grand projet de mobilit\u00e9 urbaine d\u2019Europe.<\/p>\n<p>D\u00e9couvrez nos innovations et engagements avec <a href=\"https:\/\/exegy-solutions.com\/\">Exegy<\/a><\/p>\n<h4><\/h4>\n<p>&nbsp;<\/p>\n<h4>UN R\u00c9SEAU D\u2019EXPERTS AUX RESSOURCES INTERNATIONALES<\/h4>\n<p>VINCI Construction Grands Projets d\u00e9ploie sa\u00a0<strong>culture du partenariat partout dans le monde<\/strong>. \u00a0Nous sommes int\u00e9gr\u00e9s \u00e0 un r\u00e9seau d\u2019experts internationaux que nous mobilisons dans les zones g\u00e9ographiques o\u00f9 nous intervenons. Les synergies au sein du groupe VINCI sont aussi mobilis\u00e9es. En France, nous travaillons \u00e9troitement depuis de nombreuses ann\u00e9es avec le laboratoire b\u00e9ton de VINCI Construction France \u00e0 Marolles. En outre, la d\u00e9marche Exegy a encore plus f\u00e9d\u00e9r\u00e9 notre collaboration \u00e9troite avec les autres p\u00f4les b\u00e9tons d\u2019Eurovia (avec le centre technique de M\u00e9rignac) et de Soletanche Freyssinet (et son centre Technique de Montgeron). Nos retours d\u2019exp\u00e9rience issus de l\u2019ensemble de nos projets internationaux, en cours ou livr\u00e9s, sont aussi mis \u00e0 contribution et favorisent la consolidation continue de notre expertise.<\/p>\n","protected":false},"excerpt":{"rendered":"<p>LA BONNE FORMULE AU BON ENDROIT Le b\u00e9ton est le\u00a0composant de base de nombreux projets\u00a0d\u2019infrastructures et de b\u00e2timents. Pour autant, sa production n\u00e9cessite une expertise de pointe, d\u2019autant que\u00a0les exigences sont de plus en plus \u00e9lev\u00e9es\u00a0: facilit\u00e9 de mise en oeuvre durabilit\u00e9 minimisation de l\u2019impact environnemental r\u00e9sistances (court et long terme) esth\u00e9tique des parements \u2026. [&hellip;]<\/p>\n","protected":false},"author":17,"featured_media":0,"parent":1840,"menu_order":0,"comment_status":"closed","ping_status":"closed","template":"","meta":{"_acf_changed":false,"footnotes":""},"class_list":["post-9491","page","type-page","status-publish","hentry"],"acf":[],"_links":{"self":[{"href":"https:\/\/www.vinci-construction-projets.com\/fr\/wp-json\/wp\/v2\/pages\/9491","targetHints":{"allow":["GET"]}}],"collection":[{"href":"https:\/\/www.vinci-construction-projets.com\/fr\/wp-json\/wp\/v2\/pages"}],"about":[{"href":"https:\/\/www.vinci-construction-projets.com\/fr\/wp-json\/wp\/v2\/types\/page"}],"author":[{"embeddable":true,"href":"https:\/\/www.vinci-construction-projets.com\/fr\/wp-json\/wp\/v2\/users\/17"}],"replies":[{"embeddable":true,"href":"https:\/\/www.vinci-construction-projets.com\/fr\/wp-json\/wp\/v2\/comments?post=9491"}],"version-history":[{"count":17,"href":"https:\/\/www.vinci-construction-projets.com\/fr\/wp-json\/wp\/v2\/pages\/9491\/revisions"}],"predecessor-version":[{"id":18825,"href":"https:\/\/www.vinci-construction-projets.com\/fr\/wp-json\/wp\/v2\/pages\/9491\/revisions\/18825"}],"up":[{"embeddable":true,"href":"https:\/\/www.vinci-construction-projets.com\/fr\/wp-json\/wp\/v2\/pages\/1840"}],"wp:attachment":[{"href":"https:\/\/www.vinci-construction-projets.com\/fr\/wp-json\/wp\/v2\/media?parent=9491"}],"curies":[{"name":"wp","href":"https:\/\/api.w.org\/{rel}","templated":true}]}}