{"id":9502,"date":"2017-02-22T15:54:53","date_gmt":"2017-02-22T14:54:53","guid":{"rendered":"http:\/\/vinci-construction-projets.com\/fr\/?page_id=9502"},"modified":"2022-11-14T14:27:30","modified_gmt":"2022-11-14T13:27:30","slug":"geotechnique","status":"publish","type":"page","link":"https:\/\/www.vinci-construction-projets.com\/fr\/nos-savoir-faire\/nos-expertises\/geotechnique\/","title":{"rendered":"G\u00e9otechnique"},"content":{"rendered":"<h4 class=\"p1\">L\u2019analyse du sol, le fondement de tout projet<\/h4>\n<p class=\"p1\">Que l\u2019on construise sous ou sur terre, l\u2019analyse du sol est le premier point pris en compte dans la faisabilit\u00e9 d\u2019un projet. <strong>De la finesse de l\u2019analyse g\u00e9otechnique d\u00e9pend la ma\u00eetrise des al\u00e9as d\u2019un chantier<\/strong>. Nos \u00e9quipes sp\u00e9cialis\u00e9es peuvent \u00e0 la fois analyser la qualit\u00e9 d\u2019un dossier de consultation et endosser un r\u00f4le de prescripteur pour des analyses compl\u00e9mentaires.<\/p>\n<h4 class=\"p1\">La culture de l\u2019optimisation en phase de conception<\/h4>\n<p class=\"p1\">Nos r\u00e9f\u00e9rences internationales, le savoir de nos \u00e9quipes g\u00e9otechniques et le retour d\u2019exp\u00e9rience mondial sur lequel nous nous appuyons alimentent notre aptitude \u00e0 ma\u00eetriser tout type de sol et ses qualit\u00e9s. C\u2019est cette connaissance des sols qui nous permet de proposer <strong>les solutions les plus pertinentes et durables, pour un projet plus s\u00fbr et \u00e9conomiqu<\/strong>e.<br \/>\nNotre appartenance \u00e0 VINCI nous permet en outre de travailler en r\u00e9seau <strong>avec d\u2019autres filiales du Groupe sp\u00e9cialis\u00e9es dans les fondations et le renforcement des sols<\/strong>.<\/p>\n<div id=\"attachment_9504\" style=\"width: 610px\" class=\"wp-caption alignright\"><img loading=\"lazy\" decoding=\"async\" aria-describedby=\"caption-attachment-9504\" class=\"wp-image-9504 size-full\" src=\"https:\/\/www.vinci-construction-projets.com\/wp-content\/uploads\/2017\/02\/Yamal-LNG.jpg\" alt=\"yamal-lng\" width=\"600\" height=\"338\" srcset=\"https:\/\/www.vinci-construction-projets.com\/wp-content\/uploads\/2017\/02\/Yamal-LNG.jpg 600w, https:\/\/www.vinci-construction-projets.com\/wp-content\/uploads\/2017\/02\/Yamal-LNG-300x169.jpg 300w, https:\/\/www.vinci-construction-projets.com\/wp-content\/uploads\/2017\/02\/Yamal-LNG-400x225.jpg 400w, https:\/\/www.vinci-construction-projets.com\/wp-content\/uploads\/2017\/02\/Yamal-LNG-506x285.jpg 506w, https:\/\/www.vinci-construction-projets.com\/wp-content\/uploads\/2017\/02\/Yamal-LNG-386x217.jpg 386w, https:\/\/www.vinci-construction-projets.com\/wp-content\/uploads\/2017\/02\/Yamal-LNG-355x200.jpg 355w, https:\/\/www.vinci-construction-projets.com\/wp-content\/uploads\/2017\/02\/Yamal-LNG-285x161.jpg 285w\" sizes=\"auto, (max-width: 600px) 100vw, 600px\" \/><p id=\"caption-attachment-9504\" class=\"wp-caption-text\">T\u00eates des pieux de Yamal LNG<\/p><\/div>\n<p class=\"p1\"><strong><em>Focus projet Yamal LNG<\/em><\/strong><\/p>\n<p class=\"p1\"><em>\u00c0 Yamal (Sib\u00e9rie), pour construire quatre r\u00e9servoirs de GNL au-del\u00e0 du cercle polaire arctique, nous avons r\u00e9ussi \u00e0 optimiser le design des fondations, faisant ainsi \u00e9conomiser \u00e0 notre client la moiti\u00e9 des m\u00e8tres lin\u00e9aires de pieux pour soutenir les r\u00e9servoirs, soit 111 kilom\u00e8tres. Notre approche innovante, gr\u00e2ce \u00e0 des pieux plac\u00e9s dans des \u00ab chaussettes \u00bb remplies d\u2019un mat\u00e9riau insensible \u00e0 l\u2019eau, a permis de ma\u00eetriser les contraintes du sol atypique du permafrost. Pour ce projet, nous avons travaill\u00e9 en r\u00e9seau avec des bureaux d\u2019\u00e9tudes russes et un laboratoire du groupe VINCI en France, pour exp\u00e9rimenter notre solution avant de l\u2019appliquer sur le terrain.<\/em><\/p>\n<p><strong><em>Focus projet Kitimat LNG<\/em><\/strong><\/p>\n<p><em>En Colombie-Britannique (Canada), pour construire un r\u00e9servoir de GNL dans un environnement tr\u00e8s sismique, nous avons optimis\u00e9 le design des fondations en concevant un syst\u00e8me d\u2019inclusions rigides non connect\u00e9es au radier, permettant de simplifier la construction du r\u00e9servoir tout en densifiant le sol et lui conf\u00e9rant ainsi les caract\u00e9ristiques n\u00e9cessaires pour r\u00e9sister aux effets du s\u00e9isme.<\/em><\/p>\n<p>&nbsp;<\/p>\n<p>Notre expertise s\u2019exprime \u00e9galement <strong>pendant la phase de construction de l\u2019ouvrage<\/strong>, avec des missions de d\u00e9finition et interpr\u00e9tation de campagnes g\u00e9otechniques compl\u00e9mentaires, un suivi r\u00e9gulier du chantier, mais aussi des \u00e9tudes d\u2019ex\u00e9cution ou des missions d\u2019expertise confi\u00e9es par les \u00e9quipes du projet sur les sujets suivants : sout\u00e8nements provisoires ou permanents, stabilit\u00e9 des pentes et talus, rabattement de nappe et stabilit\u00e9 des fonds de fouille, consolidation des sols compressibles, densification des sols, calcul et suivi des tassements, dimensionnement g\u00e9otechnique des fondations profondes et superficielles. Cette pr\u00e9sence au plus pr\u00e8s des travaux vient encore renforcer notre savoir-faire, gr\u00e2ce \u00e0 une int\u00e9gration dont b\u00e9n\u00e9ficient nos clients dans nos r\u00e9ponses aux appels d\u2019offres.<\/p>\n<div id=\"attachment_18568\" style=\"width: 1034px\" class=\"wp-caption aligncenter\"><img loading=\"lazy\" decoding=\"async\" aria-describedby=\"caption-attachment-18568\" class=\"wp-image-18568 size-large\" src=\"https:\/\/www.vinci-construction-projets.com\/wp-content\/uploads\/2022\/11\/page-contenus-g\u00e9otechnique-1024x371.png\" alt=\"\" width=\"1024\" height=\"371\" srcset=\"https:\/\/www.vinci-construction-projets.com\/wp-content\/uploads\/2022\/11\/page-contenus-g\u00e9otechnique-1024x371.png 1024w, https:\/\/www.vinci-construction-projets.com\/wp-content\/uploads\/2022\/11\/page-contenus-g\u00e9otechnique-300x109.png 300w, https:\/\/www.vinci-construction-projets.com\/wp-content\/uploads\/2022\/11\/page-contenus-g\u00e9otechnique-768x278.png 768w, https:\/\/www.vinci-construction-projets.com\/wp-content\/uploads\/2022\/11\/page-contenus-g\u00e9otechnique-1440x522.png 1440w, https:\/\/www.vinci-construction-projets.com\/wp-content\/uploads\/2022\/11\/page-contenus-g\u00e9otechnique-400x145.png 400w, https:\/\/www.vinci-construction-projets.com\/wp-content\/uploads\/2022\/11\/page-contenus-g\u00e9otechnique-720x261.png 720w, https:\/\/www.vinci-construction-projets.com\/wp-content\/uploads\/2022\/11\/page-contenus-g\u00e9otechnique-600x217.png 600w, https:\/\/www.vinci-construction-projets.com\/wp-content\/uploads\/2022\/11\/page-contenus-g\u00e9otechnique-590x214.png 590w, https:\/\/www.vinci-construction-projets.com\/wp-content\/uploads\/2022\/11\/page-contenus-g\u00e9otechnique-793x287.png 793w, https:\/\/www.vinci-construction-projets.com\/wp-content\/uploads\/2022\/11\/page-contenus-g\u00e9otechnique-386x140.png 386w, https:\/\/www.vinci-construction-projets.com\/wp-content\/uploads\/2022\/11\/page-contenus-g\u00e9otechnique-780x282.png 780w, https:\/\/www.vinci-construction-projets.com\/wp-content\/uploads\/2022\/11\/page-contenus-g\u00e9otechnique-1325x480.png 1325w, https:\/\/www.vinci-construction-projets.com\/wp-content\/uploads\/2022\/11\/page-contenus-g\u00e9otechnique-966x350.png 966w, https:\/\/www.vinci-construction-projets.com\/wp-content\/uploads\/2022\/11\/page-contenus-g\u00e9otechnique-1200x435.png 1200w, https:\/\/www.vinci-construction-projets.com\/wp-content\/uploads\/2022\/11\/page-contenus-g\u00e9otechnique-285x103.png 285w, https:\/\/www.vinci-construction-projets.com\/wp-content\/uploads\/2022\/11\/page-contenus-g\u00e9otechnique-1022x370.png 1022w\" sizes=\"auto, (max-width: 1024px) 100vw, 1024px\" \/><p id=\"caption-attachment-18568\" class=\"wp-caption-text\">Sout\u00e8nements de la station Nasser du m\u00e9tro du Caire\u00a0 \u00a0 \u00a0 \u00a0 \u00a0 \u00a0 \u00a0 \u00a0 \u00a0 \u00a0 \u00a0 \u00a0 \u00a0 \u00a0 \u00a0 \u00a0 \u00a0 \u00a0 \u00a0 \u00a0 \u00a0 \u00a0 \u00a0 \u00a0 \u00a0 \u00a0 \u00a0 \u00a0 \u00a0 \u00a0 Stabilit\u00e9 des pentes de la Station de Transfert d&rsquo;\u00c9nergie par Pompage (STEP)\u00a0 \u00a0 \u00a0 \u00a0 \u00a0 \u00a0 \u00a0 \u00a0 \u00a0 \u00a0 \u00a0 \u00a0 \u00a0 \u00a0 \u00a0 \u00a0 \u00a0 \u00a0 \u00a0 \u00a0 \u00a0 \u00a0 \u00a0 \u00a0 \u00a0 \u00a0 \u00a0 \u00a0 \u00a0 \u00a0 \u00a0 \u00a0 \u00a0 \u00a0 \u00a0 \u00a0 \u00a0 \u00a0 \u00a0 \u00a0 \u00a0 \u00a0 \u00a0 \u00a0 \u00a0 \u00a0 \u00a0 \u00a0 \u00a0 \u00a0 \u00a0 \u00a0 \u00a0 \u00a0 \u00a0 \u00a0 \u00a0 \u00a0 \u00a0 \u00a0 \u00a0 \u00a0 \u00a0 \u00a0 \u00a0 \u00a0 \u00a0 \u00a0 \u00a0 \u00a0 \u00a0 \u00a0 \u00a0 \u00a0 \u00a0 \u00a0 \u00a0 \u00a0 \u00a0 \u00a0 \u00a0 \u00a0 \u00a0 d&rsquo;Abdelmoumen<\/p><\/div>\n<p class=\"p1\">La g\u00e9otechnique est donc chez VINCI Construction Grands Projets <strong>une science qui s\u2019exerce au quotidien et sur le terrain<\/strong>, en \u00e9troite collaboration avec les \u00e9quipes du chantier, sous un prisme r\u00e9solument op\u00e9rationnel et plac\u00e9e sous les sceaux de l\u2019innovation et de l\u2019optimisation<\/p>\n","protected":false},"excerpt":{"rendered":"<p>L\u2019analyse du sol, le fondement de tout projet Que l\u2019on construise sous ou sur terre, l\u2019analyse du sol est le premier point pris en compte dans la faisabilit\u00e9 d\u2019un projet. De la finesse de l\u2019analyse g\u00e9otechnique d\u00e9pend la ma\u00eetrise des al\u00e9as d\u2019un chantier. Nos \u00e9quipes sp\u00e9cialis\u00e9es peuvent \u00e0 la fois analyser la qualit\u00e9 d\u2019un dossier [&hellip;]<\/p>\n","protected":false},"author":17,"featured_media":0,"parent":1840,"menu_order":0,"comment_status":"closed","ping_status":"closed","template":"","meta":{"_acf_changed":false,"footnotes":""},"class_list":["post-9502","page","type-page","status-publish","hentry"],"acf":[],"_links":{"self":[{"href":"https:\/\/www.vinci-construction-projets.com\/fr\/wp-json\/wp\/v2\/pages\/9502","targetHints":{"allow":["GET"]}}],"collection":[{"href":"https:\/\/www.vinci-construction-projets.com\/fr\/wp-json\/wp\/v2\/pages"}],"about":[{"href":"https:\/\/www.vinci-construction-projets.com\/fr\/wp-json\/wp\/v2\/types\/page"}],"author":[{"embeddable":true,"href":"https:\/\/www.vinci-construction-projets.com\/fr\/wp-json\/wp\/v2\/users\/17"}],"replies":[{"embeddable":true,"href":"https:\/\/www.vinci-construction-projets.com\/fr\/wp-json\/wp\/v2\/comments?post=9502"}],"version-history":[{"count":14,"href":"https:\/\/www.vinci-construction-projets.com\/fr\/wp-json\/wp\/v2\/pages\/9502\/revisions"}],"predecessor-version":[{"id":18573,"href":"https:\/\/www.vinci-construction-projets.com\/fr\/wp-json\/wp\/v2\/pages\/9502\/revisions\/18573"}],"up":[{"embeddable":true,"href":"https:\/\/www.vinci-construction-projets.com\/fr\/wp-json\/wp\/v2\/pages\/1840"}],"wp:attachment":[{"href":"https:\/\/www.vinci-construction-projets.com\/fr\/wp-json\/wp\/v2\/media?parent=9502"}],"curies":[{"name":"wp","href":"https:\/\/api.w.org\/{rel}","templated":true}]}}