{"id":9512,"date":"2017-02-22T16:07:46","date_gmt":"2017-02-22T15:07:46","guid":{"rendered":"http:\/\/vinci-construction-projets.com\/fr\/?page_id=9512"},"modified":"2017-10-20T14:41:33","modified_gmt":"2017-10-20T12:41:33","slug":"structures","status":"publish","type":"page","link":"https:\/\/www.vinci-construction-projets.com\/fr\/nos-savoir-faire\/nos-expertises\/structures\/","title":{"rendered":"\u00c9tudes de structures"},"content":{"rendered":"<h4 class=\"p1\">Des \u00e9tudes de structure en lien direct avec le projet<\/h4>\n<p class=\"p1\">Nos ing\u00e9nieurs sp\u00e9cialis\u00e9s dans les calculs de structures sont int\u00e9gr\u00e9s \u00e0 l\u2019\u00e9quipe d\u2019appel d\u2019offres et en interface directe avec les ing\u00e9nieurs m\u00e9thodes, g\u00e9otechnique ou encore planification. Ce lien fort avec les \u00e9quipes du projet en interne, ainsi que le retour d\u2019exp\u00e9rience des projets pass\u00e9s et en ex\u00e9cution, nous permet de <strong>proposer des variantes en cas de conception-construction<\/strong> ou de <strong>livrer une lecture critique des \u00e9tudes d\u00e9j\u00e0 r\u00e9alis\u00e9es<\/strong> en cas de contrat de construction uniquement. Toute optimisation du design est ainsi assortie d\u2019une analyse du comportement des structures.<span class=\"Apple-converted-space\">\u00a0 \u00a0<\/span><\/p>\n<p class=\"p1\">Nos experts sont par ailleurs des <strong>membres actifs de r\u00e9seaux professionnels<\/strong>, certains sont enseignants en \u00e9coles d\u2019ing\u00e9nieurs et membres d\u2019associations professionnelles. L\u2019entreprise est par exemple membre de l\u2019ASBI (American Segmental Bridge Institute).<\/p>\n<h4 class=\"p1\">Le pilotage des \u00e9tudes<\/h4>\n<p><img loading=\"lazy\" decoding=\"async\" class=\"alignright wp-image-9516 size-full\" src=\"http:\/\/vinci-construction-projets.com\/wp-content\/uploads\/2017\/02\/Newport.jpg\" alt=\"Contournement Newport\" width=\"600\" height=\"340\" srcset=\"https:\/\/www.vinci-construction-projets.com\/wp-content\/uploads\/2017\/02\/Newport.jpg 600w, https:\/\/www.vinci-construction-projets.com\/wp-content\/uploads\/2017\/02\/Newport-300x170.jpg 300w, https:\/\/www.vinci-construction-projets.com\/wp-content\/uploads\/2017\/02\/Newport-400x227.jpg 400w, https:\/\/www.vinci-construction-projets.com\/wp-content\/uploads\/2017\/02\/Newport-503x285.jpg 503w, https:\/\/www.vinci-construction-projets.com\/wp-content\/uploads\/2017\/02\/Newport-386x219.jpg 386w, https:\/\/www.vinci-construction-projets.com\/wp-content\/uploads\/2017\/02\/Newport-353x200.jpg 353w, https:\/\/www.vinci-construction-projets.com\/wp-content\/uploads\/2017\/02\/Newport-285x162.jpg 285w\" sizes=\"auto, (max-width: 600px) 100vw, 600px\" \/>La force de frappe de nos experts internes en \u00e9tudes de structures r\u00e9side \u00e9galement dans leur <strong>capacit\u00e9 \u00e0 organiser et piloter, techniquement et contractuellement, des bureaux d\u2019\u00e9tudes ext\u00e9rieurs<\/strong> pour l\u2019ex\u00e9cution de nos projets, partout dans le monde.<\/p>\n<p class=\"p1\">En cours d\u2019ex\u00e9cution, il arrive parfois que le client soit contraint de modifier le projet : notre \u00e9quipe d\u2019experts internes est alors mobilis\u00e9e imm\u00e9diatement pour r\u00e9aliser ou diligenter les \u00e9tudes structures associ\u00e9es \u00e0 ce changement de projet. La r\u00e9activit\u00e9 et le lien direct avec le chantier assurent dans ce cas une ma\u00eetrise des d\u00e9lais et co\u00fbts associ\u00e9s.<\/p>\n<h6 class=\"p1\">Focus projet Contournement de Newport<\/h6>\n<p class=\"p1\"><em>Au Royaume-Uni, notre groupement d\u00e9veloppe en ECI le projet de <a href=\"http:\/\/vinci-construction-projets.com\/fr\/realisations\/contournement-routier-newport\/\" target=\"_blank\" rel=\"noopener\">contournement de Newport<\/a>, l\u2019autoroute M4. La valeur ajout\u00e9e de nos \u00e9tudes structures internes consiste notamment \u00e0 nous engager sur les quantit\u00e9s pour proposer au client l\u2019offre la plus juste, gr\u00e2ce \u00e0 notre anticipation du d\u00e9roulement du chantier, en prise directe avec le terrain.<\/em><\/p>\n<h4 class=\"p1\">Des outils de calcul d\u00e9velopp\u00e9s en interne<\/h4>\n<p class=\"p1\">D\u00e8s les ann\u00e9es 90, les entreprises qui ont fusionn\u00e9 en 2000 pour donner naissance au groupe VINCI s\u2019\u00e9taient engag\u00e9es dans le d\u00e9veloppement en interne d\u2019outils de calcul et de mod\u00e9lisation. Ces diff\u00e9rentes exp\u00e9riences de d\u00e9veloppement interne ont cr\u00e9\u00e9 dans nos \u00e9quipes une <strong>agilit\u00e9 pour prendre en main rapidement les divers outils<\/strong> propos\u00e9s aujourd\u2019hui par des clients, des partenaires ou des bureaux d\u2019\u00e9tude partout dans le monde.<\/p>\n<p class=\"p1\">Avec la g\u00e9n\u00e9ralisation du d\u00e9veloppement de projets en BIM, nos \u00e9quipes d\u2019ing\u00e9nieurs en structure ont d\u00e9velopp\u00e9 une <strong>comp\u00e9tence particuli\u00e8re dans le calcul des \u00e9carts entre la mod\u00e9lisation de la maquette BIM et celle des calculs structurels<\/strong>.<\/p>\n<h6 class=\"p1\">Focus projet Fondation Louis Vuitton<\/h6>\n<p class=\"p1\"><em>Pour le projet de la Fondation Louis Vuitton \u00e0 Paris, notre \u00e9quipe d\u2019ing\u00e9nieurs structures a \u00e9t\u00e9 sollicit\u00e9e pour un r\u00f4le d\u2019ensemblier du mod\u00e8le \u00e0 partir duquel les travaux ont \u00e9t\u00e9 ex\u00e9cut\u00e9s. Notre agilit\u00e9 \u00e0 travailler sur diff\u00e9rents types de logiciels de calculs et de mod\u00e9lisation nous a permis de proposer une solution de mod\u00e9lisation commune \u00e0 tous les acteurs de ce chantier.<\/em><\/p>\n","protected":false},"excerpt":{"rendered":"<p>Des \u00e9tudes de structure en lien direct avec le projet Nos ing\u00e9nieurs sp\u00e9cialis\u00e9s dans les calculs de structures sont int\u00e9gr\u00e9s \u00e0 l\u2019\u00e9quipe d\u2019appel d\u2019offres et en interface directe avec les ing\u00e9nieurs m\u00e9thodes, g\u00e9otechnique ou encore planification. Ce lien fort avec les \u00e9quipes du projet en interne, ainsi que le retour d\u2019exp\u00e9rience des projets pass\u00e9s et [&hellip;]<\/p>\n","protected":false},"author":17,"featured_media":0,"parent":1840,"menu_order":0,"comment_status":"closed","ping_status":"closed","template":"","meta":{"_acf_changed":false,"footnotes":""},"class_list":["post-9512","page","type-page","status-publish","hentry"],"acf":[],"_links":{"self":[{"href":"https:\/\/www.vinci-construction-projets.com\/fr\/wp-json\/wp\/v2\/pages\/9512","targetHints":{"allow":["GET"]}}],"collection":[{"href":"https:\/\/www.vinci-construction-projets.com\/fr\/wp-json\/wp\/v2\/pages"}],"about":[{"href":"https:\/\/www.vinci-construction-projets.com\/fr\/wp-json\/wp\/v2\/types\/page"}],"author":[{"embeddable":true,"href":"https:\/\/www.vinci-construction-projets.com\/fr\/wp-json\/wp\/v2\/users\/17"}],"replies":[{"embeddable":true,"href":"https:\/\/www.vinci-construction-projets.com\/fr\/wp-json\/wp\/v2\/comments?post=9512"}],"version-history":[{"count":9,"href":"https:\/\/www.vinci-construction-projets.com\/fr\/wp-json\/wp\/v2\/pages\/9512\/revisions"}],"predecessor-version":[{"id":13901,"href":"https:\/\/www.vinci-construction-projets.com\/fr\/wp-json\/wp\/v2\/pages\/9512\/revisions\/13901"}],"up":[{"embeddable":true,"href":"https:\/\/www.vinci-construction-projets.com\/fr\/wp-json\/wp\/v2\/pages\/1840"}],"wp:attachment":[{"href":"https:\/\/www.vinci-construction-projets.com\/fr\/wp-json\/wp\/v2\/media?parent=9512"}],"curies":[{"name":"wp","href":"https:\/\/api.w.org\/{rel}","templated":true}]}}